{"id":151634,"date":"2025-03-25T13:08:16","date_gmt":"2025-03-25T12:08:16","guid":{"rendered":"https:\/\/melvx.my-eliquid.de\/?page_id=151634"},"modified":"2025-04-08T00:18:11","modified_gmt":"2025-04-07T22:18:11","slug":"informationspflicht-gem-art-12-ff-eu-dsgvo","status":"publish","type":"page","link":"https:\/\/my-eliquid.de\/da\/informationspflicht-gem-art-12-ff-eu-dsgvo\/","title":{"rendered":"Oplysningspligt i henhold til artikel 12 ff i EU-GDPR"},"content":{"rendered":"<div class=\"wpb-content-wrapper\"><div class=\"vc_row wpb_row vc_row-fluid\"><div class=\"wpb_column vc_column_container vc_col-sm-12\"><div class=\"vc_column-inner\"><div class=\"wpb_wrapper\">\n\t<div class=\"wpb_text_column wpb_content_element vc_custom_1742904488830 text-larger\" >\n\t\t<div class=\"wpb_wrapper\">\n\t\t\t<div class=\"main\">\n<div class=\"cols-outer\">\n<div class=\"cols\">\n<div class=\"col-main\">\n<div class=\"std\">\n<p>Um unsere Informationspflichten nach den Art. 12 ff. der Datenschutzgrund-verordnung (DSGVO) zu erf\u00fcllen, stellen wir Ihnen nachfolgend hier unsere Informationen zum Datenschutz dar: <strong>Wer ist f\u00fcr Datenverarbeitung verantwortlich?<\/strong> Verantwortlicher im Sinne des Datenschutzrechts ist die\u00a0my-eLiquid @ Markus Steiner &amp; Stephan Steiner GbR &#8211; Adam-Geisler-Stra\u00dfe 3 &#8211; 82140 Olching Zus\u00e4tzliche Informationen zu unserem Unternehmen finden Sie im Impressum der Internetseite: <a href=\"https:\/\/my-eliquid.de\/da\/impressum\/\">https:\/\/www.my-eliquid.de\/impressum\/<\/a> <strong>Zwecke der Verarbeitung und Rechtsgrundlage<\/strong> Ihre von Ihnen an uns \u00fcbermittelten Daten werden von uns grunds\u00e4tzlich nur f\u00fcr die Zwecke verarbeitet, f\u00fcr die sie \u00fcbermittelt oder erhoben wurden. Eine Datenverarbeitung zu anderen Zwecken kommt nur in Betracht, wenn insoweit erforderliche rechtliche Vorgaben gem\u00e4\u00df Art. 6 Abs. 4 DSGVO vorliegen. Etwaige Informationspflichten nach Art. 13 Abs. 3 DSGVO und Art. 14 Abs. 4 DSGVO werden wir in diesen F\u00e4llen entsprechend beachten. Die Rechtsgrundlage f\u00fcr die Verarbeitung Ihrer personenbezogenen Daten ergibt sich aus Art. 6 DSGVO. Es kommen folgende M\u00f6glichkeiten in Betracht:<\/p>\n<ul>\n<li>Einwilligung (Art. 6 Abs. 1 lit. a) DSGVO)<\/li>\n<li>Datenverarbeitung zur Erf\u00fcllung von Vertr\u00e4gen (Art. 6 Abs. 1 lit. b) DSGVO<\/li>\n<li>Datenverarbeitung auf Basis einer Interessenabw\u00e4gung (Art. 6 Abs. 1 lit. f) DSGVO)<\/li>\n<li>Datenverarbeitung zur Erf\u00fcllung einer rechtlichen Verpflichtung (Art. 6 Abs. 1 lit. c) DSGVO)<\/li>\n<\/ul>\n<p>Werden personenbezogene Daten auf Grundlage einer Einwilligung von Ihnen verarbeitet, haben Sie das Recht, die Einwilligung jederzeit uns gegen\u00fcber zu widerrufen. Werden Daten auf Basis einer Interessenabw\u00e4gung verarbeitet, haben Sie als Betroffene\/r das Recht, unter Ber\u00fccksichtigung der Vorgaben aus Art. 21 DSGVO der Verarbeitung der personenbezogenen Daten zu widersprechen. <strong>Dauer der Datenspeicherung<\/strong> Ihre Daten werden von uns verarbeitet, solange dies f\u00fcr den jeweiligen Zweck erforderlich ist. Soweit gesetzliche Aufbewahrungspflichten bestehen, werden die betreffenden personenbezogenen Daten f\u00fcr die Dauer der Aufbewahrungspflicht gespeichert. Nach Ablauf der Aufbewahrungspflicht wird gepr\u00fcft, ob eine weitere Erforderlichkeit f\u00fcr die Verarbeitung vorliegt. Sollte keine weitere Erforderlichkeit gegeben sein, werden die Daten gel\u00f6scht. Sie haben das Recht, Auskunft \u00fcber die bei uns zu Ihrer Person gespeicherten Daten zu erhalten und deren L\u00f6schung oder Einschr\u00e4nkung in der Verarbeitung zu verlangen. <strong>Weitergabe Ihrer Daten an Dritte<\/strong> Die Weitergabe Ihrer personenbezogenen Daten an Dritte findet nur dann statt, wenn dies f\u00fcr die Durchf\u00fchrung des Vertrages mit Ihnen erforderlich ist, die Weitergabe auf Basis einer Interessenabw\u00e4gung i.S.d. Art. 6 Abs. 1 lit. f) DSGVO zul\u00e4ssig ist, eine rechtliche Verpflichtung zur Weitergabe besteht oder Sie hierzu eine Einwilligung erteilt haben. <strong>\u00dcbermittlung an Drittstaaten<\/strong> Wir verarbeiten Ihre personenbezogenen Daten ausschlie\u00dflich in der Bundesrepublik Deutschland. <strong>Information \u00fcber Ihre Rechte als Betroffene<\/strong> Sie haben das Recht auf Auskunft \u00fcber die von uns zu Ihrer Person verarbeiteten personenbezogenen Daten. Je nach Form der Anfrage verlangen wir ggf. zus\u00e4tzliche Nachweise zu Ihrer Identit\u00e4t. Sie haben das Recht auf Berichtigung oder L\u00f6schung oder auf Einschr\u00e4nkung der Verarbeitung Ihrer personenbezogenen Daten, soweit Ihnen dies gesetzlich zusteht. Weiterhin haben Sie ein Widerspruchsrecht gegen die Verarbeitung im Rahmen der gesetzlichen Vorgaben. Gleiches gilt f\u00fcr ein Recht auf Daten\u00fcbertragbarkeit. Sie haben Sie ein Widerspruchsrecht nach Art. 21 Abs. 1 und 2 DSGVO und k\u00f6nnen damit zusammenh\u00e4ngende Einwilligungen jederzeit widerrufen. <strong>Unsere Datenschutzbeauftragte<\/strong> Eine\/e Datenschutzbeauftragte\/r beim Anbieter ist nicht bestellt\/benannt, da die notwendige Verpflichtung hierzu gem. Art. 37 Abs. 1 DSGVO bzw. \u00a7 38 BDSG (neu) nicht gegeben ist. <strong>Beschwerderecht<\/strong> Sie haben das Recht, sich \u00fcber die Verarbeitung personenbezogenen Daten bei der zust\u00e4ndigen Aufsichtsbeh\u00f6rde f\u00fcr den Datenschutz zu beschweren. Die Adresse der f\u00fcr uns zust\u00e4ndigen Stelle lautet: Der Landesbeauftragte f\u00fcr den Datenschutz und die Informationsfreiheit Bayern<\/p>\n<table>\n<tbody>\n<tr>\n<td>Wagm\u00fcllerstra\u00dfe 18, 80538 M\u00fcnchen, Tel. 089 212672-0, Fax<\/td>\n<td>089 212672-50<\/td>\n<\/tr>\n<\/tbody>\n<\/table>\n<p>Email <a href=\"mailto:poststelle@datenschutz-bayern.de\">poststelle@datenschutz-bayern.de<\/a>, Web https:\/\/www.datenschutz-bayern.de\/ Stand: 06.06.2018<\/p>\n<\/div>\n<\/div>\n<\/div>\n<\/div>\n<\/div>\n\n\t\t<\/div>\n\t<\/div>\n<\/div><\/div><\/div><\/div>\n<\/div>","protected":false},"excerpt":{"rendered":"Um unsere Informationspflichten nach den Art. 12 ff. der Datenschutzgrund-verordnung (DSGVO) zu erf\u00fcllen, stellen wir Ihnen nachfolgend hier unsere Informationen","protected":false},"author":1,"featured_media":0,"parent":0,"menu_order":0,"comment_status":"closed","ping_status":"closed","template":"","meta":{"_acf_changed":false,"_relevanssi_hide_post":"","_relevanssi_hide_content":"","_relevanssi_pin_for_all":"","_relevanssi_pin_keywords":"","_relevanssi_unpin_keywords":"","_relevanssi_related_keywords":"","_relevanssi_related_include_ids":"","_relevanssi_related_exclude_ids":"","_relevanssi_related_no_append":"","_relevanssi_related_not_related":"","_relevanssi_related_posts":"","_relevanssi_noindex_reason":"","footnotes":""},"class_list":["post-151634","page","type-page","status-publish","hentry"],"acf":[],"_links":{"self":[{"href":"https:\/\/my-eliquid.de\/da\/wp-json\/wp\/v2\/pages\/151634","targetHints":{"allow":["GET"]}}],"collection":[{"href":"https:\/\/my-eliquid.de\/da\/wp-json\/wp\/v2\/pages"}],"about":[{"href":"https:\/\/my-eliquid.de\/da\/wp-json\/wp\/v2\/types\/page"}],"author":[{"embeddable":true,"href":"https:\/\/my-eliquid.de\/da\/wp-json\/wp\/v2\/users\/1"}],"replies":[{"embeddable":true,"href":"https:\/\/my-eliquid.de\/da\/wp-json\/wp\/v2\/comments?post=151634"}],"version-history":[{"count":0,"href":"https:\/\/my-eliquid.de\/da\/wp-json\/wp\/v2\/pages\/151634\/revisions"}],"wp:attachment":[{"href":"https:\/\/my-eliquid.de\/da\/wp-json\/wp\/v2\/media?parent=151634"}],"curies":[{"name":"wp","href":"https:\/\/api.w.org\/{rel}","templated":true}]}}