{"id":151641,"date":"2025-03-25T13:12:41","date_gmt":"2025-03-25T12:12:41","guid":{"rendered":"https:\/\/melvx.my-eliquid.de\/?page_id=151641"},"modified":"2026-01-05T13:15:22","modified_gmt":"2026-01-05T12:15:22","slug":"zahlung-und-versand","status":"publish","type":"page","link":"https:\/\/my-eliquid.de\/da\/zahlung-und-versand\/","title":{"rendered":"Betaling og forsendelse"},"content":{"rendered":"<div class=\"wpb-content-wrapper\"><div class=\"vc_row wpb_row vc_row-fluid\"><div class=\"wpb_column vc_column_container vc_col-sm-12\"><div class=\"vc_column-inner\"><div class=\"wpb_wrapper\">\n\t<div class=\"wpb_text_column wpb_content_element vc_custom_1767615312667 text-larger\" >\n\t\t<div class=\"wpb_wrapper\">\n\t\t\t<div class=\"main\">\n<div class=\"cols-outer\">\n<div class=\"cols\">\n<div class=\"col-main\">\n<div class=\"std\">\n<p><strong>Betaling og forsendelse<\/strong><\/p>\n<p>F\u00f8lgende betingelser g\u00e6lder:<\/p>\n<p><strong>Betingelser for forsendelse<\/strong><\/p>\n<p>Varerne leveres over hele verden.<\/p>\n<p>Vi sender ikke til f\u00f8lgende udenlandske \u00f8er: USA<\/p>\n<p><strong>Forsendelsesomkostninger<\/strong> (inklusive lovpligtig merv\u00e6rdiafgift)<\/p>\n<p><strong>Indenlandske leverancer (Tyskland):\u00a0<\/strong><\/p>\n<p>Vi opkr\u00e6ver et fast bel\u00f8b p\u00e5 \u20ac 6,90 pr. ordre for forsendelsesomkostninger.<\/p>\n<p>Fra en ordrev\u00e6rdi p\u00e5 50,00 \u20ac leverer vi gratis.<\/p>\n<p><strong>Leveringer til udlandet:<\/strong><\/p>\n<p>Vi beregner forsendelsesomkostningerne til udlandet i henhold til forsendelsesv\u00e6gten og den aktuelle DHL-tabel:<\/p>\n<p><strong>Leveringstider<\/strong><\/p>\n<p>Hvis der ikke er angivet nogen anden periode i det respektive tilbud, leveres varerne i Tyskland inden for 2 - 5 dage, for leverancer i udlandet inden for 2 - 14 dage efter indg\u00e5else af kontrakten (i tilf\u00e6lde af aftalt forudbetaling efter tidspunktet for din betalingsinstruktion).<br \/>\nBem\u00e6rk venligst, at der ikke leveres p\u00e5 s\u00f8n- og helligdage.<br \/>\nHvis du har bestilt varer med forskellige leveringstider, sender vi varerne i en samlet forsendelse, medmindre vi har aftalt andet med dig. I s\u00e5 fald bestemmes leveringstiden af den vare med den l\u00e6ngste leveringstid, som du har bestilt.<\/p>\n<p>Hvis du selv afhenter varerne, informerer vi dig via e-mail, n\u00e5r varerne er klar, og n\u00e5r du kan hente dem. I dette tilf\u00e6lde vil der ikke blive opkr\u00e6vet forsendelsesomkostninger.<\/p>\n<p><strong>Accepterede betalingsmetoder<\/strong><\/p>\n<p><strong>-\u00a0 <\/strong>Kontant betaling ved afhentning<br \/>\n<strong>-\u00a0 <\/strong>Forudbetaling via bankoverf\u00f8rsel (annullering efter 7 arbejdsdage uden modtagelse af betaling)<br \/>\n<strong>-\u00a0 <\/strong>Betaling med kreditkort<br \/>\n<strong>-<\/strong>\u00a0 Betaling via PayPal<br \/>\n<strong>-<\/strong>\u00a0 Betaling via PayPal Express<br \/>\n- Betaling via PayPal (kreditkort, direkte debitering, faktura, hvis relevant)<br \/>\n<strong>-<\/strong><strong>\u00a0 <\/strong>Betaling med \u00f8jeblikkelig bankoverf\u00f8rsel<\/p>\n<p><strong>Yderligere detaljer om betaling<\/strong><\/p>\n<p>Hvis du betaler med kreditkort, vil din kreditkortkonto blive debiteret, n\u00e5r kontrakten indg\u00e5s.<\/p>\n<p><strong>Vores bankoplysninger:<\/strong><\/p>\n<p>Kontohaver: Markus Steiner<br \/>\nKontonummer: 2782990711<br \/>\nBankkode: 10011001<br \/>\nBankens navn: N26 Bank GmbH<br \/>\nIBAN: DE28 1001 1001 2782 9907 11<br \/>\nSWIFT\/BIC: NTSBDEB1XXX<\/p>\n<p>(Efter 7 arbejdsdage annullering uden modtagelse af betaling)<\/p>\n<p>Hvis du har sp\u00f8rgsm\u00e5l, finder du vores kontaktoplysninger i aftrykket.<\/p>\n<\/div>\n<\/div>\n<\/div>\n<\/div>\n<\/div>\n\n\t\t<\/div>\n\t<\/div>\n<\/div><\/div><\/div><\/div>\n<\/div>","protected":false},"excerpt":{"rendered":"Zahlung und Versand Es gelten folgende Bedingungen: Versandbedingungen Die Lieferung der Ware erfolgt weltweit. Keine Versendung erfolgt auf die nachstehenden","protected":false},"author":1,"featured_media":0,"parent":0,"menu_order":0,"comment_status":"closed","ping_status":"closed","template":"","meta":{"_acf_changed":false,"_relevanssi_hide_post":"","_relevanssi_hide_content":"","_relevanssi_pin_for_all":"","_relevanssi_pin_keywords":"","_relevanssi_unpin_keywords":"","_relevanssi_related_keywords":"","_relevanssi_related_include_ids":"","_relevanssi_related_exclude_ids":"","_relevanssi_related_no_append":"","_relevanssi_related_not_related":"","_relevanssi_related_posts":"","_relevanssi_noindex_reason":"","footnotes":""},"class_list":["post-151641","page","type-page","status-publish","hentry"],"acf":[],"_links":{"self":[{"href":"https:\/\/my-eliquid.de\/da\/wp-json\/wp\/v2\/pages\/151641","targetHints":{"allow":["GET"]}}],"collection":[{"href":"https:\/\/my-eliquid.de\/da\/wp-json\/wp\/v2\/pages"}],"about":[{"href":"https:\/\/my-eliquid.de\/da\/wp-json\/wp\/v2\/types\/page"}],"author":[{"embeddable":true,"href":"https:\/\/my-eliquid.de\/da\/wp-json\/wp\/v2\/users\/1"}],"replies":[{"embeddable":true,"href":"https:\/\/my-eliquid.de\/da\/wp-json\/wp\/v2\/comments?post=151641"}],"version-history":[{"count":0,"href":"https:\/\/my-eliquid.de\/da\/wp-json\/wp\/v2\/pages\/151641\/revisions"}],"wp:attachment":[{"href":"https:\/\/my-eliquid.de\/da\/wp-json\/wp\/v2\/media?parent=151641"}],"curies":[{"name":"wp","href":"https:\/\/api.w.org\/{rel}","templated":true}]}}