{"id":155385,"date":"2016-09-22T00:00:00","date_gmt":"2016-09-21T22:00:00","guid":{"rendered":"https:\/\/melvx.my-eliquid.de\/shop\/my-eliquid-sortiment\/ezigaretten-zubehoer\/wickelhilfen-werkzeug\/coil-master-314-clapton-maker-wickelhilfe\/"},"modified":"2025-11-25T13:47:43","modified_gmt":"2025-11-25T12:47:43","slug":"coil-master-314-clapton-maker-wickelhilfe","status":"publish","type":"product","link":"https:\/\/my-eliquid.de\/da\/shop\/coil-master-314-clapton-maker-wickelhilfe\/","title":{"rendered":"Coil Master 314 Clapton Maker"},"content":{"rendered":"<p>Mit der <strong>automatischen<\/strong> <strong>Clapton Coil<\/strong> <strong>Wickelhilfe<\/strong> <strong>Coil Master 314<\/strong> l\u00e4sst sich das Wickeln automatisieren und sorgt bei Dampfern mit jeder <strong>Snoede sig<\/strong> f\u00fcr Qualit\u00e4t.<br \/> Angetrieben wird der <strong>Coil Master 314<\/strong> von einem einzigen 18650 (nicht im Set enthalten).<br \/> <span style=\"line-height: 19px;\">Diese Maschiene hilft Dampfern ihre <strong>Clapton-Dr\u00e4hte<\/strong> im Handumdrehen selbst zu erzeugen.<br \/><\/span>Und so geht es:<br \/> Hauptdraht (Seele) einspannen, \u00e4u\u00dferen Draht einlegen und im warsten sinne des wortes ist es im Handumdrehen geschehen.<\/p>\n<p style=\"line-height: 19px;\">Dieses praktische <strong>Dampfer Werkzeug<\/strong> von Coil Master ist nicht nur f\u00fcr Anf\u00e4nger sondern richtet sich sowohl auch an fortgeschrittene Dampfer. Nun kann man selbst seine Perfekte und ausgefallene <strong>Wicklungen<\/strong> &#8211; mit viel Zeitersparnis und Spa\u00df selbst <strong>fremstille<\/strong>!<\/p>\n<p>Ein Ein\/Aus-Schalter befindet sich an der Unterseite.<br \/> Enthalten sind vier Drahtspannfutter f\u00fcr eine exakte Spulenwicklung.<br \/> Der Kerndraht (Seele) wird in beide Aufnahmen eingesetzt.<br \/> Durch eine beigelegte Zuf\u00fchrung ist eine m\u00fcheloses erzeugen einer Clapton Coil m\u00f6glich.<br \/> Durch die Drahtf\u00fchrung ist ein Verdrehen ausgeschlo\u00dfen und erm\u00f6glicht ein konsistentes, wiederkehrendes und gleichbleibendes Ergebnis.<br \/> Bei jeder neuen Coil.<br \/> Den <strong>Coil Master 314<\/strong> ist f\u00fcr Anf\u00e4nger, Fortgeschrittene und Profis geeignet.<\/p>\n<p>Bauen Sie ihre Claptoncoils einfach selbst und spielen Sie mit neuen kreativen und inovativen Variationen.<\/p>\n<p>Ihre Dampferkollegen werden staunen!<\/p>\n<p><iframe data-src=\"https:\/\/www.youtube.com\/embed\/zjBTnlBtorI\" height=\"240\" width=\"320\" src=\"data:image\/svg+xml;base64,PHN2ZyB3aWR0aD0iMSIgaGVpZ2h0PSIxIiB4bWxucz0iaHR0cDovL3d3dy53My5vcmcvMjAwMC9zdmciPjwvc3ZnPg==\" class=\"lazyload\" data-load-mode=\"1\"><\/iframe><\/p>\n<p><strong>Coil Master 314 Clapton Maker \u00dcbersicht:<\/strong><\/p>\n<ul>\n<li>Klein und Handlich f\u00fcr die Mitnahme geeignet<\/li>\n<li>18650 Batterieaufnahme &#8211; (Nicht im Set enthalten)<\/li>\n<li>Ladestatus &#8211; Rot im Ladezustand \/ Gr\u00fcn wenn Ladevorgang beendet)<\/li>\n<li>Power Motor zum drehen des Kerndrahtes (Seele), Schrittweise \/ Dauerlauf\u00a0<\/li>\n<li>Zwei-Wege Schalter &#8211; Vorw\u00e4rts \u00a0\/ Aus \/ R\u00fcckw\u00e4rts<\/li>\n<li>4 x Drahtspannfutter<\/li>\n<li>1 x Anleitung<\/li>\n<\/ul>\n<div>\u00a0<\/div>\n<p style=\"line-height: 22px;\"><strong>Coil Master 314 Spezifikation:<\/strong><\/p>\n<div>Gr\u00f6\u00dfe: 215mm*100mm*25.5mm<\/div>\n<div>Drahtaufnahme :0.4mm\/0.7mm (Geeignet von 21-32 AWG f\u00fcr den Kerndraht)<\/div>\n<div>3V, 800ma; 150\u00b115 RPM (Umdrehungen pro Minute)<\/div>\n<div>Laufzeit: ca 30h<\/div>\n<div>\u00a0<\/div>\n<div>\u00a0<\/div>\n<div><strong>Im Set enthalten:<br \/><\/strong><\/div>\n<div>\n<ul>\n<li>1 x Coil Master 314 Clapton Maker<\/li>\n<li>4 x Drahtspannfutter<\/li>\n<li>1 x Anleitung<\/li>\n<\/ul>\n<p>\u00a0<\/p>\n<\/div>\n<p><span style=\"border-radius: 2px; text-indent: 20px; width: auto; padding: 0px 4px 0px 0px; text-align: center; font: bold 11px\/20px 'Helvetica Neue',Helvetica,sans-serif; color: #ffffff; background: #bd081c url('data:image\/svg+xml;base64,PHN2ZyB4bWxucz0iaHR0cDovL3d3dy53My5vcmcvMjAwMC9zdmciIGhlaWdodD0iMzBweCIgd2lkdGg9IjMwcHgiIHZpZXdCb3g9Ii0xIC0xIDMxIDMxIj48Zz48cGF0aCBkPSJNMjkuNDQ5LDE0LjY2MiBDMjkuNDQ5LDIyLjcyMiAyMi44NjgsMjkuMjU2IDE0Ljc1LDI5LjI1NiBDNi42MzIsMjkuMjU2IDAuMDUxLDIyLjcyMiAwLjA1MSwxNC42NjIgQzAuMDUxLDYuNjAxIDYuNjMyLDAuMDY3IDE0Ljc1LDAuMDY3IEMyMi44NjgsMC4wNjcgMjkuNDQ5LDYuNjAxIDI5LjQ0OSwxNC42NjIiIGZpbGw9IiNmZmYiIHN0cm9rZT0iI2ZmZiIgc3Ryb2tlLXdpZHRoPSIxIj48L3BhdGg+PHBhdGggZD0iTTE0LjczMywxLjY4NiBDNy41MTYsMS42ODYgMS42NjUsNy40OTUgMS42NjUsMTQuNjYyIEMxLjY2NSwyMC4xNTkgNS4xMDksMjQuODU0IDkuOTcsMjYuNzQ0IEM5Ljg1NiwyNS43MTggOS43NTMsMjQuMTQzIDEwLjAxNiwyMy4wMjIgQzEwLjI1MywyMi4wMSAxMS41NDgsMTYuNTcyIDExLjU0OCwxNi41NzIgQzExLjU0OCwxNi41NzIgMTEuMTU3LDE1Ljc5NSAxMS4xNTcsMTQuNjQ2IEMxMS4xNTcsMTIuODQyIDEyLjIxMSwxMS40OTUgMTMuNTIyLDExLjQ5NSBDMTQuNjM3LDExLjQ5NSAxNS4xNzUsMTIuMzI2IDE1LjE3NSwxMy4zMjMgQzE1LjE3NSwxNC40MzYgMTQuNDYyLDE2LjEgMTQuMDkzLDE3LjY0MyBDMTMuNzg1LDE4LjkzNSAxNC43NDUsMTkuOTg4IDE2LjAyOCwxOS45ODggQzE4LjM1MSwxOS45ODggMjAuMTM2LDE3LjU1NiAyMC4xMzYsMTQuMDQ2IEMyMC4xMzYsMTAuOTM5IDE3Ljg4OCw4Ljc2NyAxNC42NzgsOC43NjcgQzEwLjk1OSw4Ljc2NyA4Ljc3NywxMS41MzYgOC43NzcsMTQuMzk4IEM4Ljc3NywxNS41MTMgOS4yMSwxNi43MDkgOS43NDksMTcuMzU5IEM5Ljg1NiwxNy40ODggOS44NzIsMTcuNiA5Ljg0LDE3LjczMSBDOS43NDEsMTguMTQxIDkuNTIsMTkuMDIzIDkuNDc3LDE5LjIwMyBDOS40MiwxOS40NCA5LjI4OCwxOS40OTEgOS4wNCwxOS4zNzYgQzcuNDA4LDE4LjYyMiA2LjM4NywxNi4yNTIgNi4zODcsMTQuMzQ5IEM2LjM4NywxMC4yNTYgOS4zODMsNi40OTcgMTUuMDIyLDYuNDk3IEMxOS41NTUsNi40OTcgMjMuMDc4LDkuNzA1IDIzLjA3OCwxMy45OTEgQzIzLjA3OCwxOC40NjMgMjAuMjM5LDIyLjA2MiAxNi4yOTcsMjIuMDYyIEMxNC45NzMsMjIuMDYyIDEzLjcyOCwyMS4zNzkgMTMuMzAyLDIwLjU3MiBDMTMuMzAyLDIwLjU3MiAxMi42NDcsMjMuMDUgMTIuNDg4LDIzLjY1NyBDMTIuMTkzLDI0Ljc4NCAxMS4zOTYsMjYuMTk2IDEwLjg2MywyNy4wNTggQzEyLjA4NiwyNy40MzQgMTMuMzg2LDI3LjYzNyAxNC43MzMsMjcuNjM3IEMyMS45NSwyNy42MzcgMjcuODAxLDIxLjgyOCAyNy44MDEsMTQuNjYyIEMyNy44MDEsNy40OTUgMjEuOTUsMS42ODYgMTQuNzMzLDEuNjg2IiBmaWxsPSIjYmQwODFjIj48L3BhdGg+PC9nPjwvc3ZnPg==') no-repeat scroll 3px 50% \/ 14px 14px; position: absolute; opacity: 1; z-index: 8675309; display: none; cursor: pointer;\">Merken<\/span><\/p>","protected":false},"excerpt":{"rendered":"<p>Mit der automatischen Clapton Coil Wickelhilfe Coil Master 314 l\u00e4sst sich das Wickeln automatisieren und sorgt bei Dampfern mit jeder Wicklung f\u00fcr Qualit\u00e4t.<\/p>","protected":false},"featured_media":319480,"comment_status":"open","ping_status":"closed","template":"","meta":{"_acf_changed":false,"_relevanssi_hide_post":"","_relevanssi_hide_content":"","_relevanssi_pin_for_all":"","_relevanssi_pin_keywords":"","_relevanssi_unpin_keywords":"","_relevanssi_related_keywords":"","_relevanssi_related_include_ids":"","_relevanssi_related_exclude_ids":"","_relevanssi_related_no_append":"","_relevanssi_related_not_related":"","_relevanssi_related_posts":"","_relevanssi_noindex_reason":""},"product_brand":[],"product_cat":[4777,4699],"product_tag":[6686,6688,6684,6360,5346,6690,6687,6685,5251,5345,5347,5344,6689],"class_list":{"0":"post-155385","1":"product","2":"type-product","3":"status-publish","4":"has-post-thumbnail","6":"product_cat-wickelhilfen-werkzeug","7":"product_cat-ezigaretten-zubehoer","8":"product_tag-6686","9":"product_tag-alien","10":"product_tag-clapton","11":"product_tag-coil","12":"product_tag-draht","13":"product_tag-fused","14":"product_tag-maker","15":"product_tag-master","16":"product_tag-selbstwickler","17":"product_tag-troepfler","18":"product_tag-watte","19":"product_tag-wickelhilfe","20":"product_tag-wire","21":"product_shipping_class-standard","22":"pa_ageverification-nein","23":"pa_faq-product_hardware_faq","24":"pa_filling_quantity-keineangabe","25":"pa_generate_meta-nein","26":"pa_insi-product_hardware_insi","27":"pa_mixture_ratio-keineangabe","28":"pa_nicotin-n_a","29":"pa_product_suggestion-nein","30":"pa_product_type-8_zubehor","31":"pa_product_weight-4218","32":"pa_weight-0_2","34":"first","35":"outofstock","36":"taxable","37":"shipping-taxable","38":"purchasable","39":"product-type-simple"},"acf":[],"_links":{"self":[{"href":"https:\/\/my-eliquid.de\/da\/wp-json\/wp\/v2\/product\/155385","targetHints":{"allow":["GET"]}}],"collection":[{"href":"https:\/\/my-eliquid.de\/da\/wp-json\/wp\/v2\/product"}],"about":[{"href":"https:\/\/my-eliquid.de\/da\/wp-json\/wp\/v2\/types\/product"}],"replies":[{"embeddable":true,"href":"https:\/\/my-eliquid.de\/da\/wp-json\/wp\/v2\/comments?post=155385"}],"wp:featuredmedia":[{"embeddable":true,"href":"https:\/\/my-eliquid.de\/da\/wp-json\/wp\/v2\/media\/319480"}],"wp:attachment":[{"href":"https:\/\/my-eliquid.de\/da\/wp-json\/wp\/v2\/media?parent=155385"}],"wp:term":[{"taxonomy":"product_brand","embeddable":true,"href":"https:\/\/my-eliquid.de\/da\/wp-json\/wp\/v2\/product_brand?post=155385"},{"taxonomy":"product_cat","embeddable":true,"href":"https:\/\/my-eliquid.de\/da\/wp-json\/wp\/v2\/product_cat?post=155385"},{"taxonomy":"product_tag","embeddable":true,"href":"https:\/\/my-eliquid.de\/da\/wp-json\/wp\/v2\/product_tag?post=155385"}],"curies":[{"name":"wp","href":"https:\/\/api.w.org\/{rel}","templated":true}]}}