{"id":156698,"date":"2018-04-13T00:00:00","date_gmt":"2018-04-12T22:00:00","guid":{"rendered":"https:\/\/melvx.my-eliquid.de\/shop\/my-eliquid-sortiment\/ezigaretten-zubehoer\/flaschen-aufbewahrung\/dickes-einhorn-liquid-flasche-60ml-selbst-mischen\/"},"modified":"2026-03-16T09:37:44","modified_gmt":"2026-03-16T08:37:44","slug":"dickes-einhorn-liquid-flasche-60ml-selbst-mischen","status":"publish","type":"product","link":"https:\/\/my-eliquid.de\/da\/shop\/dickes-einhorn-liquid-flasche-60ml-selbst-mischen\/","title":{"rendered":"Thick Unicorn | Flydende flaske 60 ml"},"content":{"rendered":"<p>Dickes-Einhorn-60ml-Flasche<\/p>\n<p>Ziel Des Dicken Einhorn ist eine handliche, leicht dr\u00fcckbare und in ihrer Bauform niedrige Form.<\/p>\n<p>Eigenschaften:<\/p>\n<p><span>&#8211; Siegelerschluss (Tamper Ring)<br \/><\/span>&#8211; Eingebauter Kindersicherungsverschluss<br \/>&#8211; PET Flasche (Lebensmittelecht)<br \/>&#8211; Schmale\/Lange Bef\u00fcllspitze f\u00fcr die g\u00e4ngigsten Depots<br \/>&#8211; BruchsicherDer Platzhirsch im Flaschenbereich nun endlich auch in Deutschland erh\u00e4ltlich!<\/p>\n<p><span>Bald auch in 30ml und 120ml verf\u00fcgbar.<\/span><\/p>","protected":false},"excerpt":{"rendered":"<p><strong>Flydende flaske 60 ml.<\/strong> Den fede enhj\u00f8rning <strong>Dr\u00e5beflaske 60 ml<\/strong> med drypdispenser og h\u00e6tte. Ideel til p\u00e5fyldning af blandede <strong>V\u00e6sker fremstillet af base og aroma<\/strong>.<\/p>","protected":false},"featured_media":319411,"comment_status":"open","ping_status":"closed","template":"","meta":{"_acf_changed":false,"_relevanssi_hide_post":"","_relevanssi_hide_content":"","_relevanssi_pin_for_all":"","_relevanssi_pin_keywords":"","_relevanssi_unpin_keywords":"","_relevanssi_related_keywords":"","_relevanssi_related_include_ids":"","_relevanssi_related_exclude_ids":"","_relevanssi_related_no_append":"","_relevanssi_related_not_related":"","_relevanssi_related_posts":"","_relevanssi_noindex_reason":""},"product_brand":[],"product_cat":[4717,4699],"product_tag":[5601,4983,4982],"class_list":{"0":"post-156698","1":"product","2":"type-product","3":"status-publish","4":"has-post-thumbnail","6":"product_cat-flaschen-aufbewahrung","7":"product_cat-ezigaretten-zubehoer","8":"product_tag-dickes-einhorn-60ml-flasche","9":"product_tag-flaschen","10":"product_tag-zubehoer","11":"product_shipping_class-standard","12":"pa_ageverification-nein","13":"pa_country_of_manufacture-de","14":"pa_filling_quantity-60ml","15":"pa_generate_meta-nein","16":"pa_product_suggestion-nein","17":"pa_product_type-8_zubehor","18":"pa_product_weight-4218","19":"pa_weight-0_02","21":"first","22":"instock","23":"taxable","24":"shipping-taxable","25":"purchasable","26":"product-type-simple"},"acf":[],"_links":{"self":[{"href":"https:\/\/my-eliquid.de\/da\/wp-json\/wp\/v2\/product\/156698","targetHints":{"allow":["GET"]}}],"collection":[{"href":"https:\/\/my-eliquid.de\/da\/wp-json\/wp\/v2\/product"}],"about":[{"href":"https:\/\/my-eliquid.de\/da\/wp-json\/wp\/v2\/types\/product"}],"replies":[{"embeddable":true,"href":"https:\/\/my-eliquid.de\/da\/wp-json\/wp\/v2\/comments?post=156698"}],"wp:featuredmedia":[{"embeddable":true,"href":"https:\/\/my-eliquid.de\/da\/wp-json\/wp\/v2\/media\/319411"}],"wp:attachment":[{"href":"https:\/\/my-eliquid.de\/da\/wp-json\/wp\/v2\/media?parent=156698"}],"wp:term":[{"taxonomy":"product_brand","embeddable":true,"href":"https:\/\/my-eliquid.de\/da\/wp-json\/wp\/v2\/product_brand?post=156698"},{"taxonomy":"product_cat","embeddable":true,"href":"https:\/\/my-eliquid.de\/da\/wp-json\/wp\/v2\/product_cat?post=156698"},{"taxonomy":"product_tag","embeddable":true,"href":"https:\/\/my-eliquid.de\/da\/wp-json\/wp\/v2\/product_tag?post=156698"}],"curies":[{"name":"wp","href":"https:\/\/api.w.org\/{rel}","templated":true}]}}