{"id":157551,"date":"2018-11-15T00:00:00","date_gmt":"2018-11-14T23:00:00","guid":{"rendered":"https:\/\/melvx.my-eliquid.de\/shop\/my-eliquid-sortiment\/diy-liquid-basen\/liquid-basis-fertigmischung\/nikotin-shot-3mg-20mg-10ml\/"},"modified":"2026-04-14T08:37:35","modified_gmt":"2026-04-14T06:37:35","slug":"nikotin-shot-3mg-20mg-10ml","status":"publish","type":"product","link":"https:\/\/my-eliquid.de\/da\/shop\/nikotin-shot-3mg-20mg-10ml\/","title":{"rendered":"Nikotin Shots 3 mg \u2013 18 mg"},"content":{"rendered":"<p>Flydende nikotinshot med 3, 6, 9, 12, 18 eller 20 mg nikotin!<\/p>\n<p>Det anbefales kun at bruge produktet, hvis man er erfaren og \u00f8vet.<\/p>\n<p><strong>Produkter  fra 18 mg tilbydes til blandinger eller til fortynding, ikke til direkte forbrug.<\/strong><\/p>\n<p>Advarsel!!! Opbevares utilg\u00e6ngeligt for b\u00f8rn!!!<\/p>\n<p>Juridiske oplysninger om brugen<br \/>\nDisse artikler er juridisk set kemikalier. Disse kemikalier anvendes til fremstilling af <strong>P\u00e5fyldningsv\u00e6sker eller eLiquids<\/strong> . Disse kemikalier tilbydes og s\u00e6lges kun til kyndige k\u00f8bere til dette form\u00e5l. Den korrekte anvendelse er k\u00f8bers ansvar.<\/p>\n<p>Disse kemikalier er ikke l\u00e6gemidler eller f\u00f8devarer og er i den form, vi tilbyder dem, ikke beregnet til indtagelse af slutbrugere. Vi giver heller ingen bindende tilberednings- eller <strong>Doseringsvejledning<\/strong>. Brug og indtagelse sker p\u00e5 eget ansvar.<\/p>\n<p>my-eLiquid er ikke ansvarlig for sundhedsskader, f.eks. som f\u00f8lge af forkert brug.<\/p>\n<p>Disse varer m\u00e5 kun bestilles, hvis k\u00f8beren har den n\u00f8dvendige <strong>Erfaring<\/strong> i h\u00e5ndtering af disse kemikalier og r\u00e5varer.<\/p>\n<p><strong>Forklaring:<br \/>\n<\/strong><br \/>\nPG:\u00a0<strong>1,2-propylenglycol<\/strong> (PG) E1520 (Ph. Eur.) ren<br \/>\nVG:\u00a0<strong>rent vegetabilsk glycerin<\/strong> (VG) E422 (DAB), CAS-nr. Betegnelse 56-81-5 <strong>glycerin<\/strong> 99,5%<\/p>\n<p>Valgfrit:<\/p>\n<p>Vand: \u00a0<strong>Aqua Purificata<\/strong> Ph.Eur. \/ Bidest<\/p>\n<p><strong>\u00a0<\/strong><\/p>","protected":false},"excerpt":{"rendered":"<p>V\u00e6lg det \u00f8nskede blandingsforhold og den \u00f8nskede nikotinstyrke for at blande dine egne e-v\u00e6sker til en fordelagtig pris. En flydende nikotinshot indeholder 10 ml ren base med nikotin UDEN AROMA.<\/p>","protected":false},"featured_media":319415,"comment_status":"open","ping_status":"closed","template":"","meta":{"_acf_changed":false,"_relevanssi_hide_post":"","_relevanssi_hide_content":"","_relevanssi_pin_for_all":"","_relevanssi_pin_keywords":"","_relevanssi_unpin_keywords":"","_relevanssi_related_keywords":"","_relevanssi_related_include_ids":"","_relevanssi_related_exclude_ids":"","_relevanssi_related_no_append":"","_relevanssi_related_not_related":"","_relevanssi_related_posts":"","_relevanssi_noindex_reason":""},"product_brand":[4564],"product_cat":[4732,4695,4700,4735],"product_tag":[6716,5124,6717,5411,6712,5805,5792,5811,5812,5813],"class_list":{"0":"post-157551","1":"product","2":"type-product","3":"status-publish","4":"has-post-thumbnail","6":"product_brand-my-eliquid","7":"product_cat-alle-basen-fur-liquids","8":"product_cat-diy-liquid-basen","9":"product_cat-liquid-basis-fertigmischung","10":"product_cat-nikotin-shots","11":"product_tag-alle","12":"product_tag-basen","13":"product_tag-diy","14":"product_tag-e-zigaretten","15":"product_tag-fuer","16":"product_tag-liquid","17":"product_tag-liquids","18":"product_tag-nikotin","19":"product_tag-shot","20":"product_tag-shots","21":"product_shipping_class-standard","22":"pa_ageverification-ja","23":"pa_country_of_manufacture-de","24":"pa_filling_quantity-10ml","25":"pa_flasche-8b-10mltropferflaschemitfeine","26":"pa_generate_meta-nein","27":"pa_ghs_gefahrenbezeichnung-giftig","28":"pa_ghs_hsatz-h301giftigbeiverschlucken_","29":"pa_ghs_signalwort-achtung","30":"pa_ghs_signalwort-gefahr","31":"pa_info1-14-product_basen_kurzbeschrei","32":"pa_info2-68-product_base_beschreibung_","33":"pa_is_product_configurable-ja","34":"pa_manufacturer-my_eliquid","35":"pa_mindesthaltbarkeit-24monate","36":"pa_mixture_ratio-pg30_vg70pinoy","37":"pa_mixture_ratio-pg50_vg50","38":"pa_mixture_ratio-pg55_vg35_wasser10","39":"pa_mixture_ratio-vg80_wasser20","40":"pa_mixture_ratio-vg90_pg10cloudchaserdripper","41":"pa_nicotin-12mg","42":"pa_nicotin-18mg","43":"pa_nicotin-20mg","44":"pa_nicotin-3mg","45":"pa_nicotin-6mg","46":"pa_nicotin-9mg","47":"pa_product_suggestion-nein","48":"pa_product_type-1_nikotin_shots_eigenprodukt","49":"pa_product_weight-4217","50":"pa_special_products-neu","52":"first","53":"instock","54":"taxable","55":"shipping-taxable","56":"purchasable","57":"product-type-variable"},"acf":[],"_links":{"self":[{"href":"https:\/\/my-eliquid.de\/da\/wp-json\/wp\/v2\/product\/157551","targetHints":{"allow":["GET"]}}],"collection":[{"href":"https:\/\/my-eliquid.de\/da\/wp-json\/wp\/v2\/product"}],"about":[{"href":"https:\/\/my-eliquid.de\/da\/wp-json\/wp\/v2\/types\/product"}],"replies":[{"embeddable":true,"href":"https:\/\/my-eliquid.de\/da\/wp-json\/wp\/v2\/comments?post=157551"}],"wp:featuredmedia":[{"embeddable":true,"href":"https:\/\/my-eliquid.de\/da\/wp-json\/wp\/v2\/media\/319415"}],"wp:attachment":[{"href":"https:\/\/my-eliquid.de\/da\/wp-json\/wp\/v2\/media?parent=157551"}],"wp:term":[{"taxonomy":"product_brand","embeddable":true,"href":"https:\/\/my-eliquid.de\/da\/wp-json\/wp\/v2\/product_brand?post=157551"},{"taxonomy":"product_cat","embeddable":true,"href":"https:\/\/my-eliquid.de\/da\/wp-json\/wp\/v2\/product_cat?post=157551"},{"taxonomy":"product_tag","embeddable":true,"href":"https:\/\/my-eliquid.de\/da\/wp-json\/wp\/v2\/product_tag?post=157551"}],"curies":[{"name":"wp","href":"https:\/\/api.w.org\/{rel}","templated":true}]}}