{"id":157794,"date":"2019-03-13T00:00:00","date_gmt":"2019-03-12T23:00:00","guid":{"rendered":"https:\/\/melvx.my-eliquid.de\/aroma-shop\/aromen\/mel-fill-up-blueraspberry-slush-12ml-aroma\/"},"modified":"2025-11-25T13:47:28","modified_gmt":"2025-11-25T12:47:28","slug":"mel-fill-up-blueraspberry-slush-12ml-aroma","status":"publish","type":"product","link":"https:\/\/my-eliquid.de\/da\/shop\/mel-fill-up-blueraspberry-slush-12ml-aroma\/","title":{"rendered":"Blue Raspberry Slush | 10 ml | Fill Up"},"content":{"rendered":"<p>Med vores nye Fill Up-smag er n\u00e6sten alle dine \u00f8nsker nu blevet opfyldt!<\/p>\n<p>Og nu til <strong>Smagen af bl\u00e5 hindb\u00e6rslush Fill Up:<\/strong><\/p>\n<p><strong>Hvis du endnu ikke har fundet din ALL DAY LIQUID, s\u00e5 har vi blandet den til dig!<\/strong><\/p>\n<p>En n\u00e6sten for perfekt blanding, som simpelthen altid passer.<\/p>\n<p>Frugtagtig, let s\u00f8d med en mild, k\u00f8lende note.\u00a0<\/p>\n<p>Du har aldrig haft mere forn\u00f8jelse <strong>dampet!<\/strong><\/p>\n<p><strong>En vidunderlig komposition i det bedste alternativ.<\/strong><\/p>\n<p><strong>Det er op til dig, hvilken base du fylder op. Der skal bruges 48 ml base.<\/strong><\/p>\n<p>Enten 1x vores pakketilbud eller blot k\u00f8be en zero base, fylde op, ryste og s\u00e5 er du f\u00e6rdig <strong>60 ml f\u00e6rdiglavet<\/strong> l\u00e6kker <strong>Flydende!<\/strong><\/p>\n<p><strong>Leveringsomfang:<\/strong><\/p>\n<p><strong>1x 12 ml Blue Raspberry Slush-smag i 60 ml Chubby-flaske<\/strong><\/p>","protected":false},"excerpt":{"rendered":"<p>Hvis du <strong>DIN ALL DAY LIQUID<\/strong> endnu ikke har fundet det, s\u00e5 har vi nu blandet det til dig! Vores <strong>Bl\u00e5 hindb\u00e6rslush, fyld op!<\/strong><\/p>","protected":false},"featured_media":319755,"comment_status":"open","ping_status":"closed","template":"","meta":{"_acf_changed":false,"_relevanssi_hide_post":"","_relevanssi_hide_content":"","_relevanssi_pin_for_all":"","_relevanssi_pin_keywords":"","_relevanssi_unpin_keywords":"","_relevanssi_related_keywords":"","_relevanssi_related_include_ids":"","_relevanssi_related_exclude_ids":"","_relevanssi_related_no_append":"","_relevanssi_related_not_related":"","_relevanssi_related_posts":"","_relevanssi_noindex_reason":""},"product_brand":[4564],"product_cat":[4733,4701,4702,4845,4792,4722,4843,4712],"product_tag":[1399,6953,5885,7252,6991,7253,5805,5096,6992,7254],"class_list":{"0":"post-157794","1":"product","2":"type-product","3":"status-publish","4":"has-post-thumbnail","6":"product_brand-my-eliquid","7":"product_cat-alle-aromen","8":"product_cat-aromen","9":"product_cat-drinks-aromen-liquid-e-zigarette","10":"product_cat-fill-up-aroma","11":"product_cat-neue-aromen","12":"product_cat-neuheiten","13":"product_cat-on-rop","14":"product_cat-special-aromen-liquid-e-zigarette","15":"product_tag-aroma","16":"product_tag-blue","17":"product_tag-blueraspberry","18":"product_tag-do","19":"product_tag-fill","20":"product_tag-it","21":"product_tag-liquid","22":"product_tag-raspberry","23":"product_tag-up","24":"product_tag-yourself","25":"product_shipping_class-standard","26":"pa_ageverification-ja","27":"pa_country_of_manufacture-de","28":"pa_faq-product_aroma_faq","29":"pa_filling_quantity-10ml","30":"pa_flavour_art-frucht","31":"pa_generate_meta-nein","32":"pa_ghs_gefahrenbezeichnung-achtung","33":"pa_ghs_hsatz-ba-h302gesundheitsschadlichbe","34":"pa_ghs_hsatz-34-h319verursachtschwereaugen","35":"pa_ghs_hsatz-h335kanndieatemwegereizen_","36":"pa_ghs_signalwort-achtung","37":"pa_info1-e7-product_aroma_kurzbeschrei","38":"pa_info2-product_aroma_beschreibung","39":"pa_manufacturer-my_eliquid","40":"pa_mindesthaltbarkeit-24monate","41":"pa_product_suggestion-nein","42":"pa_product_type-11_fillup_eigenprodukte","43":"pa_product_weight-4217","44":"pa_special_products-neu","45":"pa_weight-0_04","47":"first","48":"outofstock","49":"taxable","50":"shipping-taxable","51":"purchasable","52":"product-type-simple"},"acf":[],"_links":{"self":[{"href":"https:\/\/my-eliquid.de\/da\/wp-json\/wp\/v2\/product\/157794","targetHints":{"allow":["GET"]}}],"collection":[{"href":"https:\/\/my-eliquid.de\/da\/wp-json\/wp\/v2\/product"}],"about":[{"href":"https:\/\/my-eliquid.de\/da\/wp-json\/wp\/v2\/types\/product"}],"replies":[{"embeddable":true,"href":"https:\/\/my-eliquid.de\/da\/wp-json\/wp\/v2\/comments?post=157794"}],"wp:featuredmedia":[{"embeddable":true,"href":"https:\/\/my-eliquid.de\/da\/wp-json\/wp\/v2\/media\/319755"}],"wp:attachment":[{"href":"https:\/\/my-eliquid.de\/da\/wp-json\/wp\/v2\/media?parent=157794"}],"wp:term":[{"taxonomy":"product_brand","embeddable":true,"href":"https:\/\/my-eliquid.de\/da\/wp-json\/wp\/v2\/product_brand?post=157794"},{"taxonomy":"product_cat","embeddable":true,"href":"https:\/\/my-eliquid.de\/da\/wp-json\/wp\/v2\/product_cat?post=157794"},{"taxonomy":"product_tag","embeddable":true,"href":"https:\/\/my-eliquid.de\/da\/wp-json\/wp\/v2\/product_tag?post=157794"}],"curies":[{"name":"wp","href":"https:\/\/api.w.org\/{rel}","templated":true}]}}