{"id":159567,"date":"2023-07-19T00:00:00","date_gmt":"2023-07-18T22:00:00","guid":{"rendered":"https:\/\/melvx.my-eliquid.de\/shop\/my-eliquid-sortiment\/liquids\/frucht-liquids-e-zigarette\/cherry-cola-nicsalz-liquid\/"},"modified":"2025-12-15T08:36:22","modified_gmt":"2025-12-15T07:36:22","slug":"cherry-cola-nicsalz-liquid","status":"publish","type":"product","link":"https:\/\/my-eliquid.de\/da\/shop\/cherry-cola-nicsalz-liquid\/","title":{"rendered":"Cherry Cola nikotinsaltv\u00e6ske"},"content":{"rendered":"<p><span>Tauchen Sie ein in die k\u00f6stliche Welt unserer <strong>Kirseb\u00e6r Cola<\/strong> for <strong>e-cigaretter<\/strong>. Dieses Premium-Nikotinsalz-E-Liquid bietet den unverwechselbaren Geschmack von erfrischender Cola, perfekt abgerundet mit dem s\u00fc\u00dfen Aroma reifer Kirschen. Jeder Zug ist eine Einladung, sich zur\u00fcckzulehnen und den s\u00fc\u00dfen, spritzigen Geschmack zu genie\u00dfen, der an hei\u00dfe Sommertage und k\u00fchle Abende erinnert.<\/span><\/p>\n<p><span>Unsere Cherry Cola ist mehr als nur ein E-Liquid &#8211; es ist eine Geschmackserfahrung. Die S\u00fc\u00dfe der Kirsche und die prickelnde Cola verschmelzen zu einer perfekten Harmonie, die Ihre Geschmacksknospen bei jedem Zug erfreut. Angereichert mit Nikotinsalz, bietet dieses E-Liquid eine befriedigende Nikotinabgabe und einen sanften Throat-Hit, der sowohl f\u00fcr Anf\u00e4nger als auch f\u00fcr erfahrene Dampfer geeignet ist.<\/span><\/p>\n<p><span>Ob Sie ein Fan von s\u00fc\u00dfen Fr\u00fcchten oder klassischen Getr\u00e4nkearomen sind, unsere Cherry Cola f\u00fcr eZigaretten ist die perfekte Wahl. Genie\u00dfen Sie den Geschmack, der Sie an Ihre Lieblingslimonade erinnert, jetzt in Ihrem Dampfger\u00e4t. Probieren Sie es heute aus und lassen Sie sich von diesem einzigartigen Geschmackserlebnis verzaubern.<\/span><\/p>\n<p><strong>Inhalt der e-Liquid Geschmacksrichtung &#8211; &#8220;Cherry Cola &#8220;:<\/strong>\u00a0\u00a0 \u00a0Propylenglycol (<strong>PG<\/strong>) E1520 (Ph. Eur.), <strong>rent vegetabilsk glycerin<\/strong> (VG) E422 (<strong>DAB<\/strong>), Aromen, auf Wunsch auch Bestellung <strong>mit Nikotinsalz<\/strong> in verschiedenen <strong>St\u00e4rken<\/strong>.<\/p>\n<p><strong><span>Nikotinsalz E-Liquids zum Nachf\u00fcllen von E-Zigaretten. Nikotinsalze sind bei der Inhalation wesentlich geschmacksneutraler und sanfter, sodass die sonst \u00fcbliche scharfe bittere Note entf\u00e4llt und der Hustenreiz nahezu nicht vorhanden ist.<\/span><\/strong><\/p>","protected":false},"excerpt":{"rendered":"<p><span>Oplev en s\u00f8d smagseksplosion med vores Cherry Cola til e-cigaretter. Den perfekte blanding af klassisk cola og saftige kirseb\u00e6r, beriget med nikotinsalt, giver en uforlignelig dampoplevelse.<\/span><\/p>","protected":false},"featured_media":319760,"comment_status":"open","ping_status":"closed","template":"","meta":{"_acf_changed":false,"_relevanssi_hide_post":"","_relevanssi_hide_content":"","_relevanssi_pin_for_all":"","_relevanssi_pin_keywords":"","_relevanssi_unpin_keywords":"","_relevanssi_related_keywords":"","_relevanssi_related_include_ids":"","_relevanssi_related_exclude_ids":"","_relevanssi_related_no_append":"","_relevanssi_related_not_related":"","_relevanssi_related_posts":"","_relevanssi_noindex_reason":""},"product_brand":[4564],"product_cat":[4731,4690,4880,4904,4791,4693],"product_tag":[4999,4919,4915,4914,5075,6508,6511,6509,6510,6512,6526,4920],"class_list":{"0":"post-159567","1":"product","2":"type-product","3":"status-publish","4":"has-post-thumbnail","6":"product_brand-my-eliquid","7":"product_cat-alle-liquids-fur-e-zigaretten","8":"product_cat-frucht-liquids-e-zigarette","9":"product_cat-liquids-ohne-sucralose","10":"product_cat-my-eliquid-nikotinsalz-liquid","11":"product_cat-neue-liquids","12":"product_cat-special-liquids-e-zigarette","13":"product_tag-cola","14":"product_tag-dampfer","15":"product_tag-e-liquid","16":"product_tag-eliquid","17":"product_tag-kirsche","18":"product_tag-liquidsalz","19":"product_tag-nicsalt","20":"product_tag-nicsalz","21":"product_tag-nikotinsalz","22":"product_tag-salt","23":"product_tag-sueskirsche","24":"product_tag-verdampfer","25":"product_shipping_class-standard","26":"pa_ageverification-ja","27":"pa_country_of_manufacture-de","28":"pa_faq-product_liquid_faq","29":"pa_filling_quantity-10ml","30":"pa_flasche-a8-tropferflaschemitsicherhei","31":"pa_flavour_art-frucht","32":"pa_generate_meta-nein","33":"pa_herkunftsland-16-unsererohstoffebeziehenwir","34":"pa_info1-49-product_liquid_kurzbeschre","35":"pa_info2-product_liquid_beschreibung","36":"pa_ingredients-a7-1_2_propandiol_propylengly","37":"pa_insi-product_liquid_insi","38":"pa_is_product_configurable-ja","39":"pa_manufacturer-my_eliquid","40":"pa_mindesthaltbarkeit-24monate","41":"pa_mixture_ratio-pg50_vg50","42":"pa_nicotin-10mg","43":"pa_nicotin-20mg","44":"pa_product_suggestion-nein","45":"pa_product_type-2_eliquid_eigenprodukt","46":"pa_product_weight-4218","47":"pa_special_products-neu","49":"first","50":"instock","51":"taxable","52":"shipping-taxable","53":"purchasable","54":"product-type-variable"},"acf":[],"_links":{"self":[{"href":"https:\/\/my-eliquid.de\/da\/wp-json\/wp\/v2\/product\/159567","targetHints":{"allow":["GET"]}}],"collection":[{"href":"https:\/\/my-eliquid.de\/da\/wp-json\/wp\/v2\/product"}],"about":[{"href":"https:\/\/my-eliquid.de\/da\/wp-json\/wp\/v2\/types\/product"}],"replies":[{"embeddable":true,"href":"https:\/\/my-eliquid.de\/da\/wp-json\/wp\/v2\/comments?post=159567"}],"wp:featuredmedia":[{"embeddable":true,"href":"https:\/\/my-eliquid.de\/da\/wp-json\/wp\/v2\/media\/319760"}],"wp:attachment":[{"href":"https:\/\/my-eliquid.de\/da\/wp-json\/wp\/v2\/media?parent=159567"}],"wp:term":[{"taxonomy":"product_brand","embeddable":true,"href":"https:\/\/my-eliquid.de\/da\/wp-json\/wp\/v2\/product_brand?post=159567"},{"taxonomy":"product_cat","embeddable":true,"href":"https:\/\/my-eliquid.de\/da\/wp-json\/wp\/v2\/product_cat?post=159567"},{"taxonomy":"product_tag","embeddable":true,"href":"https:\/\/my-eliquid.de\/da\/wp-json\/wp\/v2\/product_tag?post=159567"}],"curies":[{"name":"wp","href":"https:\/\/api.w.org\/{rel}","templated":true}]}}