{"id":300308,"date":"2020-09-18T00:00:00","date_gmt":"2020-09-17T22:00:00","guid":{"rendered":"https:\/\/my-eliquid.de\/shop\/nikotin-shots-20mg-10ml\/"},"modified":"2026-04-10T09:10:29","modified_gmt":"2026-04-10T07:10:29","slug":"nikotin-shots-20mg-10ml","status":"publish","type":"product","link":"https:\/\/my-eliquid.de\/da\/shop\/nikotin-shots-20mg-10ml\/","title":{"rendered":"Nikotin Shots | 20 mg | 10 ml"},"content":{"rendered":"<p><strong>Liquid Nikotin Shot mit 20 mg Nikotin!<\/strong> Suchen Sie sich Ihre gew\u00fcnschtes Mischverh\u00e4ltnis aus und und mischen Sie los!<\/p>\n<p><strong>Haben Sie noch 0mg Base zur Hand?<\/strong>\u00a0Einfach\u00a0<strong>Shots<\/strong>\u00a0K\u00f8b det, og du f\u00e5r det, du \u00f8nsker.\u00a0<strong>nikotin<\/strong>\u00a0styrke!<\/p>\n<p><strong>Dieser Artikel wird f\u00fcr Mischungen oder, um diese zu verd\u00fcnnen angeboten, nicht f\u00fcr den unmittelbaren gebrauch.<\/strong><\/p>\n<p>Als Beispiele:<\/p>\n<p>100 ml <strong>0mg Base<\/strong> + 2 x 10 ml <strong>20 mg nikotin shot\u00a0<\/strong>= <strong>120ml 3 mg Base<\/strong> (200\u00a0ml\u00a00mg Base\u00a0+ 4 x\u00a020mg Nikotin Shot\u00a0= 240ml 3 mg Base Usw..)<\/p>\n<p>eller<\/p>\n<p>100 ml <strong>0mg Base<\/strong> + 4 x 10 ml\u00a0<strong>20 mg nikotin shot\u00a0<\/strong>= <strong>140ml 6 mg Base<\/strong>\u00a0(200\u00a0ml\u00a00mg Base\u00a0+ 8 x\u00a020mg Nikotin Shot\u00a0= 280ml 6 mg Base Usw..)<\/p>\n<p>eller<\/p>\n<p>100 ml<strong><strong><strong><strong>\u00a00mg Base<\/strong>\u00a0+<\/strong><\/strong><\/strong>9 x 10 ml\u00a0\u00a0<strong><strong><strong><strong>20 mg nikotin shot\u00a0<\/strong>=\u00a0<strong>190ml 9 mg Base<\/strong>\u00a0<\/strong><\/strong><\/strong>(200\u00a0ml\u00a00mg Base\u00a0+ 18 x\u00a020mg Nikotin Shot\u00a0= 380ml 9 mg Base Usw..)<\/p>\n<p>eller<\/p>\n<p>100 ml\u00a0<strong>0mg Base<\/strong>\u00a0+8 x 10 ml<strong>\u00a020 mg nikotin shot\u00a0<\/strong>=\u00a0<strong>180ml 12 mg Base\u00a0<\/strong>(200\u00a0ml\u00a00mg Base\u00a0+ 16 x\u00a020mg Nikotin Shot\u00a0= 360ml 12 mg Base Usw..)<\/p>\n<p>eller<\/p>\n<p>100 ml<strong><strong><strong><strong>\u00a00mg Base<\/strong>\u00a0+<\/strong><\/strong><\/strong>18\u00a0x 10 ml\u00a0\u00a0<strong><strong><strong><strong>20 mg nikotin shot\u00a0<\/strong>= 28<strong>0ml 18 mg Base<\/strong>\u00a0<\/strong><\/strong><\/strong>(200\u00a0ml\u00a00mg Base\u00a0+ 36 x\u00a020mg Nikotin Shot\u00a0= 560ml 18 mg Base Usw..)<\/p>\n<p><strong>Es wird nur der Umgang durch erfahrene und ge\u00fcbte Personen empfohlen!<\/strong><\/p>\n<p><span>Advarsel!!! Opbevares utilg\u00e6ngeligt for b\u00f8rn!!!<\/span><\/p>\n<p>Juridiske oplysninger om brugen<br \/>\nDisse artikler er juridisk set kemikalier. Disse kemikalier anvendes til fremstilling af <strong>P\u00e5fyldningsv\u00e6sker eller eLiquids<\/strong> . Disse kemikalier tilbydes og s\u00e6lges kun til kyndige k\u00f8bere til dette form\u00e5l. Den korrekte anvendelse er k\u00f8bers ansvar.<\/p>\n<p>Disse kemikalier er ikke l\u00e6gemidler eller f\u00f8devarer og er i den form, vi tilbyder dem, ikke beregnet til indtagelse af slutbrugere. Vi giver heller ingen bindende tilberednings- eller <strong>Doseringsvejledning<\/strong>. Brug og indtagelse sker p\u00e5 eget ansvar.<\/p>\n<p>my-eLiquid er ikke ansvarlig for sundhedsskader, f.eks. som f\u00f8lge af forkert brug.<\/p>\n<p>Disse varer m\u00e5 kun bestilles, hvis k\u00f8beren har den n\u00f8dvendige <strong>Erfaring<\/strong> i h\u00e5ndtering af disse kemikalier og r\u00e5varer.<\/p>\n<p><span><strong>Forklaring:<br \/><\/strong><\/span><br \/>\nPG:\u00a0<span><strong>1,2-propylenglycol<\/strong> (PG) E1520 (Ph. Eur.) ren<\/span><br \/>\nVG:\u00a0<span><strong>rent vegetabilsk glycerin<\/strong> (VG) E422 (DAB), CAS-nr. Betegnelse 56-81-5 <strong>glycerin<\/strong> 99,5%<br \/><\/span><\/p>\n<p>Valgfrit:<\/p>\n<p>Vand: \u00a0<strong>Aqua Purificata<\/strong> Ph.Eur. \/ Bidest<\/p>\n<p><strong>\u00a0<\/strong><\/p>","protected":false},"excerpt":{"rendered":"<p><span>grundlag <strong>V\u00e6ske<\/strong> med<strong>\u00a020 mg nikotin.<\/strong> Har du stadig <strong>0 mg<\/strong> <strong>Base<\/strong> ved h\u00e5nden? Det er nemt <strong>Shots<\/strong> K\u00f8b det, og du f\u00e5r det, du \u00f8nsker. <strong>nikotin<\/strong> styrke!<br \/><\/span><\/p>","protected":false},"featured_media":319362,"comment_status":"open","ping_status":"closed","template":"","meta":{"_acf_changed":false,"_relevanssi_hide_post":"","_relevanssi_hide_content":"","_relevanssi_pin_for_all":"","_relevanssi_pin_keywords":"","_relevanssi_unpin_keywords":"","_relevanssi_related_keywords":"","_relevanssi_related_include_ids":"","_relevanssi_related_exclude_ids":"","_relevanssi_related_no_append":"","_relevanssi_related_not_related":"","_relevanssi_related_posts":"","_relevanssi_noindex_reason":""},"product_brand":[],"product_cat":[4695,4735],"product_tag":[6716,5124,6717,5411,6712,5805,5792,5811,5812,5813],"class_list":{"0":"post-300308","1":"product","2":"type-product","3":"status-publish","4":"has-post-thumbnail","6":"product_cat-diy-liquid-basen","7":"product_cat-nikotin-shots","8":"product_tag-alle","9":"product_tag-basen","10":"product_tag-diy","11":"product_tag-e-zigaretten","12":"product_tag-fuer","13":"product_tag-liquid","14":"product_tag-liquids","15":"product_tag-nikotin","16":"product_tag-shot","17":"product_tag-shots","18":"product_shipping_class-standard","20":"first","21":"instock","22":"taxable","23":"shipping-taxable","24":"purchasable","25":"product-type-variable"},"acf":[],"_links":{"self":[{"href":"https:\/\/my-eliquid.de\/da\/wp-json\/wp\/v2\/product\/300308","targetHints":{"allow":["GET"]}}],"collection":[{"href":"https:\/\/my-eliquid.de\/da\/wp-json\/wp\/v2\/product"}],"about":[{"href":"https:\/\/my-eliquid.de\/da\/wp-json\/wp\/v2\/types\/product"}],"replies":[{"embeddable":true,"href":"https:\/\/my-eliquid.de\/da\/wp-json\/wp\/v2\/comments?post=300308"}],"wp:featuredmedia":[{"embeddable":true,"href":"https:\/\/my-eliquid.de\/da\/wp-json\/wp\/v2\/media\/319362"}],"wp:attachment":[{"href":"https:\/\/my-eliquid.de\/da\/wp-json\/wp\/v2\/media?parent=300308"}],"wp:term":[{"taxonomy":"product_brand","embeddable":true,"href":"https:\/\/my-eliquid.de\/da\/wp-json\/wp\/v2\/product_brand?post=300308"},{"taxonomy":"product_cat","embeddable":true,"href":"https:\/\/my-eliquid.de\/da\/wp-json\/wp\/v2\/product_cat?post=300308"},{"taxonomy":"product_tag","embeddable":true,"href":"https:\/\/my-eliquid.de\/da\/wp-json\/wp\/v2\/product_tag?post=300308"}],"curies":[{"name":"wp","href":"https:\/\/api.w.org\/{rel}","templated":true}]}}