{"id":300990,"date":"2017-05-20T00:00:00","date_gmt":"2017-05-19T22:00:00","guid":{"rendered":"https:\/\/my-eliquid.de\/shop\/3mg-liquid-base-set-120ml\/"},"modified":"2026-04-07T14:21:36","modified_gmt":"2026-04-07T12:21:36","slug":"3mg-liquid-base-set-120ml","status":"publish","type":"product","link":"https:\/\/my-eliquid.de\/da\/shop\/3mg-liquid-base-set-120ml\/","title":{"rendered":"3 mg flydende basiss\u00e6t \u2013 120 ml"},"content":{"rendered":"<p>Her f\u00e5r du 120 ml base til v\u00e6sker!  <\/p>\n<p>Det anbefales kun at bruge produktet, hvis man er erfaren og \u00f8vet.<br \/>Disse artikler er beregnet til <strong>Blandinger<\/strong> eller for at fortynde dem, ikke til direkte forbrug.<\/p>\n<p><span style=\"color: #ff0000;\">Advarsel!!! Opbevares utilg\u00e6ngeligt for b\u00f8rn!!!<\/span><\/p>\n<p>Juridiske oplysninger om brugen<br \/>Disse artikler er juridisk set kemikalier. Disse kemikalier anvendes til fremstilling af<strong> P\u00e5fyldningsv\u00e6sker eller eLiquids<\/strong> . Disse kemikalier tilbydes og s\u00e6lges kun til kyndige k\u00f8bere til dette form\u00e5l. Den korrekte anvendelse er k\u00f8bers ansvar.<\/p>\n<p>Disse kemikalier er ikke l\u00e6gemidler eller f\u00f8devarer og er i den form, vi tilbyder dem, ikke beregnet til indtagelse af slutbrugere. Vi giver heller ingen bindende tilberednings- eller<strong> Doseringsvejledning<\/strong>. Brug og indtagelse sker p\u00e5 eget ansvar.<\/p>\n<p>my-eLiquid er ikke ansvarlig for sundhedsskader, f.eks. som f\u00f8lge af forkert brug.<\/p>\n<p>Disse varer m\u00e5 kun bestilles, hvis k\u00f8beren har den n\u00f8dvendige <strong>Erfaring<\/strong> i h\u00e5ndtering af disse kemikalier og r\u00e5varer.<\/p>","protected":false},"excerpt":{"rendered":"<p>Denne artikel best\u00e5r af en nikotinfri base samt det n\u00f8dvendige antal 10 ml nikotinshots med 20 mg til selvblanding, s\u00e5 man f\u00e5r 120 ml base med 3 mg nikotin.<\/p>","protected":false},"featured_media":319846,"comment_status":"open","ping_status":"closed","template":"","meta":{"_acf_changed":false,"_relevanssi_hide_post":"","_relevanssi_hide_content":"","_relevanssi_pin_for_all":"","_relevanssi_pin_keywords":"","_relevanssi_unpin_keywords":"","_relevanssi_related_keywords":"","_relevanssi_related_include_ids":"","_relevanssi_related_exclude_ids":"","_relevanssi_related_no_append":"","_relevanssi_related_not_related":"","_relevanssi_related_posts":"","_relevanssi_noindex_reason":""},"product_brand":[],"product_cat":[4732,4695,4700],"product_tag":[7397,7396,6716,6738,5124,1391,6717,5118,6712,5805,5792,6739],"class_list":{"0":"post-300990","1":"product","2":"type-product","3":"status-publish","4":"has-post-thumbnail","6":"product_cat-alle-basen-fur-liquids","7":"product_cat-diy-liquid-basen","8":"product_cat-liquid-basis-fertigmischung","9":"product_tag-120ml","10":"product_tag-3mg","11":"product_tag-alle","12":"product_tag-base","13":"product_tag-basen","14":"product_tag-bitte","15":"product_tag-diy","16":"product_tag-fertigmischung","17":"product_tag-fuer","18":"product_tag-liquid","19":"product_tag-liquids","20":"product_tag-set","21":"product_shipping_class-standard","23":"first","24":"instock","25":"taxable","26":"shipping-taxable","27":"purchasable","28":"product-type-variable"},"acf":[],"_links":{"self":[{"href":"https:\/\/my-eliquid.de\/da\/wp-json\/wp\/v2\/product\/300990","targetHints":{"allow":["GET"]}}],"collection":[{"href":"https:\/\/my-eliquid.de\/da\/wp-json\/wp\/v2\/product"}],"about":[{"href":"https:\/\/my-eliquid.de\/da\/wp-json\/wp\/v2\/types\/product"}],"replies":[{"embeddable":true,"href":"https:\/\/my-eliquid.de\/da\/wp-json\/wp\/v2\/comments?post=300990"}],"wp:featuredmedia":[{"embeddable":true,"href":"https:\/\/my-eliquid.de\/da\/wp-json\/wp\/v2\/media\/319846"}],"wp:attachment":[{"href":"https:\/\/my-eliquid.de\/da\/wp-json\/wp\/v2\/media?parent=300990"}],"wp:term":[{"taxonomy":"product_brand","embeddable":true,"href":"https:\/\/my-eliquid.de\/da\/wp-json\/wp\/v2\/product_brand?post=300990"},{"taxonomy":"product_cat","embeddable":true,"href":"https:\/\/my-eliquid.de\/da\/wp-json\/wp\/v2\/product_cat?post=300990"},{"taxonomy":"product_tag","embeddable":true,"href":"https:\/\/my-eliquid.de\/da\/wp-json\/wp\/v2\/product_tag?post=300990"}],"curies":[{"name":"wp","href":"https:\/\/api.w.org\/{rel}","templated":true}]}}