{"id":302473,"date":"2013-09-04T00:00:00","date_gmt":"2013-09-03T22:00:00","guid":{"rendered":"https:\/\/my-eliquid.de\/shop\/pfirsich-maracuja-aroma\/"},"modified":"2026-04-10T09:10:30","modified_gmt":"2026-04-10T07:10:30","slug":"pfirsich-maracuja-aroma","status":"publish","type":"product","link":"https:\/\/my-eliquid.de\/da\/shop\/pfirsich-maracuja-aroma\/","title":{"rendered":"Fersken-maracuja-aroma"},"content":{"rendered":"<p>Vores <strong>Fersken-maracuja-aroma<\/strong> mischt den Geschmack von s\u00fc\u00dfem <strong>Pfirsich und fruchtiger Maracuja<\/strong> og kommer fra linjen af <strong>Frugtaromaer<\/strong>. <strong>Fersken<\/strong> trifft <strong>Passionsfrugt<\/strong> \u2013 das unschlagbare Exotik-Team! Das <strong>Fersken-maracuja-aroma<\/strong> er velegnet til smagstils\u00e6tning og <strong>Fremstil dine egne v\u00e6sker<\/strong> og kan kombineres med andre <strong>Blandede smage<\/strong> blive. P\u00e5 den m\u00e5de kan du skabe nye, individualiserede designs igen og igen. <strong>V\u00e6sker<\/strong>! Aromen d\u00fcrfen nicht unverd\u00fcnnt verwendet werden und m\u00fcssen immer einer <strong>Base<\/strong> kan tilf\u00f8jes.<\/p>","protected":false},"excerpt":{"rendered":"<p>Den vidunderligt frugtagtige kombination af solmodne <strong>Fersken<\/strong> og fyldig <strong>Passionsfrugt<\/strong>: Vores <strong>Fersken-maracuja-aroma<\/strong> giver dig en l\u00e6kker, s\u00f8d blanding!<\/p>","protected":false},"featured_media":319199,"comment_status":"open","ping_status":"closed","template":"","meta":{"_acf_changed":false,"_relevanssi_hide_post":"","_relevanssi_hide_content":"","_relevanssi_pin_for_all":"","_relevanssi_pin_keywords":"","_relevanssi_unpin_keywords":"","_relevanssi_related_keywords":"","_relevanssi_related_include_ids":"","_relevanssi_related_exclude_ids":"","_relevanssi_related_no_append":"","_relevanssi_related_not_related":"","_relevanssi_related_posts":"","_relevanssi_noindex_reason":""},"product_brand":[],"product_cat":[4733,4882,4701,4705,4881],"product_tag":[4919,4915,5166,4917,4914,4918,6830,6831,6833,5204,5004,5205,6835,6832,4993,4920,6834],"class_list":{"0":"post-302473","1":"product","2":"type-product","3":"status-publish","4":"has-post-thumbnail","6":"product_cat-alle-aromen","7":"product_cat-aromen-ohne-sucralose","8":"product_cat-aromen","9":"product_cat-frucht-aromen-liquid-e-zigarette","10":"product_cat-my-eliquid-aromen","11":"product_tag-dampfer","12":"product_tag-e-liquid","13":"product_tag-e-zigarette","14":"product_tag-e-zigi","15":"product_tag-eliquid","16":"product_tag-ezigarette","17":"product_tag-gelbe","18":"product_tag-granadilla","19":"product_tag-maracuja","20":"product_tag-maracuya","21":"product_tag-nachfuellfluessigkeit","22":"product_tag-parchita","23":"product_tag-passionfruit","24":"product_tag-passionsfrucht","25":"product_tag-pfirsich","26":"product_tag-verdampfer","27":"product_tag-yellow","28":"product_shipping_class-standard","30":"first","31":"instock","32":"taxable","33":"shipping-taxable","34":"purchasable","35":"product-type-variable"},"acf":[],"_links":{"self":[{"href":"https:\/\/my-eliquid.de\/da\/wp-json\/wp\/v2\/product\/302473","targetHints":{"allow":["GET"]}}],"collection":[{"href":"https:\/\/my-eliquid.de\/da\/wp-json\/wp\/v2\/product"}],"about":[{"href":"https:\/\/my-eliquid.de\/da\/wp-json\/wp\/v2\/types\/product"}],"replies":[{"embeddable":true,"href":"https:\/\/my-eliquid.de\/da\/wp-json\/wp\/v2\/comments?post=302473"}],"wp:featuredmedia":[{"embeddable":true,"href":"https:\/\/my-eliquid.de\/da\/wp-json\/wp\/v2\/media\/319199"}],"wp:attachment":[{"href":"https:\/\/my-eliquid.de\/da\/wp-json\/wp\/v2\/media?parent=302473"}],"wp:term":[{"taxonomy":"product_brand","embeddable":true,"href":"https:\/\/my-eliquid.de\/da\/wp-json\/wp\/v2\/product_brand?post=302473"},{"taxonomy":"product_cat","embeddable":true,"href":"https:\/\/my-eliquid.de\/da\/wp-json\/wp\/v2\/product_cat?post=302473"},{"taxonomy":"product_tag","embeddable":true,"href":"https:\/\/my-eliquid.de\/da\/wp-json\/wp\/v2\/product_tag?post=302473"}],"curies":[{"name":"wp","href":"https:\/\/api.w.org\/{rel}","templated":true}]}}