{"id":302476,"date":"2015-04-29T00:00:00","date_gmt":"2015-04-28T22:00:00","guid":{"rendered":"https:\/\/my-eliquid.de\/shop\/rhababar-aroma\/"},"modified":"2025-12-17T08:21:51","modified_gmt":"2025-12-17T07:21:51","slug":"rhababar-aroma","status":"publish","type":"product","link":"https:\/\/my-eliquid.de\/da\/shop\/rhababar-aroma\/","title":{"rendered":"Rabarberaroma"},"content":{"rendered":"<p>Vores <strong>Rhabarber Aroma<\/strong> mit seinem vollmundig-s\u00e4uerlichen <strong>Smag af rabarber<\/strong> kommer fra linjen af <strong>Specielle aromaer<\/strong>. Die s\u00e4uerliche Frische: Nat\u00fcrlich, k\u00f6stlich, gut! Das <strong>Rhabarber Aroma<\/strong> er velegnet til <strong>Smagstils\u00e6tning og fremstilling af egne v\u00e6sker<\/strong> og kan <strong>Blandet med andre smagsstoffer<\/strong> kan tilpasses. P\u00e5 den m\u00e5de kan du skabe nye, individualiserede v\u00e6sker igen og igen! <strong>Aromer<\/strong> m\u00e5 ikke bruges ufortyndet og skal altid underkastes en <strong>Base<\/strong> kan tilf\u00f8jes.<\/p>","protected":false},"excerpt":{"rendered":"<p>Surt er sjovt: Pr\u00f8v vores fine, velsmagende rabarbersmag med sin utroligt autentiske, naturligt syrlige smag. <strong>Smag af rabarber<\/strong>!<\/p>","protected":false},"featured_media":319208,"comment_status":"open","ping_status":"closed","template":"","meta":{"_acf_changed":false,"_relevanssi_hide_post":"","_relevanssi_hide_content":"","_relevanssi_pin_for_all":"","_relevanssi_pin_keywords":"","_relevanssi_unpin_keywords":"","_relevanssi_related_keywords":"","_relevanssi_related_include_ids":"","_relevanssi_related_exclude_ids":"","_relevanssi_related_no_append":"","_relevanssi_related_not_related":"","_relevanssi_related_posts":"","_relevanssi_noindex_reason":""},"product_brand":[],"product_cat":[4733,4882,4881,4712,4707],"product_tag":[4919,4915,5166,4917,4914,4918,5004,5312,4920],"class_list":{"0":"post-302476","1":"product","2":"type-product","3":"status-publish","4":"has-post-thumbnail","6":"product_cat-alle-aromen","7":"product_cat-aromen-ohne-sucralose","8":"product_cat-my-eliquid-aromen","9":"product_cat-special-aromen-liquid-e-zigarette","10":"product_cat-suesse-aromen-liquid-e-zigarette","11":"product_tag-dampfer","12":"product_tag-e-liquid","13":"product_tag-e-zigarette","14":"product_tag-e-zigi","15":"product_tag-eliquid","16":"product_tag-ezigarette","17":"product_tag-nachfuellfluessigkeit","18":"product_tag-rhababar","19":"product_tag-verdampfer","20":"product_shipping_class-standard","22":"first","23":"instock","24":"taxable","25":"shipping-taxable","26":"purchasable","27":"product-type-variable"},"acf":[],"_links":{"self":[{"href":"https:\/\/my-eliquid.de\/da\/wp-json\/wp\/v2\/product\/302476","targetHints":{"allow":["GET"]}}],"collection":[{"href":"https:\/\/my-eliquid.de\/da\/wp-json\/wp\/v2\/product"}],"about":[{"href":"https:\/\/my-eliquid.de\/da\/wp-json\/wp\/v2\/types\/product"}],"replies":[{"embeddable":true,"href":"https:\/\/my-eliquid.de\/da\/wp-json\/wp\/v2\/comments?post=302476"}],"wp:featuredmedia":[{"embeddable":true,"href":"https:\/\/my-eliquid.de\/da\/wp-json\/wp\/v2\/media\/319208"}],"wp:attachment":[{"href":"https:\/\/my-eliquid.de\/da\/wp-json\/wp\/v2\/media?parent=302476"}],"wp:term":[{"taxonomy":"product_brand","embeddable":true,"href":"https:\/\/my-eliquid.de\/da\/wp-json\/wp\/v2\/product_brand?post=302476"},{"taxonomy":"product_cat","embeddable":true,"href":"https:\/\/my-eliquid.de\/da\/wp-json\/wp\/v2\/product_cat?post=302476"},{"taxonomy":"product_tag","embeddable":true,"href":"https:\/\/my-eliquid.de\/da\/wp-json\/wp\/v2\/product_tag?post=302476"}],"curies":[{"name":"wp","href":"https:\/\/api.w.org\/{rel}","templated":true}]}}