{"id":302490,"date":"2019-10-24T00:00:00","date_gmt":"2019-10-23T22:00:00","guid":{"rendered":"https:\/\/my-eliquid.de\/shop\/mel-aroma-stroh-rum\/"},"modified":"2025-11-25T13:53:02","modified_gmt":"2025-11-25T12:53:02","slug":"mel-aroma-stroh-rum","status":"publish","type":"product","link":"https:\/\/my-eliquid.de\/da\/shop\/mel-aroma-stroh-rum\/","title":{"rendered":"Str\u00e5rom-aroma"},"content":{"rendered":"<p>M\u00e5 det v\u00e6re noget s<strong>st\u00e6rkere<\/strong> v\u00e6re? S\u00e5 tag et kig p\u00e5 vores nye <strong>Str\u00e5rom-aroma<\/strong> og bland dine <strong>V\u00e6sker<\/strong> til de behagelige aftentimer.\u00a0<\/p>\n<p>En intensiv <strong>Rom<\/strong>\u00a0G<strong>Smag<\/strong> som du kender det!<\/p>\n<p><strong>Pas p\u00e5 ikke at overdosere! Overhold venligst doseringsanvisningerne p\u00e5 flasken.<\/strong><\/p>\n<p>Det <strong>Smag af halm og rom<\/strong> er velegnet til at smage til og producere dine egne v\u00e6sker og kan blandes med andre smagsstoffer.<\/p>\n<p>P\u00e5 den m\u00e5de kan du skabe nye, individualiserede v\u00e6sker igen og igen!<\/p>\n<p><strong>Aromastoffer m\u00e5 ikke bruges ufortyndet og skal altid tils\u00e6ttes en base.\u00a0<\/strong><\/p>","protected":false},"excerpt":{"rendered":"<p>M\u00e5 det v\u00e6re noget s<strong>st\u00e6rkere<\/strong>\u00a0v\u00e6re? S\u00e5 tag et kig p\u00e5 vores nye\u00a0<strong>Str\u00e5rom-aroma<\/strong>\u00a0og bland dine\u00a0<strong>V\u00e6sker<\/strong>\u00a0til de behagelige aftentimer.\u00a0<\/p>","protected":false},"featured_media":319264,"comment_status":"open","ping_status":"closed","template":"","meta":{"_acf_changed":false,"_relevanssi_hide_post":"","_relevanssi_hide_content":"","_relevanssi_pin_for_all":"","_relevanssi_pin_keywords":"","_relevanssi_unpin_keywords":"","_relevanssi_related_keywords":"","_relevanssi_related_include_ids":"","_relevanssi_related_exclude_ids":"","_relevanssi_related_no_append":"","_relevanssi_related_not_related":"","_relevanssi_related_posts":"","_relevanssi_noindex_reason":""},"product_brand":[],"product_cat":[4733,4882,4701,4702,4881,4792,4712],"product_tag":[1454,1399,6847,1391,5805,5792,6732,6885,5310,4929,5226,6899,6527],"class_list":{"0":"post-302490","1":"product","2":"type-product","3":"status-publish","4":"has-post-thumbnail","6":"product_cat-alle-aromen","7":"product_cat-aromen-ohne-sucralose","8":"product_cat-aromen","9":"product_cat-drinks-aromen-liquid-e-zigarette","10":"product_cat-my-eliquid-aromen","11":"product_cat-neue-aromen","12":"product_cat-special-aromen-liquid-e-zigarette","13":"product_tag-1454","14":"product_tag-aroma","15":"product_tag-aromen","16":"product_tag-bitte","17":"product_tag-liquid","18":"product_tag-liquids","19":"product_tag-ml","20":"product_tag-neue","21":"product_tag-neuheiten","22":"product_tag-rum","23":"product_tag-special","24":"product_tag-stroh","25":"product_tag-tabak","26":"product_shipping_class-standard","28":"first","29":"outofstock","30":"taxable","31":"shipping-taxable","32":"purchasable","33":"product-type-variable"},"acf":[],"_links":{"self":[{"href":"https:\/\/my-eliquid.de\/da\/wp-json\/wp\/v2\/product\/302490","targetHints":{"allow":["GET"]}}],"collection":[{"href":"https:\/\/my-eliquid.de\/da\/wp-json\/wp\/v2\/product"}],"about":[{"href":"https:\/\/my-eliquid.de\/da\/wp-json\/wp\/v2\/types\/product"}],"replies":[{"embeddable":true,"href":"https:\/\/my-eliquid.de\/da\/wp-json\/wp\/v2\/comments?post=302490"}],"wp:featuredmedia":[{"embeddable":true,"href":"https:\/\/my-eliquid.de\/da\/wp-json\/wp\/v2\/media\/319264"}],"wp:attachment":[{"href":"https:\/\/my-eliquid.de\/da\/wp-json\/wp\/v2\/media?parent=302490"}],"wp:term":[{"taxonomy":"product_brand","embeddable":true,"href":"https:\/\/my-eliquid.de\/da\/wp-json\/wp\/v2\/product_brand?post=302490"},{"taxonomy":"product_cat","embeddable":true,"href":"https:\/\/my-eliquid.de\/da\/wp-json\/wp\/v2\/product_cat?post=302490"},{"taxonomy":"product_tag","embeddable":true,"href":"https:\/\/my-eliquid.de\/da\/wp-json\/wp\/v2\/product_tag?post=302490"}],"curies":[{"name":"wp","href":"https:\/\/api.w.org\/{rel}","templated":true}]}}