{"id":302492,"date":"2017-09-06T00:00:00","date_gmt":"2017-09-05T22:00:00","guid":{"rendered":"https:\/\/my-eliquid.de\/shop\/himbeer-hammer-aroma\/"},"modified":"2026-04-21T08:42:32","modified_gmt":"2026-04-21T06:42:32","slug":"himbeer-hammer-aroma","status":"publish","type":"product","link":"https:\/\/my-eliquid.de\/da\/shop\/himbeer-hammer-aroma\/","title":{"rendered":"Raspberry Hammer-smag"},"content":{"rendered":"<p>Vores <strong>Raspberry Hammer-smag<\/strong> med sin fyldige <strong>Smag af hindb\u00e6r<\/strong> kommer fra linjen af <strong>Frugtaromaer<\/strong>. Nach mehr kann Himbeere gar nicht schmecken: Hammer Beerenpower voraus! Das hammerm\u00e4\u00dfige <strong>Smag af hindb\u00e6r<\/strong> er velegnet til smagstils\u00e6tning og <strong>Fremstil dine egne v\u00e6sker<\/strong> und kann mit anderen Aromen gemischt werden. Auf diese Weise kreieren Sie immer wieder neue, individuelle Fl\u00fcssigkeiten! <strong>Aromer<\/strong> m\u00e5 ikke bruges ufortyndet og skal altid underkastes en <strong>Base<\/strong> kan tilf\u00f8jes.<\/p>","protected":false},"excerpt":{"rendered":"<p>Den fantastiske <strong>Smag af hindb\u00e6r<\/strong> med al den friske smag af s\u00f8de hindb\u00e6r er ogs\u00e5 ideel til at blande dine egne kreative hindb\u00e6rsmage. <strong>V\u00e6sker<\/strong>.<\/p>","protected":false},"featured_media":319285,"comment_status":"open","ping_status":"closed","template":"","meta":{"_acf_changed":false,"_relevanssi_hide_post":"","_relevanssi_hide_content":"","_relevanssi_pin_for_all":"","_relevanssi_pin_keywords":"","_relevanssi_unpin_keywords":"","_relevanssi_related_keywords":"","_relevanssi_related_include_ids":"","_relevanssi_related_exclude_ids":"","_relevanssi_related_no_append":"","_relevanssi_related_not_related":"","_relevanssi_related_posts":"","_relevanssi_noindex_reason":""},"product_brand":[],"product_cat":[4733,4882,4701,4705,4881],"product_tag":[6716,1399,6847,6730,4942,6712,6927,6926,5805,5792],"class_list":{"0":"post-302492","1":"product","2":"type-product","3":"status-publish","4":"has-post-thumbnail","6":"product_cat-alle-aromen","7":"product_cat-aromen-ohne-sucralose","8":"product_cat-aromen","9":"product_cat-frucht-aromen-liquid-e-zigarette","10":"product_cat-my-eliquid-aromen","11":"product_tag-alle","12":"product_tag-aroma","13":"product_tag-aromen","14":"product_tag-eliquids","15":"product_tag-frucht","16":"product_tag-fuer","17":"product_tag-hammer","18":"product_tag-himbeer","19":"product_tag-liquid","20":"product_tag-liquids","21":"product_shipping_class-standard","23":"first","24":"instock","25":"taxable","26":"shipping-taxable","27":"purchasable","28":"product-type-variable"},"acf":[],"_links":{"self":[{"href":"https:\/\/my-eliquid.de\/da\/wp-json\/wp\/v2\/product\/302492","targetHints":{"allow":["GET"]}}],"collection":[{"href":"https:\/\/my-eliquid.de\/da\/wp-json\/wp\/v2\/product"}],"about":[{"href":"https:\/\/my-eliquid.de\/da\/wp-json\/wp\/v2\/types\/product"}],"replies":[{"embeddable":true,"href":"https:\/\/my-eliquid.de\/da\/wp-json\/wp\/v2\/comments?post=302492"}],"wp:featuredmedia":[{"embeddable":true,"href":"https:\/\/my-eliquid.de\/da\/wp-json\/wp\/v2\/media\/319285"}],"wp:attachment":[{"href":"https:\/\/my-eliquid.de\/da\/wp-json\/wp\/v2\/media?parent=302492"}],"wp:term":[{"taxonomy":"product_brand","embeddable":true,"href":"https:\/\/my-eliquid.de\/da\/wp-json\/wp\/v2\/product_brand?post=302492"},{"taxonomy":"product_cat","embeddable":true,"href":"https:\/\/my-eliquid.de\/da\/wp-json\/wp\/v2\/product_cat?post=302492"},{"taxonomy":"product_tag","embeddable":true,"href":"https:\/\/my-eliquid.de\/da\/wp-json\/wp\/v2\/product_tag?post=302492"}],"curies":[{"name":"wp","href":"https:\/\/api.w.org\/{rel}","templated":true}]}}