{"id":302496,"date":"2018-07-08T00:00:00","date_gmt":"2018-07-07T22:00:00","guid":{"rendered":"https:\/\/my-eliquid.de\/shop\/sweetener-aroma\/"},"modified":"2026-04-08T09:43:30","modified_gmt":"2026-04-08T07:43:30","slug":"sweetener-aroma","status":"publish","type":"product","link":"https:\/\/my-eliquid.de\/da\/shop\/sweetener-aroma\/","title":{"rendered":"S\u00f8demiddel | Smag"},"content":{"rendered":"<p>S\u00f8dt, s\u00f8dt, s\u00f8dt!!!<\/p>\n<p>Nu i henhold til din <strong>Flydende smag<\/strong> til <strong>s\u00f8d<\/strong> eller lav selv en ny blanding.<\/p>\n<p>Bare en eller to dr\u00e5ber er nok til at give en behagelig s\u00f8dme!<\/p>\n<p>For at den ikke skal smage kunstigt, anbefaler vi, at du kun bruger 1-3 %! Hvis du kan lide det s\u00f8dere, s\u00e5 g\u00f8r det!<\/p>\n<p>Der er ingen gr\u00e6nser for dig! Bland, hvad du kan! Vi hj\u00e6lper dig med ingredienserne!<\/p>\n<p>Alle vores v\u00e6sker produceres p\u00e5 stedet og lever op til de h\u00f8jeste sikkerheds- og kvalitetsstandarder.<\/p>\n<p><strong>KAN VARIERE I FARVE P\u00c5 GRUND AF PRODUKTIONEN!<\/strong><\/p>","protected":false},"excerpt":{"rendered":"<p>Nogle mennesker kan ikke <strong>s\u00f8d<\/strong> v\u00e6re nok! Det er derfor, du nu f\u00e5r <strong>Sukkerchok<\/strong> for dine evner til at blande selv! <strong>Smag af s\u00f8demiddel<\/strong> for de s\u00f8de \u00f8jeblikke i livet!<\/p>","protected":false},"featured_media":319298,"comment_status":"open","ping_status":"closed","template":"","meta":{"_acf_changed":false,"_relevanssi_hide_post":"","_relevanssi_hide_content":"","_relevanssi_pin_for_all":"","_relevanssi_pin_keywords":"","_relevanssi_unpin_keywords":"","_relevanssi_related_keywords":"","_relevanssi_related_include_ids":"","_relevanssi_related_exclude_ids":"","_relevanssi_related_no_append":"","_relevanssi_related_not_related":"","_relevanssi_related_posts":"","_relevanssi_noindex_reason":""},"product_brand":[],"product_cat":[4733,4701,4881,4792,4707],"product_tag":[1399,1391,6945],"class_list":{"0":"post-302496","1":"product","2":"type-product","3":"status-publish","4":"has-post-thumbnail","6":"product_cat-alle-aromen","7":"product_cat-aromen","8":"product_cat-my-eliquid-aromen","9":"product_cat-neue-aromen","10":"product_cat-suesse-aromen-liquid-e-zigarette","11":"product_tag-aroma","12":"product_tag-bitte","13":"product_tag-sweetener","14":"product_shipping_class-standard","16":"first","17":"instock","18":"taxable","19":"shipping-taxable","20":"purchasable","21":"product-type-variable"},"acf":[],"_links":{"self":[{"href":"https:\/\/my-eliquid.de\/da\/wp-json\/wp\/v2\/product\/302496","targetHints":{"allow":["GET"]}}],"collection":[{"href":"https:\/\/my-eliquid.de\/da\/wp-json\/wp\/v2\/product"}],"about":[{"href":"https:\/\/my-eliquid.de\/da\/wp-json\/wp\/v2\/types\/product"}],"replies":[{"embeddable":true,"href":"https:\/\/my-eliquid.de\/da\/wp-json\/wp\/v2\/comments?post=302496"}],"wp:featuredmedia":[{"embeddable":true,"href":"https:\/\/my-eliquid.de\/da\/wp-json\/wp\/v2\/media\/319298"}],"wp:attachment":[{"href":"https:\/\/my-eliquid.de\/da\/wp-json\/wp\/v2\/media?parent=302496"}],"wp:term":[{"taxonomy":"product_brand","embeddable":true,"href":"https:\/\/my-eliquid.de\/da\/wp-json\/wp\/v2\/product_brand?post=302496"},{"taxonomy":"product_cat","embeddable":true,"href":"https:\/\/my-eliquid.de\/da\/wp-json\/wp\/v2\/product_cat?post=302496"},{"taxonomy":"product_tag","embeddable":true,"href":"https:\/\/my-eliquid.de\/da\/wp-json\/wp\/v2\/product_tag?post=302496"}],"curies":[{"name":"wp","href":"https:\/\/api.w.org\/{rel}","templated":true}]}}