{"id":302522,"date":"2013-09-04T00:00:00","date_gmt":"2013-09-03T22:00:00","guid":{"rendered":"https:\/\/my-eliquid.de\/shop\/summersplash-aroma\/"},"modified":"2025-11-25T13:53:08","modified_gmt":"2025-11-25T12:53:08","slug":"summersplash-aroma","status":"publish","type":"product","link":"https:\/\/my-eliquid.de\/da\/shop\/summersplash-aroma\/","title":{"rendered":"Summersplash aroma"},"content":{"rendered":"<p>Vores <strong>Summer Splash Aroma<\/strong> mit seinem frisch-fruchtigen Mix aus <strong>Zitrone und Sauerkirsche<\/strong> kommer fra linjen af <strong>Specielle aromaer<\/strong>. Der unwiderstehliche Geschmack des Sommers! Das <strong>Summer Splash Aroma<\/strong> er velegnet til <strong>Smagstils\u00e6tning og fremstilling af egne v\u00e6sker<\/strong> og kan <strong>Blandet med andre smagsstoffer<\/strong> kan tilpasses. P\u00e5 den m\u00e5de kan du skabe nye, individualiserede v\u00e6sker igen og igen! <strong>Aromer<\/strong> m\u00e5 ikke bruges ufortyndet og skal altid underkastes en <strong>Base<\/strong> kan tilf\u00f8jes.<\/p>","protected":false},"excerpt":{"rendered":"<p>Der spritzig-fruchtige Sommer-Kick: Unser <strong>leckeres Summer Splash Aroma<\/strong> und seine einmalig-erfrischende Mischung von <strong>Sauerkirsche und Zitrone<\/strong> \u2013 ein Volltreffer!<\/p>","protected":false},"featured_media":319399,"comment_status":"open","ping_status":"closed","template":"","meta":{"_acf_changed":false,"_relevanssi_hide_post":"","_relevanssi_hide_content":"","_relevanssi_pin_for_all":"","_relevanssi_pin_keywords":"","_relevanssi_unpin_keywords":"","_relevanssi_related_keywords":"","_relevanssi_related_include_ids":"","_relevanssi_related_exclude_ids":"","_relevanssi_related_no_append":"","_relevanssi_related_not_related":"","_relevanssi_related_posts":"","_relevanssi_noindex_reason":""},"product_brand":[],"product_cat":[4733,4882,4701,4881,4712],"product_tag":[4919,4915,5166,4917,4914,4918,5004,5200,4920],"class_list":{"0":"post-302522","1":"product","2":"type-product","3":"status-publish","4":"has-post-thumbnail","6":"product_cat-alle-aromen","7":"product_cat-aromen-ohne-sucralose","8":"product_cat-aromen","9":"product_cat-my-eliquid-aromen","10":"product_cat-special-aromen-liquid-e-zigarette","11":"product_tag-dampfer","12":"product_tag-e-liquid","13":"product_tag-e-zigarette","14":"product_tag-e-zigi","15":"product_tag-eliquid","16":"product_tag-ezigarette","17":"product_tag-nachfuellfluessigkeit","18":"product_tag-summersplash","19":"product_tag-verdampfer","20":"product_shipping_class-standard","22":"first","23":"outofstock","24":"taxable","25":"shipping-taxable","26":"purchasable","27":"product-type-variable"},"acf":[],"_links":{"self":[{"href":"https:\/\/my-eliquid.de\/da\/wp-json\/wp\/v2\/product\/302522","targetHints":{"allow":["GET"]}}],"collection":[{"href":"https:\/\/my-eliquid.de\/da\/wp-json\/wp\/v2\/product"}],"about":[{"href":"https:\/\/my-eliquid.de\/da\/wp-json\/wp\/v2\/types\/product"}],"replies":[{"embeddable":true,"href":"https:\/\/my-eliquid.de\/da\/wp-json\/wp\/v2\/comments?post=302522"}],"wp:featuredmedia":[{"embeddable":true,"href":"https:\/\/my-eliquid.de\/da\/wp-json\/wp\/v2\/media\/319399"}],"wp:attachment":[{"href":"https:\/\/my-eliquid.de\/da\/wp-json\/wp\/v2\/media?parent=302522"}],"wp:term":[{"taxonomy":"product_brand","embeddable":true,"href":"https:\/\/my-eliquid.de\/da\/wp-json\/wp\/v2\/product_brand?post=302522"},{"taxonomy":"product_cat","embeddable":true,"href":"https:\/\/my-eliquid.de\/da\/wp-json\/wp\/v2\/product_cat?post=302522"},{"taxonomy":"product_tag","embeddable":true,"href":"https:\/\/my-eliquid.de\/da\/wp-json\/wp\/v2\/product_tag?post=302522"}],"curies":[{"name":"wp","href":"https:\/\/api.w.org\/{rel}","templated":true}]}}