{"id":302541,"date":"2011-12-01T00:00:00","date_gmt":"2011-11-30T23:00:00","guid":{"rendered":"https:\/\/my-eliquid.de\/shop\/haselnuss-aroma\/"},"modified":"2026-04-10T09:10:30","modified_gmt":"2026-04-10T07:10:30","slug":"haselnuss-aroma","status":"publish","type":"product","link":"https:\/\/my-eliquid.de\/da\/shop\/haselnuss-aroma\/","title":{"rendered":"Hasseln\u00f8d aroma"},"content":{"rendered":"<p>Vores <strong>Hasseln\u00f8d aroma<\/strong> mit seinem vollmundigen Geschmack von herb-ger\u00f6steten <strong>Hasseln\u00f8dder<\/strong> kommer fra linjen af <strong>Nussigen Aromen<\/strong>. Herb, fein, duftend und unfassbar k\u00f6stlich \u2013 die vielen Facetten <strong>erlesener Haseln\u00fcsse<\/strong>! Das <strong>Hasseln\u00f8d aroma<\/strong> er velegnet til <strong>Smagstils\u00e6tning og fremstilling af egne v\u00e6sker<\/strong> og kan <strong>Blandet med andre smagsstoffer<\/strong> kan tilpasses. P\u00e5 den m\u00e5de kan du skabe nye, individualiserede v\u00e6sker igen og igen! <strong>Aromer<\/strong> m\u00e5 ikke bruges ufortyndet og skal altid underkastes en <strong>Base<\/strong> kan tilf\u00f8jes.<\/p>","protected":false},"excerpt":{"rendered":"<p>N\u00f8ddegl\u00e6de af en s\u00e6rlig slags: Vores <strong>Hasseln\u00f8d aroma<\/strong> vil overraske dig med sin unikke smag af delikat duftende, bitterristede <strong>Hasseln\u00f8dder<\/strong>!<\/p>","protected":false},"featured_media":319465,"comment_status":"open","ping_status":"closed","template":"","meta":{"_acf_changed":false,"_relevanssi_hide_post":"","_relevanssi_hide_content":"","_relevanssi_pin_for_all":"","_relevanssi_pin_keywords":"","_relevanssi_unpin_keywords":"","_relevanssi_related_keywords":"","_relevanssi_related_include_ids":"","_relevanssi_related_exclude_ids":"","_relevanssi_related_no_append":"","_relevanssi_related_not_related":"","_relevanssi_related_posts":"","_relevanssi_noindex_reason":""},"product_brand":[],"product_cat":[4733,4882,4701,4881,4710],"product_tag":[4919,4915,5166,4917,4914,4918,4942,5000,5004,4920],"class_list":{"0":"post-302541","1":"product","2":"type-product","3":"status-publish","4":"has-post-thumbnail","6":"product_cat-alle-aromen","7":"product_cat-aromen-ohne-sucralose","8":"product_cat-aromen","9":"product_cat-my-eliquid-aromen","10":"product_cat-nussige-aromen-liquid-e-zigarette","11":"product_tag-dampfer","12":"product_tag-e-liquid","13":"product_tag-e-zigarette","14":"product_tag-e-zigi","15":"product_tag-eliquid","16":"product_tag-ezigarette","17":"product_tag-frucht","18":"product_tag-haselnuss","19":"product_tag-nachfuellfluessigkeit","20":"product_tag-verdampfer","21":"product_shipping_class-standard","23":"first","24":"instock","25":"taxable","26":"shipping-taxable","27":"purchasable","28":"product-type-variable"},"acf":[],"_links":{"self":[{"href":"https:\/\/my-eliquid.de\/da\/wp-json\/wp\/v2\/product\/302541","targetHints":{"allow":["GET"]}}],"collection":[{"href":"https:\/\/my-eliquid.de\/da\/wp-json\/wp\/v2\/product"}],"about":[{"href":"https:\/\/my-eliquid.de\/da\/wp-json\/wp\/v2\/types\/product"}],"replies":[{"embeddable":true,"href":"https:\/\/my-eliquid.de\/da\/wp-json\/wp\/v2\/comments?post=302541"}],"wp:featuredmedia":[{"embeddable":true,"href":"https:\/\/my-eliquid.de\/da\/wp-json\/wp\/v2\/media\/319465"}],"wp:attachment":[{"href":"https:\/\/my-eliquid.de\/da\/wp-json\/wp\/v2\/media?parent=302541"}],"wp:term":[{"taxonomy":"product_brand","embeddable":true,"href":"https:\/\/my-eliquid.de\/da\/wp-json\/wp\/v2\/product_brand?post=302541"},{"taxonomy":"product_cat","embeddable":true,"href":"https:\/\/my-eliquid.de\/da\/wp-json\/wp\/v2\/product_cat?post=302541"},{"taxonomy":"product_tag","embeddable":true,"href":"https:\/\/my-eliquid.de\/da\/wp-json\/wp\/v2\/product_tag?post=302541"}],"curies":[{"name":"wp","href":"https:\/\/api.w.org\/{rel}","templated":true}]}}