{"id":302544,"date":"2014-01-21T00:00:00","date_gmt":"2014-01-20T23:00:00","guid":{"rendered":"https:\/\/my-eliquid.de\/shop\/pfannkuchen-aroma\/"},"modified":"2026-04-16T13:06:43","modified_gmt":"2026-04-16T11:06:43","slug":"pfannkuchen-aroma","status":"publish","type":"product","link":"https:\/\/my-eliquid.de\/da\/shop\/pfannkuchen-aroma\/","title":{"rendered":"Pandekage aroma"},"content":{"rendered":"<p>Vores <strong>Pandekage aroma<\/strong> mit seinem duftend-s\u00fc\u00dfen <strong>Eierkuchen-Geschmack<\/strong> kommer fra linjen af <strong>S\u00f8de smagsoplevelser<\/strong>. Wohlig-warmes Eierkuchen-Vergn\u00fcgen wie frisch aus der Pfanne! Das <strong>Pandekage aroma<\/strong> er velegnet til <strong>Smagstils\u00e6tning og fremstilling af egne v\u00e6sker<\/strong> og kan <strong>Blandet med andre smagsstoffer<\/strong> kan tilpasses. P\u00e5 den m\u00e5de kan du skabe nye, individualiserede v\u00e6sker igen og igen! <strong>Aromer<\/strong> m\u00e5 ikke bruges ufortyndet og skal altid underkastes en <strong>Base<\/strong> kan tilf\u00f8jes.<\/p>","protected":false},"excerpt":{"rendered":"<p>Smager bedre end bedstemors hemmelige opskrift: vores <strong>Unik pandekage-smag<\/strong> og dens vidunderligt s\u00f8de, lette og luftige smag af <strong>friskbagte pandekager<\/strong>!<\/p>","protected":false},"featured_media":319477,"comment_status":"open","ping_status":"closed","template":"","meta":{"_acf_changed":false,"_relevanssi_hide_post":"","_relevanssi_hide_content":"","_relevanssi_pin_for_all":"","_relevanssi_pin_keywords":"","_relevanssi_unpin_keywords":"","_relevanssi_related_keywords":"","_relevanssi_related_include_ids":"","_relevanssi_related_exclude_ids":"","_relevanssi_related_no_append":"","_relevanssi_related_not_related":"","_relevanssi_related_posts":"","_relevanssi_noindex_reason":""},"product_brand":[],"product_cat":[4733,4882,4701,4881,4707],"product_tag":[4919,4915,5166,4917,5239,4914,4918,5242,5004,5241,5238,5240,4920],"class_list":{"0":"post-302544","1":"product","2":"type-product","3":"status-publish","4":"has-post-thumbnail","6":"product_cat-alle-aromen","7":"product_cat-aromen-ohne-sucralose","8":"product_cat-aromen","9":"product_cat-my-eliquid-aromen","10":"product_cat-suesse-aromen-liquid-e-zigarette","11":"product_tag-dampfer","12":"product_tag-e-liquid","13":"product_tag-e-zigarette","14":"product_tag-e-zigi","15":"product_tag-eierkuchen","16":"product_tag-eliquid","17":"product_tag-ezigarette","18":"product_tag-flapjack","19":"product_tag-nachfuellfluessigkeit","20":"product_tag-pancake","21":"product_tag-pfannkuchen","22":"product_tag-schmarn","23":"product_tag-verdampfer","24":"product_shipping_class-standard","26":"first","27":"instock","28":"taxable","29":"shipping-taxable","30":"purchasable","31":"product-type-variable"},"acf":[],"_links":{"self":[{"href":"https:\/\/my-eliquid.de\/da\/wp-json\/wp\/v2\/product\/302544","targetHints":{"allow":["GET"]}}],"collection":[{"href":"https:\/\/my-eliquid.de\/da\/wp-json\/wp\/v2\/product"}],"about":[{"href":"https:\/\/my-eliquid.de\/da\/wp-json\/wp\/v2\/types\/product"}],"replies":[{"embeddable":true,"href":"https:\/\/my-eliquid.de\/da\/wp-json\/wp\/v2\/comments?post=302544"}],"wp:featuredmedia":[{"embeddable":true,"href":"https:\/\/my-eliquid.de\/da\/wp-json\/wp\/v2\/media\/319477"}],"wp:attachment":[{"href":"https:\/\/my-eliquid.de\/da\/wp-json\/wp\/v2\/media?parent=302544"}],"wp:term":[{"taxonomy":"product_brand","embeddable":true,"href":"https:\/\/my-eliquid.de\/da\/wp-json\/wp\/v2\/product_brand?post=302544"},{"taxonomy":"product_cat","embeddable":true,"href":"https:\/\/my-eliquid.de\/da\/wp-json\/wp\/v2\/product_cat?post=302544"},{"taxonomy":"product_tag","embeddable":true,"href":"https:\/\/my-eliquid.de\/da\/wp-json\/wp\/v2\/product_tag?post=302544"}],"curies":[{"name":"wp","href":"https:\/\/api.w.org\/{rel}","templated":true}]}}