{"id":302557,"date":"2017-09-06T00:00:00","date_gmt":"2017-09-05T22:00:00","guid":{"rendered":"https:\/\/my-eliquid.de\/shop\/birne-2-aroma\/"},"modified":"2026-02-04T10:17:52","modified_gmt":"2026-02-04T09:17:52","slug":"birne-2-aroma","status":"publish","type":"product","link":"https:\/\/my-eliquid.de\/da\/shop\/birne-2-aroma\/","title":{"rendered":"Smag af s\u00f8d p\u00e6re (p\u00e6re 2)"},"content":{"rendered":"<p>Vores <strong>S\u00f8d p\u00e6resmag<\/strong> mit seinem sonnigen <strong>Birnengeschmack<\/strong> kommer fra linjen af <strong>Frugtaromaer<\/strong>.<\/p>\n<p>Diese Sorte bereitet ein sehr angenehm duftendes Dampferlebnis und l\u00e4sst die Herzen von Fruchtliebhabern h\u00f6her schlagen.<\/p>\n<p>Det\u00a0<strong style=\"line-height: 19px;\">S\u00f8d p\u00e6resmag<\/strong>\u00a0er velegnet til smagstils\u00e6tning og <strong>Fremstil dine egne v\u00e6sker<\/strong> og kan blandes med andre smagsstoffer.<\/p>\n<p>P\u00e5 den m\u00e5de kan du skabe nye, individualiserede v\u00e6sker igen og igen!<\/p>\n<p><strong>Aromer<\/strong> m\u00e5 ikke bruges ufortyndet og skal altid underkastes en <strong>Base<\/strong> kan tilf\u00f8jes.<\/p>","protected":false},"excerpt":{"rendered":"<p>En anden\u00a0<strong style=\"line-height: 19px\">S\u00f8d p\u00e6resmag<\/strong>\u00a0fra frugtlinjen indeholder den naturlige s\u00f8dme fra p\u00e6rer og er ideel til at blande med andre smagsstoffer. <strong>frugtagtige smage<\/strong>.<\/p>","protected":false},"featured_media":319527,"comment_status":"open","ping_status":"closed","template":"","meta":{"_acf_changed":false,"_relevanssi_hide_post":"","_relevanssi_hide_content":"","_relevanssi_pin_for_all":"","_relevanssi_pin_keywords":"","_relevanssi_unpin_keywords":"","_relevanssi_related_keywords":"","_relevanssi_related_include_ids":"","_relevanssi_related_exclude_ids":"","_relevanssi_related_no_append":"","_relevanssi_related_not_related":"","_relevanssi_related_posts":"","_relevanssi_noindex_reason":""},"product_brand":[],"product_cat":[4733,4882,4701,4705,4881,4707],"product_tag":[6900,6716,1399,6847,5029,6730,4942,6712,5805,5792],"class_list":{"0":"post-302557","1":"product","2":"type-product","3":"status-publish","4":"has-post-thumbnail","6":"product_cat-alle-aromen","7":"product_cat-aromen-ohne-sucralose","8":"product_cat-aromen","9":"product_cat-frucht-aromen-liquid-e-zigarette","10":"product_cat-my-eliquid-aromen","11":"product_cat-suesse-aromen-liquid-e-zigarette","12":"product_tag-6900","13":"product_tag-alle","14":"product_tag-aroma","15":"product_tag-aromen","16":"product_tag-birne","17":"product_tag-eliquids","18":"product_tag-frucht","19":"product_tag-fuer","20":"product_tag-liquid","21":"product_tag-liquids","22":"product_shipping_class-standard","24":"first","25":"instock","26":"taxable","27":"shipping-taxable","28":"purchasable","29":"product-type-variable"},"acf":[],"_links":{"self":[{"href":"https:\/\/my-eliquid.de\/da\/wp-json\/wp\/v2\/product\/302557","targetHints":{"allow":["GET"]}}],"collection":[{"href":"https:\/\/my-eliquid.de\/da\/wp-json\/wp\/v2\/product"}],"about":[{"href":"https:\/\/my-eliquid.de\/da\/wp-json\/wp\/v2\/types\/product"}],"replies":[{"embeddable":true,"href":"https:\/\/my-eliquid.de\/da\/wp-json\/wp\/v2\/comments?post=302557"}],"wp:featuredmedia":[{"embeddable":true,"href":"https:\/\/my-eliquid.de\/da\/wp-json\/wp\/v2\/media\/319527"}],"wp:attachment":[{"href":"https:\/\/my-eliquid.de\/da\/wp-json\/wp\/v2\/media?parent=302557"}],"wp:term":[{"taxonomy":"product_brand","embeddable":true,"href":"https:\/\/my-eliquid.de\/da\/wp-json\/wp\/v2\/product_brand?post=302557"},{"taxonomy":"product_cat","embeddable":true,"href":"https:\/\/my-eliquid.de\/da\/wp-json\/wp\/v2\/product_cat?post=302557"},{"taxonomy":"product_tag","embeddable":true,"href":"https:\/\/my-eliquid.de\/da\/wp-json\/wp\/v2\/product_tag?post=302557"}],"curies":[{"name":"wp","href":"https:\/\/api.w.org\/{rel}","templated":true}]}}