{"id":302559,"date":"2011-12-22T00:00:00","date_gmt":"2011-12-21T23:00:00","guid":{"rendered":"https:\/\/my-eliquid.de\/shop\/schokolade-aroma\/"},"modified":"2025-12-01T08:27:19","modified_gmt":"2025-12-01T07:27:19","slug":"schokolade-aroma","status":"publish","type":"product","link":"https:\/\/my-eliquid.de\/da\/shop\/schokolade-aroma\/","title":{"rendered":"Smag af chokolade"},"content":{"rendered":"<p>Vores <strong>Schokolade Aroma<\/strong> mit seinem zart-s\u00fc\u00dfen <strong>Schokogeschmack<\/strong> kommer fra linjen af <strong>S\u00f8de smagsoplevelser<\/strong>. Zeigt sich definitiv von seiner Schokoladenseite \u2013 unfassbar k\u00f6stlich! Das <strong>Schokolade Aroma<\/strong> er velegnet til <strong>Smagstils\u00e6tning og fremstilling af egne v\u00e6sker<\/strong> og kan <strong>Blandet med andre smagsstoffer<\/strong> kan tilpasses. P\u00e5 den m\u00e5de kan du skabe nye, individualiserede v\u00e6sker igen og igen! <strong>Aromer<\/strong> m\u00e5 ikke bruges ufortyndet og skal altid underkastes en <strong>Base<\/strong> kan tilf\u00f8jes.<\/p>","protected":false},"excerpt":{"rendered":"<p>Schokolade macht gl\u00fccklich, also warum z\u00f6gern? In unserem leckeren <strong>Schokolade Aroma<\/strong> zeigt sie sich von seiner besten Seite: S\u00fc\u00df, zart und unglaublich k\u00f6stlich!<\/p>","protected":false},"featured_media":319553,"comment_status":"open","ping_status":"closed","template":"","meta":{"_acf_changed":false,"_relevanssi_hide_post":"","_relevanssi_hide_content":"","_relevanssi_pin_for_all":"","_relevanssi_pin_keywords":"","_relevanssi_unpin_keywords":"","_relevanssi_related_keywords":"","_relevanssi_related_include_ids":"","_relevanssi_related_exclude_ids":"","_relevanssi_related_no_append":"","_relevanssi_related_not_related":"","_relevanssi_related_posts":"","_relevanssi_noindex_reason":""},"product_brand":[],"product_cat":[4733,4882,4701,4881,4707],"product_tag":[4919,4915,5166,4917,4914,4918,7157,5004,5014,5013,4920],"class_list":{"0":"post-302559","1":"product","2":"type-product","3":"status-publish","4":"has-post-thumbnail","6":"product_cat-alle-aromen","7":"product_cat-aromen-ohne-sucralose","8":"product_cat-aromen","9":"product_cat-my-eliquid-aromen","10":"product_cat-suesse-aromen-liquid-e-zigarette","11":"product_tag-dampfer","12":"product_tag-e-liquid","13":"product_tag-e-zigarette","14":"product_tag-e-zigi","15":"product_tag-eliquid","16":"product_tag-ezigarette","17":"product_tag-milka","18":"product_tag-nachfuellfluessigkeit","19":"product_tag-schoki","20":"product_tag-schokolade","21":"product_tag-verdampfer","22":"product_shipping_class-standard","24":"first","25":"instock","26":"taxable","27":"shipping-taxable","28":"purchasable","29":"product-type-variable"},"acf":[],"_links":{"self":[{"href":"https:\/\/my-eliquid.de\/da\/wp-json\/wp\/v2\/product\/302559","targetHints":{"allow":["GET"]}}],"collection":[{"href":"https:\/\/my-eliquid.de\/da\/wp-json\/wp\/v2\/product"}],"about":[{"href":"https:\/\/my-eliquid.de\/da\/wp-json\/wp\/v2\/types\/product"}],"replies":[{"embeddable":true,"href":"https:\/\/my-eliquid.de\/da\/wp-json\/wp\/v2\/comments?post=302559"}],"wp:featuredmedia":[{"embeddable":true,"href":"https:\/\/my-eliquid.de\/da\/wp-json\/wp\/v2\/media\/319553"}],"wp:attachment":[{"href":"https:\/\/my-eliquid.de\/da\/wp-json\/wp\/v2\/media?parent=302559"}],"wp:term":[{"taxonomy":"product_brand","embeddable":true,"href":"https:\/\/my-eliquid.de\/da\/wp-json\/wp\/v2\/product_brand?post=302559"},{"taxonomy":"product_cat","embeddable":true,"href":"https:\/\/my-eliquid.de\/da\/wp-json\/wp\/v2\/product_cat?post=302559"},{"taxonomy":"product_tag","embeddable":true,"href":"https:\/\/my-eliquid.de\/da\/wp-json\/wp\/v2\/product_tag?post=302559"}],"curies":[{"name":"wp","href":"https:\/\/api.w.org\/{rel}","templated":true}]}}