{"id":303172,"date":"2012-08-07T00:00:00","date_gmt":"2012-08-06T22:00:00","guid":{"rendered":"https:\/\/my-eliquid.de\/shop\/rahmbonbon\/"},"modified":"2025-11-25T13:52:15","modified_gmt":"2025-11-25T12:52:15","slug":"rahmbonbon","status":"publish","type":"product","link":"https:\/\/my-eliquid.de\/da\/shop\/rahmbonbon\/","title":{"rendered":"Fl\u00f8de slik v\u00e6ske"},"content":{"rendered":"<p>Vores <strong>Fl\u00f8de slik v\u00e6ske<\/strong> scorer point med sin cremet-s\u00f8de <strong>Smag af fl\u00f8dekaramel<\/strong> og kommer fra linjen af <strong>S\u00f8de v\u00e6sker<\/strong>. Cremet! Mild! S\u00f8d! En r\u00e6kke smagsvarianter, som du ikke ville forvente af et fl\u00f8debolleprodukt! Alle vores v\u00e6sker produceres p\u00e5 stedet og opfylder de h\u00f8jeste sikkerhedsstandarder. Den <strong>Fl\u00f8de slik v\u00e6ske<\/strong> er nikotinfri og f\u00e5s i forskellige <strong>Styrker af nikotin<\/strong> tilg\u00e6ngelig. For en langvarig smagsudvikling anbefaler vi at bruge <strong>e-v\u00e6ske<\/strong> Opbevares v\u00e6k fra lys og p\u00e5 et t\u00f8rt sted.<\/p>","protected":false},"excerpt":{"rendered":"<p>Det er cremet, det er s\u00f8dt, og frem for alt smager det utroligt godt: den <strong>Fl\u00f8de slik<\/strong>! Vores <strong>Fl\u00f8de slik v\u00e6ske<\/strong> er garanteret at give dig l\u00e6kker slik-sjov!<\/p>","protected":false},"featured_media":319473,"comment_status":"open","ping_status":"closed","template":"","meta":{"_acf_changed":false,"_relevanssi_hide_post":"","_relevanssi_hide_content":"","_relevanssi_pin_for_all":"","_relevanssi_pin_keywords":"","_relevanssi_unpin_keywords":"","_relevanssi_related_keywords":"","_relevanssi_related_include_ids":"","_relevanssi_related_exclude_ids":"","_relevanssi_related_no_append":"","_relevanssi_related_not_related":"","_relevanssi_related_posts":"","_relevanssi_noindex_reason":""},"product_brand":[],"product_cat":[4731,4689,4880,4842,4706],"product_tag":[4919,4915,5166,4917,7083,6818,4914,4918,5011,5004,5138,7081,7080,4920,7082,6819],"class_list":{"0":"post-303172","1":"product","2":"type-product","3":"status-publish","4":"has-post-thumbnail","6":"product_cat-alle-liquids-fur-e-zigaretten","7":"product_cat-eliquids","8":"product_cat-liquids-ohne-sucralose","9":"product_cat-my-eliquid-liquids","10":"product_cat-suesse-liquids-e-zigarette","11":"product_tag-dampfer","12":"product_tag-e-liquid","13":"product_tag-e-zigarette","14":"product_tag-e-zigi","15":"product_tag-echte","16":"product_tag-elektrische","17":"product_tag-eliquid","18":"product_tag-ezigarette","19":"product_tag-karamell","20":"product_tag-nachfuellfluessigkeit","21":"product_tag-rahmbonbon","22":"product_tag-riesen","23":"product_tag-storck","24":"product_tag-verdampfer","25":"product_tag-werthers","26":"product_tag-zigarette","27":"product_shipping_class-standard","29":"first","30":"outofstock","31":"taxable","32":"shipping-taxable","33":"purchasable","34":"product-type-variable"},"acf":[],"_links":{"self":[{"href":"https:\/\/my-eliquid.de\/da\/wp-json\/wp\/v2\/product\/303172","targetHints":{"allow":["GET"]}}],"collection":[{"href":"https:\/\/my-eliquid.de\/da\/wp-json\/wp\/v2\/product"}],"about":[{"href":"https:\/\/my-eliquid.de\/da\/wp-json\/wp\/v2\/types\/product"}],"replies":[{"embeddable":true,"href":"https:\/\/my-eliquid.de\/da\/wp-json\/wp\/v2\/comments?post=303172"}],"wp:featuredmedia":[{"embeddable":true,"href":"https:\/\/my-eliquid.de\/da\/wp-json\/wp\/v2\/media\/319473"}],"wp:attachment":[{"href":"https:\/\/my-eliquid.de\/da\/wp-json\/wp\/v2\/media?parent=303172"}],"wp:term":[{"taxonomy":"product_brand","embeddable":true,"href":"https:\/\/my-eliquid.de\/da\/wp-json\/wp\/v2\/product_brand?post=303172"},{"taxonomy":"product_cat","embeddable":true,"href":"https:\/\/my-eliquid.de\/da\/wp-json\/wp\/v2\/product_cat?post=303172"},{"taxonomy":"product_tag","embeddable":true,"href":"https:\/\/my-eliquid.de\/da\/wp-json\/wp\/v2\/product_tag?post=303172"}],"curies":[{"name":"wp","href":"https:\/\/api.w.org\/{rel}","templated":true}]}}