{"id":303180,"date":"2012-02-12T00:00:00","date_gmt":"2012-02-11T23:00:00","guid":{"rendered":"https:\/\/my-eliquid.de\/shop\/kaffee-liquid\/"},"modified":"2025-11-25T13:50:42","modified_gmt":"2025-11-25T12:50:42","slug":"kaffee-liquid","status":"publish","type":"product","link":"https:\/\/my-eliquid.de\/da\/shop\/kaffee-liquid\/","title":{"rendered":"V\u00e6ske til kaffe"},"content":{"rendered":"<p>Vores <strong>V\u00e6ske til kaffe<\/strong> mit seinem aromatischen Geschmack edelster Bohnenaromen stammt aus der Linie der <strong>Drikkevarer V\u00e6sker<\/strong>. Dieser appetitliche Kaffeegeschmack l\u00e4sst garantiert keine W\u00fcnsche offen. All unsere Fl\u00fcssigkeiten werden bei uns vor Ort produziert und entsprechen h\u00f6chsten Sicherheitsstandards. Das <strong>V\u00e6ske til kaffe<\/strong> er nikotinfri og f\u00e5s i forskellige <strong>Styrker af nikotin<\/strong> tilg\u00e6ngelig. For en langvarig smagsudvikling anbefaler vi at bruge <strong>e-v\u00e6ske<\/strong> Opbevares v\u00e6k fra lys og p\u00e5 et t\u00f8rt sted.<\/p>","protected":false},"excerpt":{"rendered":"<p>Vores <strong>V\u00e6ske til kaffe<\/strong> h\u00e4lt was der Name verspricht: K\u00f6stlicher Duft, voller Geschmack und ausgepr\u00e4gte R\u00f6staromen sorgen f\u00fcr einen feinen, koffeinfreien Genuss.<\/p>","protected":false},"featured_media":319517,"comment_status":"open","ping_status":"closed","template":"","meta":{"_acf_changed":false,"_relevanssi_hide_post":"","_relevanssi_hide_content":"","_relevanssi_pin_for_all":"","_relevanssi_pin_keywords":"","_relevanssi_unpin_keywords":"","_relevanssi_related_keywords":"","_relevanssi_related_include_ids":"","_relevanssi_related_exclude_ids":"","_relevanssi_related_no_append":"","_relevanssi_related_not_related":"","_relevanssi_related_posts":"","_relevanssi_noindex_reason":""},"product_brand":[],"product_cat":[4731,4692,4689,4880,4842],"product_tag":[1394,1391,5083,4919,1392,1395,4915,5166,4917,4914,1397,4918,5082,5004,1396,1393,4920],"class_list":{"0":"post-303180","1":"product","2":"type-product","3":"status-publish","4":"has-post-thumbnail","6":"product_cat-alle-liquids-fur-e-zigaretten","7":"product_cat-drinks-liquids-e-zigarette","8":"product_cat-eliquids","9":"product_cat-liquids-ohne-sucralose","10":"product_cat-my-eliquid-liquids","11":"product_tag-anteil","12":"product_tag-bitte","13":"product_tag-coffee","14":"product_tag-dampfer","15":"product_tag-den","16":"product_tag-durch","17":"product_tag-e-liquid","18":"product_tag-e-zigarette","19":"product_tag-e-zigi","20":"product_tag-eliquid","21":"product_tag-ersetzen","22":"product_tag-ezigarette","23":"product_tag-kaffee","24":"product_tag-nachfuellfluessigkeit","25":"product_tag-peg","26":"product_tag-pg","27":"product_tag-verdampfer","28":"product_shipping_class-standard","30":"first","31":"outofstock","32":"taxable","33":"shipping-taxable","34":"purchasable","35":"product-type-variable"},"acf":[],"_links":{"self":[{"href":"https:\/\/my-eliquid.de\/da\/wp-json\/wp\/v2\/product\/303180","targetHints":{"allow":["GET"]}}],"collection":[{"href":"https:\/\/my-eliquid.de\/da\/wp-json\/wp\/v2\/product"}],"about":[{"href":"https:\/\/my-eliquid.de\/da\/wp-json\/wp\/v2\/types\/product"}],"replies":[{"embeddable":true,"href":"https:\/\/my-eliquid.de\/da\/wp-json\/wp\/v2\/comments?post=303180"}],"wp:featuredmedia":[{"embeddable":true,"href":"https:\/\/my-eliquid.de\/da\/wp-json\/wp\/v2\/media\/319517"}],"wp:attachment":[{"href":"https:\/\/my-eliquid.de\/da\/wp-json\/wp\/v2\/media?parent=303180"}],"wp:term":[{"taxonomy":"product_brand","embeddable":true,"href":"https:\/\/my-eliquid.de\/da\/wp-json\/wp\/v2\/product_brand?post=303180"},{"taxonomy":"product_cat","embeddable":true,"href":"https:\/\/my-eliquid.de\/da\/wp-json\/wp\/v2\/product_cat?post=303180"},{"taxonomy":"product_tag","embeddable":true,"href":"https:\/\/my-eliquid.de\/da\/wp-json\/wp\/v2\/product_tag?post=303180"}],"curies":[{"name":"wp","href":"https:\/\/api.w.org\/{rel}","templated":true}]}}