{"id":303196,"date":"2017-09-05T00:00:00","date_gmt":"2017-09-04T22:00:00","guid":{"rendered":"https:\/\/my-eliquid.de\/shop\/kische-2-liquid\/"},"modified":"2025-11-25T13:50:47","modified_gmt":"2025-11-25T12:50:47","slug":"kische-2-liquid","status":"publish","type":"product","link":"https:\/\/my-eliquid.de\/da\/shop\/kische-2-liquid\/","title":{"rendered":"Kirseb\u00e6r til b\u00f8rn (Kirseb\u00e6r 2) flydende"},"content":{"rendered":"<p>Vores <strong>Kinder Kirsche\u00a0 Liquid<\/strong> mit seinem sehr intensiven Fruchtgeschmack stammt aus der Linie der <strong>V\u00e6sker af frugt<\/strong>.<\/p>\n<p>Als Klassiker unter den <strong>Dampfern<\/strong> darf nat\u00fcrlich diese Sorte nicht fehlen. Eine Erinnerung aus der kindheit direkt in die Flasche gef\u00fcllt.<\/p>\n<p>S\u00fc\u00dfer <strong>Kirschgenuss<\/strong> f\u00fcr jeden Tag.<\/p>\n<p>All unsere Fl\u00fcssigkeiten werden bei uns vor Ort produziert und entsprechen h\u00f6chsten Sicherheitsstandards.<\/p>\n<p>Det <strong>Kinder Kirsche Liquid<\/strong> er nikotinfri og f\u00e5s i forskellige nikotinstyrker. For en langvarig smagsudvikling anbefaler vi at bruge <strong>e-v\u00e6ske<\/strong> Opbevares v\u00e6k fra lys og p\u00e5 et t\u00f8rt sted.<\/p>","protected":false},"excerpt":{"rendered":"<p>Denne s\u00e6rlige <strong>Kirsch flydende<\/strong> giver en meget intens smagsoplevelse og smager af fyldige, solmodne kirseb\u00e6r, som var de friskplukkede fra tr\u00e6et.<\/p>","protected":false},"featured_media":319576,"comment_status":"open","ping_status":"closed","template":"","meta":{"_acf_changed":false,"_relevanssi_hide_post":"","_relevanssi_hide_content":"","_relevanssi_pin_for_all":"","_relevanssi_pin_keywords":"","_relevanssi_unpin_keywords":"","_relevanssi_related_keywords":"","_relevanssi_related_include_ids":"","_relevanssi_related_exclude_ids":"","_relevanssi_related_no_append":"","_relevanssi_related_not_related":"","_relevanssi_related_posts":"","_relevanssi_noindex_reason":""},"product_brand":[],"product_cat":[4731,4690,4689,4880,4842],"product_tag":[6900,5075,5805],"class_list":{"0":"post-303196","1":"product","2":"type-product","3":"status-publish","4":"has-post-thumbnail","6":"product_cat-alle-liquids-fur-e-zigaretten","7":"product_cat-frucht-liquids-e-zigarette","8":"product_cat-eliquids","9":"product_cat-liquids-ohne-sucralose","10":"product_cat-my-eliquid-liquids","11":"product_tag-6900","12":"product_tag-kirsche","13":"product_tag-liquid","14":"product_shipping_class-standard","16":"first","17":"outofstock","18":"taxable","19":"shipping-taxable","20":"purchasable","21":"product-type-variable"},"acf":[],"_links":{"self":[{"href":"https:\/\/my-eliquid.de\/da\/wp-json\/wp\/v2\/product\/303196","targetHints":{"allow":["GET"]}}],"collection":[{"href":"https:\/\/my-eliquid.de\/da\/wp-json\/wp\/v2\/product"}],"about":[{"href":"https:\/\/my-eliquid.de\/da\/wp-json\/wp\/v2\/types\/product"}],"replies":[{"embeddable":true,"href":"https:\/\/my-eliquid.de\/da\/wp-json\/wp\/v2\/comments?post=303196"}],"wp:featuredmedia":[{"embeddable":true,"href":"https:\/\/my-eliquid.de\/da\/wp-json\/wp\/v2\/media\/319576"}],"wp:attachment":[{"href":"https:\/\/my-eliquid.de\/da\/wp-json\/wp\/v2\/media?parent=303196"}],"wp:term":[{"taxonomy":"product_brand","embeddable":true,"href":"https:\/\/my-eliquid.de\/da\/wp-json\/wp\/v2\/product_brand?post=303196"},{"taxonomy":"product_cat","embeddable":true,"href":"https:\/\/my-eliquid.de\/da\/wp-json\/wp\/v2\/product_cat?post=303196"},{"taxonomy":"product_tag","embeddable":true,"href":"https:\/\/my-eliquid.de\/da\/wp-json\/wp\/v2\/product_tag?post=303196"}],"curies":[{"name":"wp","href":"https:\/\/api.w.org\/{rel}","templated":true}]}}