{"id":303215,"date":"2015-01-21T00:00:00","date_gmt":"2015-01-20T23:00:00","guid":{"rendered":"https:\/\/my-eliquid.de\/shop\/my-vanille-liquid\/"},"modified":"2026-04-08T09:43:33","modified_gmt":"2026-04-08T07:43:33","slug":"my-vanille-liquid","status":"publish","type":"product","link":"https:\/\/my-eliquid.de\/da\/shop\/my-vanille-liquid\/","title":{"rendered":"my-Vanilla v\u00e6ske"},"content":{"rendered":"<p>Vores <strong>my-Vanilla v\u00e6ske<\/strong> kombinerer smagen af de fineste <strong>Vanilje<\/strong> og l\u00e6kker <strong>karamel<\/strong> og kommer fra linjen af <strong>S\u00f8de v\u00e6sker<\/strong>. Den unikke smagsoplevelse: Vanilje smelter sammen med karamel! Alle vores v\u00e6sker produceres p\u00e5 stedet og lever op til de h\u00f8jeste sikkerhedsstandarder. Den <strong>my-Vanilla v\u00e6ske<\/strong> er nikotinfri og f\u00e5s i forskellige <strong>Styrker af nikotin<\/strong> tilg\u00e6ngelig. For en langvarig smagsudvikling anbefaler vi at bruge <strong>e-v\u00e6ske<\/strong> Opbevares v\u00e6k fra lys og p\u00e5 et t\u00f8rt sted.<\/p>","protected":false},"excerpt":{"rendered":"<p>Mellemm\u00e5ltider uden kalorier: I vores <strong>my-Vanilla v\u00e6ske<\/strong> m\u00f8der cremet s\u00f8dme <strong>Vanilje aroma<\/strong> p\u00e5 l\u00e6kker cremet <strong>Smag af karamel<\/strong> - Vores l\u00e6kre blanding!<\/p>","protected":false},"featured_media":319684,"comment_status":"open","ping_status":"closed","template":"","meta":{"_acf_changed":false,"_relevanssi_hide_post":"","_relevanssi_hide_content":"","_relevanssi_pin_for_all":"","_relevanssi_pin_keywords":"","_relevanssi_unpin_keywords":"","_relevanssi_related_keywords":"","_relevanssi_related_include_ids":"","_relevanssi_related_exclude_ids":"","_relevanssi_related_no_append":"","_relevanssi_related_not_related":"","_relevanssi_related_posts":"","_relevanssi_noindex_reason":""},"product_brand":[],"product_cat":[4731,4690,4689,4880,4694,4842,4706],"product_tag":[4919,4915,5166,4917,4914,4918,6691,5004,4920],"class_list":{"0":"post-303215","1":"product","2":"type-product","3":"status-publish","4":"has-post-thumbnail","6":"product_cat-alle-liquids-fur-e-zigaretten","7":"product_cat-frucht-liquids-e-zigarette","8":"product_cat-eliquids","9":"product_cat-liquids-ohne-sucralose","10":"product_cat-menthol-liquids-e-zigarette","11":"product_cat-my-eliquid-liquids","12":"product_cat-suesse-liquids-e-zigarette","13":"product_tag-dampfer","14":"product_tag-e-liquid","15":"product_tag-e-zigarette","16":"product_tag-e-zigi","17":"product_tag-eliquid","18":"product_tag-ezigarette","19":"product_tag-my-vanille","20":"product_tag-nachfuellfluessigkeit","21":"product_tag-verdampfer","22":"product_shipping_class-standard","24":"first","25":"instock","26":"taxable","27":"shipping-taxable","28":"purchasable","29":"product-type-variable"},"acf":[],"_links":{"self":[{"href":"https:\/\/my-eliquid.de\/da\/wp-json\/wp\/v2\/product\/303215","targetHints":{"allow":["GET"]}}],"collection":[{"href":"https:\/\/my-eliquid.de\/da\/wp-json\/wp\/v2\/product"}],"about":[{"href":"https:\/\/my-eliquid.de\/da\/wp-json\/wp\/v2\/types\/product"}],"replies":[{"embeddable":true,"href":"https:\/\/my-eliquid.de\/da\/wp-json\/wp\/v2\/comments?post=303215"}],"wp:featuredmedia":[{"embeddable":true,"href":"https:\/\/my-eliquid.de\/da\/wp-json\/wp\/v2\/media\/319684"}],"wp:attachment":[{"href":"https:\/\/my-eliquid.de\/da\/wp-json\/wp\/v2\/media?parent=303215"}],"wp:term":[{"taxonomy":"product_brand","embeddable":true,"href":"https:\/\/my-eliquid.de\/da\/wp-json\/wp\/v2\/product_brand?post=303215"},{"taxonomy":"product_cat","embeddable":true,"href":"https:\/\/my-eliquid.de\/da\/wp-json\/wp\/v2\/product_cat?post=303215"},{"taxonomy":"product_tag","embeddable":true,"href":"https:\/\/my-eliquid.de\/da\/wp-json\/wp\/v2\/product_tag?post=303215"}],"curies":[{"name":"wp","href":"https:\/\/api.w.org\/{rel}","templated":true}]}}