{"id":303219,"date":"2012-02-12T00:00:00","date_gmt":"2012-02-11T23:00:00","guid":{"rendered":"https:\/\/my-eliquid.de\/shop\/himbeere-liquid\/"},"modified":"2026-03-19T14:26:28","modified_gmt":"2026-03-19T13:26:28","slug":"himbeere-liquid","status":"publish","type":"product","link":"https:\/\/my-eliquid.de\/da\/shop\/himbeere-liquid\/","title":{"rendered":"Hindb\u00e6rv\u00e6ske"},"content":{"rendered":"<p>Vores <strong>Hindb\u00e6rv\u00e6ske<\/strong> und sein fruchtig-s\u00fc\u00dfes <strong>Himbeer-Aroma<\/strong> stammen aus der Linie der <strong>Fr\u00fcchte Liquids<\/strong>. Authentischer Beeren-Spa\u00df wie frisch gepfl\u00fcckt! All unsere <strong>V\u00e6sker<\/strong> werden bei uns vor Ort produziert und entsprechen h\u00f6chsten Sicherheitsstandards. Das <strong>Hindb\u00e6rv\u00e6ske<\/strong> er nikotinfri og f\u00e5s i forskellige <strong>Styrker af nikotin<\/strong> tilg\u00e6ngelig. For en langvarig smagsudvikling anbefaler vi at bruge <strong>e-v\u00e6ske<\/strong> Opbevares v\u00e6k fra lys og p\u00e5 et t\u00f8rt sted.<\/p>","protected":false},"excerpt":{"rendered":"<p>Nu bliver det forf\u00f8rende frugtagtigt og syndigt s\u00f8dt: vores <strong>Hindb\u00e6rv\u00e6ske<\/strong> og dens fyldige b\u00e6rsmag - en unik b\u00e6rdr\u00f8m! L\u00e6kkert!<\/p>","protected":false},"featured_media":319699,"comment_status":"open","ping_status":"closed","template":"","meta":{"_acf_changed":false,"_relevanssi_hide_post":"","_relevanssi_hide_content":"","_relevanssi_pin_for_all":"","_relevanssi_pin_keywords":"","_relevanssi_unpin_keywords":"","_relevanssi_related_keywords":"","_relevanssi_related_include_ids":"","_relevanssi_related_exclude_ids":"","_relevanssi_related_no_append":"","_relevanssi_related_not_related":"","_relevanssi_related_posts":"","_relevanssi_noindex_reason":""},"product_brand":[],"product_cat":[4731,4690,4689,4880,4842],"product_tag":[6716,5411,4942,6712,5095,5805,5792],"class_list":{"0":"post-303219","1":"product","2":"type-product","3":"status-publish","4":"has-post-thumbnail","6":"product_cat-alle-liquids-fur-e-zigaretten","7":"product_cat-frucht-liquids-e-zigarette","8":"product_cat-eliquids","9":"product_cat-liquids-ohne-sucralose","10":"product_cat-my-eliquid-liquids","11":"product_tag-alle","12":"product_tag-e-zigaretten","13":"product_tag-frucht","14":"product_tag-fuer","15":"product_tag-himbeere","16":"product_tag-liquid","17":"product_tag-liquids","18":"product_shipping_class-standard","20":"first","21":"instock","22":"taxable","23":"shipping-taxable","24":"purchasable","25":"product-type-variable"},"acf":[],"_links":{"self":[{"href":"https:\/\/my-eliquid.de\/da\/wp-json\/wp\/v2\/product\/303219","targetHints":{"allow":["GET"]}}],"collection":[{"href":"https:\/\/my-eliquid.de\/da\/wp-json\/wp\/v2\/product"}],"about":[{"href":"https:\/\/my-eliquid.de\/da\/wp-json\/wp\/v2\/types\/product"}],"replies":[{"embeddable":true,"href":"https:\/\/my-eliquid.de\/da\/wp-json\/wp\/v2\/comments?post=303219"}],"wp:featuredmedia":[{"embeddable":true,"href":"https:\/\/my-eliquid.de\/da\/wp-json\/wp\/v2\/media\/319699"}],"wp:attachment":[{"href":"https:\/\/my-eliquid.de\/da\/wp-json\/wp\/v2\/media?parent=303219"}],"wp:term":[{"taxonomy":"product_brand","embeddable":true,"href":"https:\/\/my-eliquid.de\/da\/wp-json\/wp\/v2\/product_brand?post=303219"},{"taxonomy":"product_cat","embeddable":true,"href":"https:\/\/my-eliquid.de\/da\/wp-json\/wp\/v2\/product_cat?post=303219"},{"taxonomy":"product_tag","embeddable":true,"href":"https:\/\/my-eliquid.de\/da\/wp-json\/wp\/v2\/product_tag?post=303219"}],"curies":[{"name":"wp","href":"https:\/\/api.w.org\/{rel}","templated":true}]}}