{"id":303221,"date":"2015-03-26T00:00:00","date_gmt":"2015-03-25T23:00:00","guid":{"rendered":"https:\/\/my-eliquid.de\/shop\/peanutbutter-choc-liquid\/"},"modified":"2025-11-25T13:52:06","modified_gmt":"2025-11-25T12:52:06","slug":"peanutbutter-choc-liquid","status":"publish","type":"product","link":"https:\/\/my-eliquid.de\/da\/shop\/peanutbutter-choc-liquid\/","title":{"rendered":"Peanutbutter-chokov\u00e6ske"},"content":{"rendered":"<p>Vores <strong>Peanutbutter-Choko Liquid<\/strong> mischt den Geschmack von leckerer <strong>Erdnussbutter<\/strong> und schmackhafter Schokolade und stammt aus der Linie der <strong>S\u00f8de v\u00e6sker<\/strong>. <strong>Erdnussbutter<\/strong> trifft <strong>Schokolade<\/strong> \u2013 Genuss wird neu definiert! All unsere Fl\u00fcssigkeiten werden bei uns vor Ort produziert und entsprechen h\u00f6chsten Sicherheitsstandards. Das <strong>Peanutbutter-Choko Liquid<\/strong> er nikotinfri og f\u00e5s i forskellige <strong>Styrker af nikotin<\/strong> tilg\u00e6ngelig. For en langvarig smagsudvikling anbefaler vi at bruge <strong>e-v\u00e6ske<\/strong> Opbevares v\u00e6k fra lys og p\u00e5 et t\u00f8rt sted.<\/p>","protected":false},"excerpt":{"rendered":"<p>Cremig sanfter <strong>Erdnussbutter Geschmack<\/strong> umschlungen von vollmundig s\u00fc\u00dfem <strong>Smag af chokolade<\/strong>. Vores <strong>Peanutbutter-Choko Liquid<\/strong>: das nussig-schokoladige Abenteuer!<\/p>","protected":false},"featured_media":319701,"comment_status":"open","ping_status":"closed","template":"","meta":{"_acf_changed":false,"_relevanssi_hide_post":"","_relevanssi_hide_content":"","_relevanssi_pin_for_all":"","_relevanssi_pin_keywords":"","_relevanssi_unpin_keywords":"","_relevanssi_related_keywords":"","_relevanssi_related_include_ids":"","_relevanssi_related_exclude_ids":"","_relevanssi_related_no_append":"","_relevanssi_related_not_related":"","_relevanssi_related_posts":"","_relevanssi_noindex_reason":""},"product_brand":[],"product_cat":[4731,4880,4842,4693,4706],"product_tag":[4919,4915,5166,4917,4914,4918,5004,5296,4920],"class_list":{"0":"post-303221","1":"product","2":"type-product","3":"status-publish","4":"has-post-thumbnail","6":"product_cat-alle-liquids-fur-e-zigaretten","7":"product_cat-liquids-ohne-sucralose","8":"product_cat-my-eliquid-liquids","9":"product_cat-special-liquids-e-zigarette","10":"product_cat-suesse-liquids-e-zigarette","11":"product_tag-dampfer","12":"product_tag-e-liquid","13":"product_tag-e-zigarette","14":"product_tag-e-zigi","15":"product_tag-eliquid","16":"product_tag-ezigarette","17":"product_tag-nachfuellfluessigkeit","18":"product_tag-peanutbutter-choc","19":"product_tag-verdampfer","20":"product_shipping_class-standard","22":"first","23":"outofstock","24":"taxable","25":"shipping-taxable","26":"purchasable","27":"product-type-variable"},"acf":[],"_links":{"self":[{"href":"https:\/\/my-eliquid.de\/da\/wp-json\/wp\/v2\/product\/303221","targetHints":{"allow":["GET"]}}],"collection":[{"href":"https:\/\/my-eliquid.de\/da\/wp-json\/wp\/v2\/product"}],"about":[{"href":"https:\/\/my-eliquid.de\/da\/wp-json\/wp\/v2\/types\/product"}],"replies":[{"embeddable":true,"href":"https:\/\/my-eliquid.de\/da\/wp-json\/wp\/v2\/comments?post=303221"}],"wp:featuredmedia":[{"embeddable":true,"href":"https:\/\/my-eliquid.de\/da\/wp-json\/wp\/v2\/media\/319701"}],"wp:attachment":[{"href":"https:\/\/my-eliquid.de\/da\/wp-json\/wp\/v2\/media?parent=303221"}],"wp:term":[{"taxonomy":"product_brand","embeddable":true,"href":"https:\/\/my-eliquid.de\/da\/wp-json\/wp\/v2\/product_brand?post=303221"},{"taxonomy":"product_cat","embeddable":true,"href":"https:\/\/my-eliquid.de\/da\/wp-json\/wp\/v2\/product_cat?post=303221"},{"taxonomy":"product_tag","embeddable":true,"href":"https:\/\/my-eliquid.de\/da\/wp-json\/wp\/v2\/product_tag?post=303221"}],"curies":[{"name":"wp","href":"https:\/\/api.w.org\/{rel}","templated":true}]}}