{"id":303230,"date":"2013-02-23T00:00:00","date_gmt":"2013-02-22T23:00:00","guid":{"rendered":"https:\/\/my-eliquid.de\/shop\/praline-trueffel-liquid\/"},"modified":"2025-11-25T13:52:14","modified_gmt":"2025-11-25T12:52:14","slug":"praline-trueffel-liquid","status":"publish","type":"product","link":"https:\/\/my-eliquid.de\/da\/shop\/praline-trueffel-liquid\/","title":{"rendered":"Praline Liquid"},"content":{"rendered":"<p>Vores <strong>Praline Liquid<\/strong> besticht mit seinem schokoladig-s\u00fc\u00dfem Aroma von edlen <strong>Pralinen<\/strong> og kommer fra linjen af <strong>S\u00f8de v\u00e6sker<\/strong>. Die Kr\u00f6nung der Chocolatierskunst in Liquid<\/strong>.-Form! All unsere Fl\u00fcssigkeiten werden bei uns vor Ort produziert und entsprechen h\u00f6chsten Sicherheitsstandards. Das <strong>Praline Liquid<\/strong> er nikotinfri og f\u00e5s i forskellige <strong>Styrker af nikotin<\/strong> tilg\u00e6ngelig. For en langvarig smagsudvikling anbefaler vi at bruge <strong>e-v\u00e6ske<\/strong> Opbevares v\u00e6k fra lys og p\u00e5 et t\u00f8rt sted.<\/p>","protected":false},"excerpt":{"rendered":"<p>Die (wortw\u00f6rtliche) Praline unter den <strong>V\u00e6sker<\/strong> ist nat\u00fcrlich unser feines <strong>Praline Liquid<\/strong>: Vollmundiger Schokoladengeschmack sorgt f\u00fcr s\u00fcndhaft s\u00fc\u00dfen Geschmack!<\/p>","protected":false},"featured_media":319788,"comment_status":"open","ping_status":"closed","template":"","meta":{"_acf_changed":false,"_relevanssi_hide_post":"","_relevanssi_hide_content":"","_relevanssi_pin_for_all":"","_relevanssi_pin_keywords":"","_relevanssi_unpin_keywords":"","_relevanssi_related_keywords":"","_relevanssi_related_include_ids":"","_relevanssi_related_exclude_ids":"","_relevanssi_related_no_append":"","_relevanssi_related_not_related":"","_relevanssi_related_posts":"","_relevanssi_noindex_reason":""},"product_brand":[],"product_cat":[4731,4689,4880,4842,4706],"product_tag":[4919,4915,5166,4917,6818,4918,5004,6827,5158,6828,4920,6819],"class_list":{"0":"post-303230","1":"product","2":"type-product","3":"status-publish","4":"has-post-thumbnail","6":"product_cat-alle-liquids-fur-e-zigaretten","7":"product_cat-eliquids","8":"product_cat-liquids-ohne-sucralose","9":"product_cat-my-eliquid-liquids","10":"product_cat-suesse-liquids-e-zigarette","11":"product_tag-dampfer","12":"product_tag-e-liquid","13":"product_tag-e-zigarette","14":"product_tag-e-zigi","15":"product_tag-elektrische","16":"product_tag-ezigarette","17":"product_tag-nachfuellfluessigkeit","18":"product_tag-praline","19":"product_tag-suesswaren","20":"product_tag-trueffel","21":"product_tag-verdampfer","22":"product_tag-zigarette","23":"product_shipping_class-standard","25":"first","26":"instock","27":"taxable","28":"shipping-taxable","29":"purchasable","30":"product-type-variable"},"acf":[],"_links":{"self":[{"href":"https:\/\/my-eliquid.de\/da\/wp-json\/wp\/v2\/product\/303230","targetHints":{"allow":["GET"]}}],"collection":[{"href":"https:\/\/my-eliquid.de\/da\/wp-json\/wp\/v2\/product"}],"about":[{"href":"https:\/\/my-eliquid.de\/da\/wp-json\/wp\/v2\/types\/product"}],"replies":[{"embeddable":true,"href":"https:\/\/my-eliquid.de\/da\/wp-json\/wp\/v2\/comments?post=303230"}],"wp:featuredmedia":[{"embeddable":true,"href":"https:\/\/my-eliquid.de\/da\/wp-json\/wp\/v2\/media\/319788"}],"wp:attachment":[{"href":"https:\/\/my-eliquid.de\/da\/wp-json\/wp\/v2\/media?parent=303230"}],"wp:term":[{"taxonomy":"product_brand","embeddable":true,"href":"https:\/\/my-eliquid.de\/da\/wp-json\/wp\/v2\/product_brand?post=303230"},{"taxonomy":"product_cat","embeddable":true,"href":"https:\/\/my-eliquid.de\/da\/wp-json\/wp\/v2\/product_cat?post=303230"},{"taxonomy":"product_tag","embeddable":true,"href":"https:\/\/my-eliquid.de\/da\/wp-json\/wp\/v2\/product_tag?post=303230"}],"curies":[{"name":"wp","href":"https:\/\/api.w.org\/{rel}","templated":true}]}}