{"id":303248,"date":"2013-11-11T00:00:00","date_gmt":"2013-11-10T23:00:00","guid":{"rendered":"https:\/\/my-eliquid.de\/shop\/schwarzkirsche-liquid\/"},"modified":"2026-03-23T09:05:50","modified_gmt":"2026-03-23T08:05:50","slug":"schwarzkirsche-liquid","status":"publish","type":"product","link":"https:\/\/my-eliquid.de\/da\/shop\/schwarzkirsche-liquid\/","title":{"rendered":"Surkirseb\u00e6r (2) Flydende"},"content":{"rendered":"<p>Vores <strong>Surkirseb\u00e6r 2 Liquid<\/strong> schmeckt nach vollreifer <strong>Sauerkirsche<\/strong> og kommer fra linjen af <strong>Fr\u00fcchte Liquids<\/strong>. Fruchtiges Waldvergn\u00fcgen mit hunderprozentigem Kirschgenuss. All unsere Fl\u00fcssigkeiten werden bei uns vor Ort produziert und entsprechen h\u00f6chsten Sicherheitsstandards. Das <strong>Surkirseb\u00e6r 2 Liquid<\/strong> er nikotinfri og f\u00e5s i forskellige <strong>Styrker af nikotin<\/strong> tilg\u00e6ngelig. For en langvarig smagsudvikling anbefaler vi at bruge <strong>e-v\u00e6ske<\/strong> Opbevares v\u00e6k fra lys og p\u00e5 et t\u00f8rt sted.<\/p>","protected":false},"excerpt":{"rendered":"<p>Den frugtige fristelse for fans af den l\u00e6kre skovfrugt: Vores <strong>Surkirseb\u00e6r 2 Liquid<\/strong> med sin utroligt modne og l\u00e6kre s\u00f8dme <strong>Surkirseb\u00e6rsmag<\/strong>!<\/p>","protected":false},"featured_media":319872,"comment_status":"open","ping_status":"closed","template":"","meta":{"_acf_changed":false,"_relevanssi_hide_post":"","_relevanssi_hide_content":"","_relevanssi_pin_for_all":"","_relevanssi_pin_keywords":"","_relevanssi_unpin_keywords":"","_relevanssi_related_keywords":"","_relevanssi_related_include_ids":"","_relevanssi_related_exclude_ids":"","_relevanssi_related_no_append":"","_relevanssi_related_not_related":"","_relevanssi_related_posts":"","_relevanssi_noindex_reason":""},"product_brand":[],"product_cat":[4731,4690,4689,4880,4842],"product_tag":[4949,4919,4915,5166,4917,4914,4918,5004,5220,7793,6859,4920],"class_list":{"0":"post-303248","1":"product","2":"type-product","3":"status-publish","4":"has-post-thumbnail","6":"product_cat-alle-liquids-fur-e-zigaretten","7":"product_cat-frucht-liquids-e-zigarette","8":"product_cat-eliquids","9":"product_cat-liquids-ohne-sucralose","10":"product_cat-my-eliquid-liquids","11":"product_tag-cherry","12":"product_tag-dampfer","13":"product_tag-e-liquid","14":"product_tag-e-zigarette","15":"product_tag-e-zigi","16":"product_tag-eliquid","17":"product_tag-ezigarette","18":"product_tag-nachfuellfluessigkeit","19":"product_tag-sauerkirsche","20":"product_tag-schwarzkirsche","21":"product_tag-sour","22":"product_tag-verdampfer","23":"product_shipping_class-standard","25":"first","26":"instock","27":"taxable","28":"shipping-taxable","29":"purchasable","30":"product-type-variable"},"acf":[],"_links":{"self":[{"href":"https:\/\/my-eliquid.de\/da\/wp-json\/wp\/v2\/product\/303248","targetHints":{"allow":["GET"]}}],"collection":[{"href":"https:\/\/my-eliquid.de\/da\/wp-json\/wp\/v2\/product"}],"about":[{"href":"https:\/\/my-eliquid.de\/da\/wp-json\/wp\/v2\/types\/product"}],"replies":[{"embeddable":true,"href":"https:\/\/my-eliquid.de\/da\/wp-json\/wp\/v2\/comments?post=303248"}],"wp:featuredmedia":[{"embeddable":true,"href":"https:\/\/my-eliquid.de\/da\/wp-json\/wp\/v2\/media\/319872"}],"wp:attachment":[{"href":"https:\/\/my-eliquid.de\/da\/wp-json\/wp\/v2\/media?parent=303248"}],"wp:term":[{"taxonomy":"product_brand","embeddable":true,"href":"https:\/\/my-eliquid.de\/da\/wp-json\/wp\/v2\/product_brand?post=303248"},{"taxonomy":"product_cat","embeddable":true,"href":"https:\/\/my-eliquid.de\/da\/wp-json\/wp\/v2\/product_cat?post=303248"},{"taxonomy":"product_tag","embeddable":true,"href":"https:\/\/my-eliquid.de\/da\/wp-json\/wp\/v2\/product_tag?post=303248"}],"curies":[{"name":"wp","href":"https:\/\/api.w.org\/{rel}","templated":true}]}}