{"id":303266,"date":"2018-12-07T00:00:00","date_gmt":"2018-12-06T23:00:00","guid":{"rendered":"https:\/\/my-eliquid.de\/shop\/asian-cherry-liquid\/"},"modified":"2026-02-24T09:01:46","modified_gmt":"2026-02-24T08:01:46","slug":"asian-cherry-liquid","status":"publish","type":"product","link":"https:\/\/my-eliquid.de\/da\/shop\/asian-cherry-liquid\/","title":{"rendered":"Asiatisk kirseb\u00e6rv\u00e6ske"},"content":{"rendered":"<p><strong>S\u00fc\u00df<\/strong>\u00a0und f<strong>ruchtig<\/strong>\u00a0damit stahlt unser\u00a0<strong>Asiatisk kirseb\u00e6rv\u00e6ske<\/strong><\/p>\n<p>En\u00a0<strong>Kirsch flydende\u00a0<\/strong>wie es eher in den Asiantischen L\u00e4ndern bekannt ist.\u00a0<strong>Fyldig og s\u00f8d!<\/strong><\/p>\n<p>Alle vores v\u00e6sker produceres p\u00e5 stedet og lever op til de h\u00f8jeste sikkerheds- og kvalitetsstandarder.<\/p>","protected":false},"excerpt":{"rendered":"<p><strong>En\u00a0<\/strong>Kirsch Liquid, som det er mere kendt i de asiatiske lande.\u00a0<strong>Fyldig og s\u00f8d!<\/strong> Det <strong>Asiatisk kirseb\u00e6rv\u00e6ske<\/strong> fra My-Eliquid til jer!<\/p>","protected":false},"featured_media":319949,"comment_status":"open","ping_status":"closed","template":"","meta":{"_acf_changed":false,"_relevanssi_hide_post":"","_relevanssi_hide_content":"","_relevanssi_pin_for_all":"","_relevanssi_pin_keywords":"","_relevanssi_unpin_keywords":"","_relevanssi_related_keywords":"","_relevanssi_related_include_ids":"","_relevanssi_related_exclude_ids":"","_relevanssi_related_no_append":"","_relevanssi_related_not_related":"","_relevanssi_related_posts":"","_relevanssi_noindex_reason":""},"product_brand":[],"product_cat":[4731,4690,4689,4880,4842,4791,4706],"product_tag":[4949,5411,4942,6712,5805,5792,4956,6885],"class_list":{"0":"post-303266","1":"product","2":"type-product","3":"status-publish","4":"has-post-thumbnail","6":"product_cat-alle-liquids-fur-e-zigaretten","7":"product_cat-frucht-liquids-e-zigarette","8":"product_cat-eliquids","9":"product_cat-liquids-ohne-sucralose","10":"product_cat-my-eliquid-liquids","11":"product_cat-neue-liquids","12":"product_cat-suesse-liquids-e-zigarette","13":"product_tag-cherry","14":"product_tag-e-zigaretten","15":"product_tag-frucht","16":"product_tag-fuer","17":"product_tag-liquid","18":"product_tag-liquids","19":"product_tag-menthol","20":"product_tag-neue","21":"product_shipping_class-standard","23":"first","24":"instock","25":"taxable","26":"shipping-taxable","27":"purchasable","28":"product-type-variable"},"acf":[],"_links":{"self":[{"href":"https:\/\/my-eliquid.de\/da\/wp-json\/wp\/v2\/product\/303266","targetHints":{"allow":["GET"]}}],"collection":[{"href":"https:\/\/my-eliquid.de\/da\/wp-json\/wp\/v2\/product"}],"about":[{"href":"https:\/\/my-eliquid.de\/da\/wp-json\/wp\/v2\/types\/product"}],"replies":[{"embeddable":true,"href":"https:\/\/my-eliquid.de\/da\/wp-json\/wp\/v2\/comments?post=303266"}],"wp:featuredmedia":[{"embeddable":true,"href":"https:\/\/my-eliquid.de\/da\/wp-json\/wp\/v2\/media\/319949"}],"wp:attachment":[{"href":"https:\/\/my-eliquid.de\/da\/wp-json\/wp\/v2\/media?parent=303266"}],"wp:term":[{"taxonomy":"product_brand","embeddable":true,"href":"https:\/\/my-eliquid.de\/da\/wp-json\/wp\/v2\/product_brand?post=303266"},{"taxonomy":"product_cat","embeddable":true,"href":"https:\/\/my-eliquid.de\/da\/wp-json\/wp\/v2\/product_cat?post=303266"},{"taxonomy":"product_tag","embeddable":true,"href":"https:\/\/my-eliquid.de\/da\/wp-json\/wp\/v2\/product_tag?post=303266"}],"curies":[{"name":"wp","href":"https:\/\/api.w.org\/{rel}","templated":true}]}}