{"id":303288,"date":"2017-09-05T00:00:00","date_gmt":"2017-09-04T22:00:00","guid":{"rendered":"https:\/\/my-eliquid.de\/shop\/kiwi-liquid\/"},"modified":"2025-11-25T13:50:49","modified_gmt":"2025-11-25T12:50:49","slug":"kiwi-liquid","status":"publish","type":"product","link":"https:\/\/my-eliquid.de\/da\/shop\/kiwi-liquid\/","title":{"rendered":"Kiwi v\u00e6ske"},"content":{"rendered":"<p>Vores <strong>Kiwi v\u00e6ske<\/strong> mit seinem s\u00fc\u00df-s\u00e4uerlichen Fruchtgeschmack stammt aus der Linie der <strong>V\u00e6sker af frugt<\/strong>. Kiwi vereint nicht nur s\u00fc\u00dfen, sondern auch die typisch leicht s\u00e4uerliche Note in nur einer Fl\u00fcssigkeit. All unsere Fl\u00fcssigkeiten werden bei uns vor Ort produziert und entsprechen h\u00f6chsten Sicherheitsstandards. Das <strong>Kiwi v\u00e6ske<\/strong> er nikotinfri og f\u00e5s i forskellige nikotinstyrker. For en langvarig smagsudvikling anbefaler vi at bruge <strong>e-v\u00e6ske<\/strong> Opbevares v\u00e6k fra lys og p\u00e5 et t\u00f8rt sted.<\/p>","protected":false},"excerpt":{"rendered":"<p>F\u00fcr alle, die gerne fruchtig und dennoch nicht zu s\u00fc\u00df <strong>damp<\/strong>, ist unser <strong>Kiwi v\u00e6ske<\/strong> mit dem Geschmack der gr\u00fcnen exotischen Vitaminbombe ein absolutes Muss.<\/p>","protected":false},"featured_media":319212,"comment_status":"open","ping_status":"closed","template":"","meta":{"_acf_changed":false,"_relevanssi_hide_post":"","_relevanssi_hide_content":"","_relevanssi_pin_for_all":"","_relevanssi_pin_keywords":"","_relevanssi_unpin_keywords":"","_relevanssi_related_keywords":"","_relevanssi_related_include_ids":"","_relevanssi_related_exclude_ids":"","_relevanssi_related_no_append":"","_relevanssi_related_not_related":"","_relevanssi_related_posts":"","_relevanssi_noindex_reason":""},"product_brand":[],"product_cat":[4731,4690,4689,4880,4842],"product_tag":[5023,5805],"class_list":{"0":"post-303288","1":"product","2":"type-product","3":"status-publish","4":"has-post-thumbnail","6":"product_cat-alle-liquids-fur-e-zigaretten","7":"product_cat-frucht-liquids-e-zigarette","8":"product_cat-eliquids","9":"product_cat-liquids-ohne-sucralose","10":"product_cat-my-eliquid-liquids","11":"product_tag-kiwi","12":"product_tag-liquid","13":"product_shipping_class-standard","15":"first","16":"outofstock","17":"taxable","18":"shipping-taxable","19":"purchasable","20":"product-type-variable"},"acf":[],"_links":{"self":[{"href":"https:\/\/my-eliquid.de\/da\/wp-json\/wp\/v2\/product\/303288","targetHints":{"allow":["GET"]}}],"collection":[{"href":"https:\/\/my-eliquid.de\/da\/wp-json\/wp\/v2\/product"}],"about":[{"href":"https:\/\/my-eliquid.de\/da\/wp-json\/wp\/v2\/types\/product"}],"replies":[{"embeddable":true,"href":"https:\/\/my-eliquid.de\/da\/wp-json\/wp\/v2\/comments?post=303288"}],"wp:featuredmedia":[{"embeddable":true,"href":"https:\/\/my-eliquid.de\/da\/wp-json\/wp\/v2\/media\/319212"}],"wp:attachment":[{"href":"https:\/\/my-eliquid.de\/da\/wp-json\/wp\/v2\/media?parent=303288"}],"wp:term":[{"taxonomy":"product_brand","embeddable":true,"href":"https:\/\/my-eliquid.de\/da\/wp-json\/wp\/v2\/product_brand?post=303288"},{"taxonomy":"product_cat","embeddable":true,"href":"https:\/\/my-eliquid.de\/da\/wp-json\/wp\/v2\/product_cat?post=303288"},{"taxonomy":"product_tag","embeddable":true,"href":"https:\/\/my-eliquid.de\/da\/wp-json\/wp\/v2\/product_tag?post=303288"}],"curies":[{"name":"wp","href":"https:\/\/api.w.org\/{rel}","templated":true}]}}