{"id":304806,"date":"2011-10-28T00:00:00","date_gmt":"2011-10-27T22:00:00","guid":{"rendered":"https:\/\/my-eliquid.de\/shop\/propylenglycol-pg-liquid-base-ohne-nikotin-0mg\/"},"modified":"2026-04-10T09:10:33","modified_gmt":"2026-04-10T07:10:33","slug":"propylenglycol-pg-liquid-base-ohne-nikotin-0mg","status":"publish","type":"product","link":"https:\/\/my-eliquid.de\/da\/shop\/propylenglycol-pg-liquid-base-ohne-nikotin-0mg\/","title":{"rendered":"Propylenglycol (PG) flydende base uden nikotin 0 mg"},"content":{"rendered":"<p>Inhalt: Propylenglycol (PG) E1520 (Ph. Eur.)<\/p>\n<p>Disse artikler er beregnet til <strong>Blandinger<\/strong> oder, um diese zu <strong>fortynde<\/strong> angeboten, nicht f\u00fcr den unmittelbaren Verbrauch.<\/p>\n<p><span style=\"color: #ff0000;\">Advarsel!!! Opbevares utilg\u00e6ngeligt for b\u00f8rn!!!<\/span><\/p>\n<p>Juridiske oplysninger om brugen<br \/>\nBei diesen Artikeln handelt es sich rechtlich um Chemikalien. Diese Chemikalien werden zur <strong>Herstellung von Nachf\u00fcllfl\u00fcssigkeiten<\/strong> bzw. e-Liquids verwendet. Nur f\u00fcr diesen Verwendungszweck werden diese Chemikalien f\u00fcr sachkundige K\u00e4ufer angeboten und an diese verkauft. Die sachgem\u00e4\u00dfe Verwendung liegt in der Verantwortung des K\u00e4ufers.<\/p>\n<p>Disse kemikalier er ikke l\u00e6gemidler eller f\u00f8devarer og er i den form, vi tilbyder dem, ikke beregnet til indtagelse af slutbrugere. Vi giver heller ingen bindende tilberednings- eller <strong>Doseringsvejledning<\/strong>. Brug og indtagelse sker p\u00e5 eget ansvar.<\/p>\n<p>my-eLiquid er ikke ansvarlig for sundhedsskader, f.eks. som f\u00f8lge af forkert brug.<\/p>\n<p>Disse varer m\u00e5 kun bestilles, hvis k\u00f8beren har den n\u00f8dvendige <strong>Erfaring<\/strong> i h\u00e5ndtering af disse kemikalier og r\u00e5varer.<\/p>","protected":false},"excerpt":{"rendered":"<p>My-eLiquid <strong>Propylenglycol (PG) base<\/strong> <strong>uden nikotin<\/strong> til fremstilling af v\u00e6sker er god til <strong>e-v\u00e6sker<\/strong> fortynde eller <strong>nikotinindhold<\/strong> at \u00e6ndre. Deres basis vil blive \u00e6ndret i en <strong><span style=\"color: #339966\">PET brun flaske<\/span><\/strong> leveret.<\/p>","protected":false},"featured_media":319512,"comment_status":"open","ping_status":"closed","template":"","meta":{"_acf_changed":false,"_relevanssi_hide_post":"","_relevanssi_hide_content":"","_relevanssi_pin_for_all":"","_relevanssi_pin_keywords":"","_relevanssi_unpin_keywords":"","_relevanssi_related_keywords":"","_relevanssi_related_include_ids":"","_relevanssi_related_exclude_ids":"","_relevanssi_related_no_append":"","_relevanssi_related_not_related":"","_relevanssi_related_posts":"","_relevanssi_noindex_reason":""},"product_brand":[],"product_cat":[4732,4695,4696],"product_tag":[4973,4919,4915,5166,4917,4976,4914,7123,4918,4974,5004,1393,7122,4975,4920],"class_list":{"0":"post-304806","1":"product","2":"type-product","3":"status-publish","4":"has-post-thumbnail","6":"product_cat-alle-basen-fur-liquids","7":"product_cat-diy-liquid-basen","8":"product_cat-propylenglycol-pg-basis","9":"product_tag-dab","10":"product_tag-dampfer","11":"product_tag-e-liquid","12":"product_tag-e-zigarette","13":"product_tag-e-zigi","14":"product_tag-e1520","15":"product_tag-eliquid","16":"product_tag-eur","17":"product_tag-ezigarette","18":"product_tag-hersteller","19":"product_tag-nachfuellfluessigkeit","20":"product_tag-pg","21":"product_tag-ph","22":"product_tag-propylenglycol","23":"product_tag-verdampfer","24":"product_shipping_class-standard","26":"first","27":"instock","28":"taxable","29":"shipping-taxable","30":"purchasable","31":"product-type-variable"},"acf":[],"_links":{"self":[{"href":"https:\/\/my-eliquid.de\/da\/wp-json\/wp\/v2\/product\/304806","targetHints":{"allow":["GET"]}}],"collection":[{"href":"https:\/\/my-eliquid.de\/da\/wp-json\/wp\/v2\/product"}],"about":[{"href":"https:\/\/my-eliquid.de\/da\/wp-json\/wp\/v2\/types\/product"}],"replies":[{"embeddable":true,"href":"https:\/\/my-eliquid.de\/da\/wp-json\/wp\/v2\/comments?post=304806"}],"wp:featuredmedia":[{"embeddable":true,"href":"https:\/\/my-eliquid.de\/da\/wp-json\/wp\/v2\/media\/319512"}],"wp:attachment":[{"href":"https:\/\/my-eliquid.de\/da\/wp-json\/wp\/v2\/media?parent=304806"}],"wp:term":[{"taxonomy":"product_brand","embeddable":true,"href":"https:\/\/my-eliquid.de\/da\/wp-json\/wp\/v2\/product_brand?post=304806"},{"taxonomy":"product_cat","embeddable":true,"href":"https:\/\/my-eliquid.de\/da\/wp-json\/wp\/v2\/product_cat?post=304806"},{"taxonomy":"product_tag","embeddable":true,"href":"https:\/\/my-eliquid.de\/da\/wp-json\/wp\/v2\/product_tag?post=304806"}],"curies":[{"name":"wp","href":"https:\/\/api.w.org\/{rel}","templated":true}]}}