{"id":304812,"date":"2011-10-28T00:00:00","date_gmt":"2011-10-27T22:00:00","guid":{"rendered":"https:\/\/my-eliquid.de\/shop\/polyethylenglycol-peg400-liquid-base-ohne-nikotin-0mg\/"},"modified":"2026-02-04T10:17:54","modified_gmt":"2026-02-04T09:17:54","slug":"polyethylenglycol-peg400-liquid-base-ohne-nikotin-0mg","status":"publish","type":"product","link":"https:\/\/my-eliquid.de\/da\/shop\/polyethylenglycol-peg400-liquid-base-ohne-nikotin-0mg\/","title":{"rendered":"Polyethylenglycol 400 (PEG 400) ren flydende base uden nikotin 0 mg"},"content":{"rendered":"<p>Det anbefales kun at bruge produktet, hvis man er erfaren og \u00f8vet.<br \/>\nDisse artikler er beregnet til <strong>Blandinger<\/strong> eller for at fortynde dem, ikke til direkte forbrug.<\/p>\n<p><span style=\"color: #ff0000;\">Advarsel!!! Opbevares utilg\u00e6ngeligt for b\u00f8rn!!!<\/span><\/p>\n<p>Juridiske oplysninger om brugen<br \/>\nDisse artikler er juridisk set kemikalier. Disse kemikalier anvendes til fremstilling af<strong> P\u00e5fyldningsv\u00e6sker eller eLiquids<\/strong> . Disse kemikalier tilbydes og s\u00e6lges kun til kyndige k\u00f8bere til dette form\u00e5l. Den korrekte anvendelse er k\u00f8bers ansvar.<\/p>\n<p>Disse kemikalier er ikke l\u00e6gemidler eller f\u00f8devarer og er i den form, vi tilbyder dem, ikke beregnet til indtagelse af slutbrugere. Vi giver heller ingen bindende tilberednings- eller<strong> Doseringsvejledning<\/strong>. Brug og indtagelse sker p\u00e5 eget ansvar.<\/p>\n<p>my-eLiquid er ikke ansvarlig for sundhedsskader, f.eks. som f\u00f8lge af forkert brug.<\/p>\n<p>Disse varer m\u00e5 kun bestilles, hvis k\u00f8beren har den n\u00f8dvendige <strong>Erfaring<\/strong> i h\u00e5ndtering af disse kemikalier og r\u00e5varer.<\/p>","protected":false},"excerpt":{"rendered":"<p>Din my-eLiquid <strong>Polyethylenglycol 400 (PEG 400) base<\/strong> til fremstilling af egne <strong>eLiquids<\/strong>. Ogs\u00e5 egnet til at fortynde eksisterende v\u00e6sker eller til at <strong>nikotinindhold<\/strong> individuel \u00e6ndring. Deres basis vil blive fastlagt i en <span style=\"color: #339966\"><strong>PET brun flaske<\/strong><\/span> leveret.<\/p>","protected":false},"featured_media":319843,"comment_status":"open","ping_status":"closed","template":"","meta":{"_acf_changed":false,"_relevanssi_hide_post":"","_relevanssi_hide_content":"","_relevanssi_pin_for_all":"","_relevanssi_pin_keywords":"","_relevanssi_unpin_keywords":"","_relevanssi_related_keywords":"","_relevanssi_related_include_ids":"","_relevanssi_related_exclude_ids":"","_relevanssi_related_no_append":"","_relevanssi_related_not_related":"","_relevanssi_related_posts":"","_relevanssi_noindex_reason":""},"product_brand":[],"product_cat":[4732,4695,4698],"product_tag":[7413,4973,4919,4915,5166,4917,4914,7123,4918,4974,5004,1396,7122,7414,4920],"class_list":{"0":"post-304812","1":"product","2":"type-product","3":"status-publish","4":"has-post-thumbnail","6":"product_cat-alle-basen-fur-liquids","7":"product_cat-diy-liquid-basen","8":"product_cat-polyethylenglycol400-peg400-basis","9":"product_tag-7413","10":"product_tag-dab","11":"product_tag-dampfer","12":"product_tag-e-liquid","13":"product_tag-e-zigarette","14":"product_tag-e-zigi","15":"product_tag-eliquid","16":"product_tag-eur","17":"product_tag-ezigarette","18":"product_tag-hersteller","19":"product_tag-nachfuellfluessigkeit","20":"product_tag-peg","21":"product_tag-ph","22":"product_tag-polyethylenglycol","23":"product_tag-verdampfer","24":"product_shipping_class-standard","26":"first","27":"outofstock","28":"taxable","29":"shipping-taxable","30":"purchasable","31":"product-type-variable"},"acf":[],"_links":{"self":[{"href":"https:\/\/my-eliquid.de\/da\/wp-json\/wp\/v2\/product\/304812","targetHints":{"allow":["GET"]}}],"collection":[{"href":"https:\/\/my-eliquid.de\/da\/wp-json\/wp\/v2\/product"}],"about":[{"href":"https:\/\/my-eliquid.de\/da\/wp-json\/wp\/v2\/types\/product"}],"replies":[{"embeddable":true,"href":"https:\/\/my-eliquid.de\/da\/wp-json\/wp\/v2\/comments?post=304812"}],"wp:featuredmedia":[{"embeddable":true,"href":"https:\/\/my-eliquid.de\/da\/wp-json\/wp\/v2\/media\/319843"}],"wp:attachment":[{"href":"https:\/\/my-eliquid.de\/da\/wp-json\/wp\/v2\/media?parent=304812"}],"wp:term":[{"taxonomy":"product_brand","embeddable":true,"href":"https:\/\/my-eliquid.de\/da\/wp-json\/wp\/v2\/product_brand?post=304812"},{"taxonomy":"product_cat","embeddable":true,"href":"https:\/\/my-eliquid.de\/da\/wp-json\/wp\/v2\/product_cat?post=304812"},{"taxonomy":"product_tag","embeddable":true,"href":"https:\/\/my-eliquid.de\/da\/wp-json\/wp\/v2\/product_tag?post=304812"}],"curies":[{"name":"wp","href":"https:\/\/api.w.org\/{rel}","templated":true}]}}