{"id":305029,"date":"2022-11-15T00:00:00","date_gmt":"2022-11-14T23:00:00","guid":{"rendered":"https:\/\/my-eliquid.de\/shop\/dotmod-dotsick-revo\/"},"modified":"2025-11-25T13:48:28","modified_gmt":"2025-11-25T12:48:28","slug":"dotmod-dotsick-revo","status":"publish","type":"product","link":"https:\/\/my-eliquid.de\/da\/shop\/dotmod-dotsick-revo\/","title":{"rendered":"dotMod | dotStick Revo | 35W-s\u00e6t"},"content":{"rendered":"<p>Den <strong>dotStick Revo<\/strong> Kit, producenten, der er kendt for sin ekstremt h\u00f8je kvalitet, pr\u00e6senterer et meget elegant alt-i-et-s\u00e6t i et praktisk tubeformat.<\/p>\n<p><strong>Batteriholderen<\/strong> er udstyret med en innovativ\u00a0<span>Superkondensator<\/span>\u00a0Dette svarer omtrent til en <strong>700 mAh<\/strong> Litium-ion-batteri. Denne superkondensator l\u00f8ber ikke t\u00f8r for str\u00f8m, selv efter 15.000 opladninger. Batteriet kan nemt oplades n\u00e5r som helst via USB-C. Med den matchende\u00a0<span>Oplader<\/span>\u00a0enheden kan v\u00e6re\u00a0<span>5 minutter Fuld igen<\/span>\u00a0Fyld op.<\/p>\n<p>Naturligvis er alle de vigtige beskyttelseskredsl\u00f8b placeret inde i moddet, s\u00e5 du kan nyde din v\u00e6ske hele dagen uden problemer. N\u00e5r du har t\u00e6ndt dotStick ved hj\u00e6lp af 5-klik-funktionen, kan du v\u00e6lge mellem tre forskellige effektniveauer med 3 klik eller dampe i automatisk bypass-tilstand. Den maksimale \u00f8vre gr\u00e6nse er dog 35 watt, hvilket stadig er helt tilstr\u00e6kkeligt for denne enhed.<\/p>\n<p>Fordamperen er forbundet med dotStick via en magnet. <strong>Tankens volumen p\u00e5 3,5 ml<\/strong> fyldes ved blot at \u00e5bne tanken p\u00e5 siden.<\/p>\n<div><span style=\"font-family: Arial;\">Data:<\/span><\/div>\n<ul>\n<li><span><span>Revolutionerende high-end kit til MTL-, RDL- og DL-dampadf\u00e6rd<\/span><\/span><\/li>\n<li><span><span>Meget kompakt og let<\/span><\/span><\/li>\n<li><span><span>Elegant og moderne r\u00f8rdesign<\/span><\/span><\/li>\n<li><span><span>H\u00e5ndv\u00e6rk af h\u00f8j kvalitet<\/span><\/span><\/li>\n<li><span><span>Innovativ superkondensator (svarer til et litium-ion-batteri p\u00e5 700 mAh)<\/span><\/span><\/li>\n<li><span><span>Over 15.000 opladningscyklusser uden n\u00e6vnev\u00e6rdigt tab af kapacitet<\/span><\/span><\/li>\n<li><span><span>Kan oplades via USB Type-C med op til 30 watt p\u00e5 bare 5 minutter (med valgfri oplader)<\/span><\/span><\/li>\n<li><span><span>Ekstremt sikker og p\u00e5lidelig<\/span><\/span><\/li>\n<li><span><span>Udgangseffekt: 5 til 35 watt<\/span><\/span><\/li>\n<li><span><span>Betjening via brandknap<\/span><\/span><\/li>\n<li><span><span>3 effektniveauer<\/span><\/span><\/li>\n<li><span><span>Farve-LED p\u00e5 brandknappen for at angive status for str\u00f8m\/drift\/kapacitet<\/span><\/span><\/li>\n<li><span><span>Omfattende beskyttelseskredsl\u00f8b for sikker drift<\/span><\/span><\/li>\n<li><span><span>Fint justerbar luftstr\u00f8mskontrol via slider p\u00e5 mod'et fra MTL til DL-dampadf\u00e6rd<\/span><\/span><\/li>\n<li><span><span>Pod lavet af transparent og farvet PCTG<\/span><\/span><\/li>\n<li><span><span>Magnetisk pod-fiksering p\u00e5 pinden<\/span><\/span><\/li>\n<li><span><span>System til sidep\u00e5fyldning<\/span><\/span><\/li>\n<li><span><span>3,5 ml tankvolumen<\/span><\/span><\/li>\n<li><span><span>Inklusive 0,7 ohm og 0,9 ohm spole<\/span><\/span><\/li>\n<li><span><span>Push&amp;Pull-spoleskift<\/span><\/span><\/li>\n<\/ul>","protected":false},"excerpt":{"rendered":"<p><span>I mods\u00e6tning til andre e-cigaretter bruger <strong>dotStick Revo-s\u00e6t<\/strong> en superkondensator som energilagringsenhed.<\/span><\/p>","protected":false},"featured_media":319690,"comment_status":"open","ping_status":"closed","template":"","meta":{"_acf_changed":false,"_relevanssi_hide_post":"","_relevanssi_hide_content":"","_relevanssi_pin_for_all":"","_relevanssi_pin_keywords":"","_relevanssi_unpin_keywords":"","_relevanssi_related_keywords":"","_relevanssi_related_include_ids":"","_relevanssi_related_exclude_ids":"","_relevanssi_related_no_append":"","_relevanssi_related_not_related":"","_relevanssi_related_posts":"","_relevanssi_noindex_reason":""},"product_brand":[],"product_cat":[4773,4786,4887,4713,4771,4781,4772,4787,4722,4783],"product_tag":[6355,6353,6354,5166,6358,6359,6356,6357,6466],"class_list":{"0":"post-305029","1":"product","2":"type-product","3":"status-publish","4":"has-post-thumbnail","6":"product_cat-e-zigaretten-akkutraeger","7":"product_cat-tube-mod-digital","8":"product_cat-dotmod","9":"product_cat-e-zigaretten","10":"product_cat-e-zigaretten-fuer-einsteiger","11":"product_cat-e-zigaretten-hersteller","12":"product_cat-e-zigaretten-sets","13":"product_cat-tube-mod-mechanisch","14":"product_cat-neuheiten","15":"product_cat-tube-mod","16":"product_tag-dotaio","17":"product_tag-dotmod","18":"product_tag-dotstick","19":"product_tag-e-zigarette","20":"product_tag-einsteiger","21":"product_tag-fertigcoils","22":"product_tag-fertigverdampfer","23":"product_tag-hardware","24":"product_tag-revo","25":"product_shipping_class-standard","27":"first","28":"outofstock","29":"taxable","30":"shipping-taxable","31":"purchasable","32":"product-type-variable"},"acf":[],"_links":{"self":[{"href":"https:\/\/my-eliquid.de\/da\/wp-json\/wp\/v2\/product\/305029","targetHints":{"allow":["GET"]}}],"collection":[{"href":"https:\/\/my-eliquid.de\/da\/wp-json\/wp\/v2\/product"}],"about":[{"href":"https:\/\/my-eliquid.de\/da\/wp-json\/wp\/v2\/types\/product"}],"replies":[{"embeddable":true,"href":"https:\/\/my-eliquid.de\/da\/wp-json\/wp\/v2\/comments?post=305029"}],"wp:featuredmedia":[{"embeddable":true,"href":"https:\/\/my-eliquid.de\/da\/wp-json\/wp\/v2\/media\/319690"}],"wp:attachment":[{"href":"https:\/\/my-eliquid.de\/da\/wp-json\/wp\/v2\/media?parent=305029"}],"wp:term":[{"taxonomy":"product_brand","embeddable":true,"href":"https:\/\/my-eliquid.de\/da\/wp-json\/wp\/v2\/product_brand?post=305029"},{"taxonomy":"product_cat","embeddable":true,"href":"https:\/\/my-eliquid.de\/da\/wp-json\/wp\/v2\/product_cat?post=305029"},{"taxonomy":"product_tag","embeddable":true,"href":"https:\/\/my-eliquid.de\/da\/wp-json\/wp\/v2\/product_tag?post=305029"}],"curies":[{"name":"wp","href":"https:\/\/api.w.org\/{rel}","templated":true}]}}