{"id":305037,"date":"2024-09-23T00:00:00","date_gmt":"2024-09-22T22:00:00","guid":{"rendered":"https:\/\/my-eliquid.de\/shop\/vaporesso-eco-one-pod-kit\/"},"modified":"2025-12-29T13:58:33","modified_gmt":"2025-12-29T12:58:33","slug":"vaporesso-eco-one-pod-kit","status":"publish","type":"product","link":"https:\/\/my-eliquid.de\/da\/shop\/vaporesso-eco-one-pod-kit\/","title":{"rendered":"Vaporesso | Eco One | Pod-s\u00e6t"},"content":{"rendered":"<p><strong>Vaporesso Eco One Pod-s\u00e6t<\/strong><\/p>\n<p><span>Der Vaporesso ECO One Akku bietet eine maximale Ausgangsleistung von 16 Watt, was eine konstante und zufriedenstellende Dampfproduktion sicherstellt. Mit einer Kapazit\u00e4t von 1.100 mAh verf\u00fcgt der ECO One \u00fcber ausreichend Energie, um einen ganzen Tag lang zu funktionieren, ohne h\u00e4ufiges Aufladen. Das Aufladen erfolgt \u00fcber einen USB-C-Anschluss, der schnelles und effizientes Laden erm\u00f6glicht. Die automatische Zugaktivierung macht die Nutzung besonders benutzerfreundlich, da kein Knopfdruck erforderlich ist \u2013 einfach inhalieren, und das Ger\u00e4t aktiviert sich selbstst\u00e4ndig. Diese Funktion ist besonders praktisch f\u00fcr Einsteiger. Dar\u00fcber hinaus \u00fcberzeugt der ECO One durch sein kompaktes Design. Mit einer L\u00e4nge von 119 mm, einem Durchmesser von 16,8 mm und einem Gewicht von nur 36 g ist das Ger\u00e4t leicht und handlich, was es ideal f\u00fcr unterwegs macht. Es passt problemlos in Taschen oder kleine Beh\u00e4lter und nimmt dabei wenig Platz ein<\/span><\/p>\n<h2>Die Coils der Eco One<\/h2>\n<p>Die beiliegenden 0.8 Ohm Pods wurden speziell f\u00fcr das ECO ONE Kit gefertigt und kommen mit der erw\u00e4hnten Corex Technology. Dank spezieller Meshkonstruktion und einer entwickelten Spezialwatte bringt der Pod ein besonders weiches und angenehmes Dampferlebnis mit sich. Weitere Pods sind ebenfalls f\u00fcr den Vaporesso ECO ONE verf\u00fcgbar, bitte dazu den Reiter Zubeh\u00f6r unter dem Artikel einsehen. Der Pod hat jeweils ein maximales F\u00fcllvolumen von 2 ml.<\/p>\n<p><strong>Alle Daten:<\/strong><\/p>\n<ul>\n<li>\n<ul>\n<li>Kapazit\u00e4t: 1.100 mAh<\/li>\n<li>Ausgangsleistung: max. 16 Watt<\/li>\n<li>Widerstand: 0,8 Ohm<\/li>\n<li>Automatisk togkontrol<\/li>\n<li>LED-Indikator<\/li>\n<li>Ladestrom: DC 5V\/1A<\/li>\n<li>Tankvolumen: 2,0 ml<\/li>\n<li>Side Filling-System<\/li>\n<li>Ma\u00dfe: \u00d816,8 mm x 119 mm<\/li>\n<li>USB-C Anschluss<\/li>\n<\/ul>\n<\/li>\n<\/ul>\n<p>\u00a0<\/p>","protected":false},"excerpt":{"rendered":"<p>Det <strong>Vaporesso Eco One Pod-s\u00e6t<\/strong>\u00a0 Med ECO ONE har Vaporesso lanceret et kompakt MTL-podsystem af h\u00f8j kvalitet med en egenv\u00e6gt p\u00e5 kun 36 g og et indbygget 1100 mAh performance-batteri.<\/p>","protected":false},"featured_media":319310,"comment_status":"open","ping_status":"closed","template":"","meta":{"_acf_changed":false,"_relevanssi_hide_post":"","_relevanssi_hide_content":"","_relevanssi_pin_for_all":"","_relevanssi_pin_keywords":"","_relevanssi_unpin_keywords":"","_relevanssi_related_keywords":"","_relevanssi_related_include_ids":"","_relevanssi_related_exclude_ids":"","_relevanssi_related_no_append":"","_relevanssi_related_not_related":"","_relevanssi_related_posts":"","_relevanssi_noindex_reason":""},"product_brand":[],"product_cat":[4713,4771,4781,4772,4722,4810],"product_tag":[1391,5411,6970,6358,6712,4974,6410,6971,5859,6747,6051],"class_list":{"0":"post-305037","1":"product","2":"type-product","3":"status-publish","4":"has-post-thumbnail","6":"product_cat-e-zigaretten","7":"product_cat-e-zigaretten-fuer-einsteiger","8":"product_cat-e-zigaretten-hersteller","9":"product_cat-e-zigaretten-sets","10":"product_cat-neuheiten","11":"product_cat-vaporesso","12":"product_tag-bitte","13":"product_tag-e-zigaretten","14":"product_tag-eco","15":"product_tag-einsteiger","16":"product_tag-fuer","17":"product_tag-hersteller","18":"product_tag-kit","19":"product_tag-one","20":"product_tag-pod","21":"product_tag-sets","22":"product_tag-vaporesso","23":"product_shipping_class-standard","25":"first","26":"outofstock","27":"featured","28":"taxable","29":"shipping-taxable","30":"purchasable","31":"product-type-variable"},"acf":[],"_links":{"self":[{"href":"https:\/\/my-eliquid.de\/da\/wp-json\/wp\/v2\/product\/305037","targetHints":{"allow":["GET"]}}],"collection":[{"href":"https:\/\/my-eliquid.de\/da\/wp-json\/wp\/v2\/product"}],"about":[{"href":"https:\/\/my-eliquid.de\/da\/wp-json\/wp\/v2\/types\/product"}],"replies":[{"embeddable":true,"href":"https:\/\/my-eliquid.de\/da\/wp-json\/wp\/v2\/comments?post=305037"}],"wp:featuredmedia":[{"embeddable":true,"href":"https:\/\/my-eliquid.de\/da\/wp-json\/wp\/v2\/media\/319310"}],"wp:attachment":[{"href":"https:\/\/my-eliquid.de\/da\/wp-json\/wp\/v2\/media?parent=305037"}],"wp:term":[{"taxonomy":"product_brand","embeddable":true,"href":"https:\/\/my-eliquid.de\/da\/wp-json\/wp\/v2\/product_brand?post=305037"},{"taxonomy":"product_cat","embeddable":true,"href":"https:\/\/my-eliquid.de\/da\/wp-json\/wp\/v2\/product_cat?post=305037"},{"taxonomy":"product_tag","embeddable":true,"href":"https:\/\/my-eliquid.de\/da\/wp-json\/wp\/v2\/product_tag?post=305037"}],"curies":[{"name":"wp","href":"https:\/\/api.w.org\/{rel}","templated":true}]}}