{"id":305814,"date":"2024-01-12T00:00:00","date_gmt":"2024-01-11T23:00:00","guid":{"rendered":"https:\/\/my-eliquid.de\/shop\/liquid-base-fertigmischung-ohne-nikotin-0mg-mvm-noindex\/"},"modified":"2025-11-25T13:50:56","modified_gmt":"2025-11-25T12:50:56","slug":"liquid-base-fertigmischung-ohne-nikotin-0mg-mvm-noindex","status":"publish","type":"product","link":"https:\/\/my-eliquid.de\/da\/shop\/liquid-base-fertigmischung-ohne-nikotin-0mg-mvm-noindex\/","title":{"rendered":"Liquid Base f\u00e6rdigblanding 0 mg MvM"},"content":{"rendered":"<p>Indhold:    rent vegetabilsk glycerin (<strong>VG \u2013 vegetabilsk glycerin<\/strong>) E422 (<strong>DAB, Ph. Eur.<\/strong>), propylenglycol (<strong>PG<\/strong>) E1520 (<strong>Ph. Eur.<\/strong>), vand og <strong>0 mg pr. ml nikotinindhold<\/strong>.<br \/>Det anbefales kun at bruge produktet, hvis man er erfaren og \u00f8vet.<br \/>Disse artikler er beregnet til <strong>Blandinger<\/strong> eller for at fortynde dem, ikke til direkte forbrug.<\/p>\n<p><span style=\"color: #ff0000;\">Advarsel!!! Opbevares utilg\u00e6ngeligt for b\u00f8rn!!!<\/span><\/p>\n<p>Juridiske oplysninger om brugen<br \/>Disse artikler er juridisk set kemikalier. Disse kemikalier anvendes til fremstilling af<strong> P\u00e5fyldningsv\u00e6sker eller eLiquids<\/strong> . Disse kemikalier tilbydes og s\u00e6lges kun til kyndige k\u00f8bere til dette form\u00e5l. Den korrekte anvendelse er k\u00f8bers ansvar.<\/p>\n<p>Disse kemikalier er ikke l\u00e6gemidler eller f\u00f8devarer og er i den form, vi tilbyder dem, ikke beregnet til indtagelse af slutbrugere. Vi giver heller ingen bindende tilberednings- eller<strong> Doseringsvejledning<\/strong>. Brug og indtagelse sker p\u00e5 eget ansvar.<\/p>\n<p>my-eLiquid er ikke ansvarlig for sundhedsskader, f.eks. som f\u00f8lge af forkert brug.<\/p>\n<p>Disse varer m\u00e5 kun bestilles, hvis k\u00f8beren har den n\u00f8dvendige <strong>Erfaring<\/strong> i h\u00e5ndtering af disse kemikalier og r\u00e5varer.<\/p>\n<p><span style=\"text-decoration: underline;\"><strong>Forklaring:<br \/><\/strong><\/span><br \/>PG:\u00a0<span><strong>1,2-propylenglycol<\/strong> (PG) E1520 (Ph. Eur.) ren<\/span><br \/>VG:\u00a0<span><strong>rent vegetabilsk glycerin<\/strong> (VG) E422 (DAB), CAS-nr. Betegnelse 56-81-5 <strong>glycerin<\/strong> 99,5%<br \/><\/span>Vand: \u00a0<strong>Aqua Purificata<\/strong> Ph.Eur. \/ Bidest<\/p>\n<p>Nikotin: <strong>0 mg\/ml (nikotinfri)<br \/><\/strong><\/p>","protected":false},"excerpt":{"rendered":"<p>Din <strong>Pure eLiquid\u00ae-blanding uden nikotin<\/strong>, klar til <strong>Selvaromatisering<\/strong>. Ogs\u00e5 egnet til eksisterende <strong>V\u00e6sker<\/strong> til <strong>fortynde<\/strong> eller ogs\u00e5 \u00e6ndre nikotinindholdet individuelt. Deres <strong>F\u00e6rdigblanding<\/strong> bliver i en <span style=\"color: #339966\"><strong><strong>PET brun flaske<\/strong><\/strong><\/span>\u00a0leveret.<\/p>","protected":false},"featured_media":319868,"comment_status":"open","ping_status":"closed","template":"","meta":{"_acf_changed":false,"_relevanssi_hide_post":"","_relevanssi_hide_content":"","_relevanssi_pin_for_all":"","_relevanssi_pin_keywords":"","_relevanssi_unpin_keywords":"","_relevanssi_related_keywords":"","_relevanssi_related_include_ids":"","_relevanssi_related_exclude_ids":"","_relevanssi_related_no_append":"","_relevanssi_related_not_related":"","_relevanssi_related_posts":"","_relevanssi_noindex_reason":""},"product_brand":[],"product_cat":[4907],"product_tag":[7159,6716,6738,5124,6717,5118,6712,5805,5792,5811,6722],"class_list":{"0":"post-305814","1":"product","2":"type-product","3":"status-publish","4":"has-post-thumbnail","6":"product_cat-mvm","7":"product_tag-0mg","8":"product_tag-alle","9":"product_tag-base","10":"product_tag-basen","11":"product_tag-diy","12":"product_tag-fertigmischung","13":"product_tag-fuer","14":"product_tag-liquid","15":"product_tag-liquids","16":"product_tag-nikotin","17":"product_tag-ohne","18":"product_shipping_class-standard","20":"first","21":"outofstock","22":"taxable","23":"shipping-taxable","24":"purchasable","25":"product-type-variable"},"acf":[],"_links":{"self":[{"href":"https:\/\/my-eliquid.de\/da\/wp-json\/wp\/v2\/product\/305814","targetHints":{"allow":["GET"]}}],"collection":[{"href":"https:\/\/my-eliquid.de\/da\/wp-json\/wp\/v2\/product"}],"about":[{"href":"https:\/\/my-eliquid.de\/da\/wp-json\/wp\/v2\/types\/product"}],"replies":[{"embeddable":true,"href":"https:\/\/my-eliquid.de\/da\/wp-json\/wp\/v2\/comments?post=305814"}],"wp:featuredmedia":[{"embeddable":true,"href":"https:\/\/my-eliquid.de\/da\/wp-json\/wp\/v2\/media\/319868"}],"wp:attachment":[{"href":"https:\/\/my-eliquid.de\/da\/wp-json\/wp\/v2\/media?parent=305814"}],"wp:term":[{"taxonomy":"product_brand","embeddable":true,"href":"https:\/\/my-eliquid.de\/da\/wp-json\/wp\/v2\/product_brand?post=305814"},{"taxonomy":"product_cat","embeddable":true,"href":"https:\/\/my-eliquid.de\/da\/wp-json\/wp\/v2\/product_cat?post=305814"},{"taxonomy":"product_tag","embeddable":true,"href":"https:\/\/my-eliquid.de\/da\/wp-json\/wp\/v2\/product_tag?post=305814"}],"curies":[{"name":"wp","href":"https:\/\/api.w.org\/{rel}","templated":true}]}}