{"id":315441,"date":"2011-11-09T00:00:00","date_gmt":"2011-11-08T23:00:00","guid":{"rendered":"https:\/\/my-eliquid.de\/shop\/apfel-aroma\/"},"modified":"2026-04-27T08:47:56","modified_gmt":"2026-04-27T06:47:56","slug":"apfel-aroma","status":"publish","type":"product","link":"https:\/\/my-eliquid.de\/da\/shop\/apfel-aroma\/","title":{"rendered":"Smag af \u00e6ble"},"content":{"rendered":"<p>Vores <strong>Smag af \u00e6ble<\/strong> \u00fcberzeugt mit seinem saftigen, s\u00fc\u00df-s\u00e4uerlichen <strong>Apfelgeschmack<\/strong> og kommer fra linjen af <strong>Frugtaromaer<\/strong>. Die pure Frische von fruchtigem Apfel \u2013 der einmalige Hochgenuss! Das <strong>Smag af \u00e6ble<\/strong> er velegnet til smagstils\u00e6tning og <strong>Fremstil dine egne v\u00e6sker<\/strong> og kan kombineres med andre <strong>Blandede smage<\/strong> blive. P\u00e5 den m\u00e5de kan du skabe nye, individualiserede designs igen og igen. <strong>V\u00e6sker<\/strong>! Aromen d\u00fcrfen nicht unverd\u00fcnnt verwendet werden und m\u00fcssen immer einer <strong>Base<\/strong> kan tilf\u00f8jes.<\/p>","protected":false},"excerpt":{"rendered":"<p>Kongen af alle frugter skiller sig ud i vores <strong>Smag af \u00e6ble<\/strong> med sin kongeligt l\u00e6kre, fyldige, s\u00f8de og behageligt syrlige smag af syrlig-frisk <strong>\u00c6ble<\/strong>.<\/p>","protected":false},"featured_media":319597,"comment_status":"open","ping_status":"closed","template":"","meta":{"_acf_changed":false,"_relevanssi_hide_post":"","_relevanssi_hide_content":"","_relevanssi_pin_for_all":"","_relevanssi_pin_keywords":"","_relevanssi_unpin_keywords":"","_relevanssi_related_keywords":"","_relevanssi_related_include_ids":"","_relevanssi_related_exclude_ids":"","_relevanssi_related_no_append":"","_relevanssi_related_not_related":"","_relevanssi_related_posts":"","_relevanssi_noindex_reason":""},"product_brand":[],"product_cat":[4733,4882,4701,4705,4881],"product_tag":[4955,1399,6847,4942,5805,5792],"class_list":{"0":"post-315441","1":"product","2":"type-product","3":"status-publish","4":"has-post-thumbnail","6":"product_cat-alle-aromen","7":"product_cat-aromen-ohne-sucralose","8":"product_cat-aromen","9":"product_cat-frucht-aromen-liquid-e-zigarette","10":"product_cat-my-eliquid-aromen","11":"product_tag-apfel","12":"product_tag-aroma","13":"product_tag-aromen","14":"product_tag-frucht","15":"product_tag-liquid","16":"product_tag-liquids","17":"product_shipping_class-standard","19":"first","20":"instock","21":"taxable","22":"shipping-taxable","23":"purchasable","24":"product-type-variable"},"acf":[],"_links":{"self":[{"href":"https:\/\/my-eliquid.de\/da\/wp-json\/wp\/v2\/product\/315441","targetHints":{"allow":["GET"]}}],"collection":[{"href":"https:\/\/my-eliquid.de\/da\/wp-json\/wp\/v2\/product"}],"about":[{"href":"https:\/\/my-eliquid.de\/da\/wp-json\/wp\/v2\/types\/product"}],"replies":[{"embeddable":true,"href":"https:\/\/my-eliquid.de\/da\/wp-json\/wp\/v2\/comments?post=315441"}],"wp:featuredmedia":[{"embeddable":true,"href":"https:\/\/my-eliquid.de\/da\/wp-json\/wp\/v2\/media\/319597"}],"wp:attachment":[{"href":"https:\/\/my-eliquid.de\/da\/wp-json\/wp\/v2\/media?parent=315441"}],"wp:term":[{"taxonomy":"product_brand","embeddable":true,"href":"https:\/\/my-eliquid.de\/da\/wp-json\/wp\/v2\/product_brand?post=315441"},{"taxonomy":"product_cat","embeddable":true,"href":"https:\/\/my-eliquid.de\/da\/wp-json\/wp\/v2\/product_cat?post=315441"},{"taxonomy":"product_tag","embeddable":true,"href":"https:\/\/my-eliquid.de\/da\/wp-json\/wp\/v2\/product_tag?post=315441"}],"curies":[{"name":"wp","href":"https:\/\/api.w.org\/{rel}","templated":true}]}}