{"id":324897,"date":"2026-04-09T13:40:21","date_gmt":"2026-04-09T11:40:21","guid":{"rendered":"https:\/\/my-eliquid.de\/shop\/geekvape-10meter-ka1-wire-26ga-3\/"},"modified":"2026-04-09T13:47:43","modified_gmt":"2026-04-09T11:47:43","slug":"geekvape-10meter-ka1-wire-26ga-3","status":"publish","type":"product","link":"https:\/\/my-eliquid.de\/da\/shop\/geekvape-10meter-ka1-wire-26ga-3\/","title":{"rendered":"GeekVape |  DIY Ni80 Wire ZN02  | 26GA | Wickeldraht"},"content":{"rendered":"<p><strong>GeekVape 10 Meter DIY Ni80 Wire 26GA Wickeldraht<\/strong><\/p>\n<p style=\"line-height: 19px;\">Hier erh\u00e4lst Du Nickel Ni80 Draht auf einer Rolle zum Erstellen eigener Wicklungen. Nickel hat ein schnelles Ansprechverhalten und wird vor allem zum Dampfen im Temperaturmodus verwendet. Aber auch auf Mechanischen Akkutr\u00e4gern macht Nickeldraht eine gute Figur. Bitte w\u00e4hle im Produkt Deine gew\u00fcnschte Drahtst\u00e4rke.<\/p>\n<p style=\"line-height: 19px;\">Produced by GeekVape<\/p>\n<p style=\"line-height: 19px;\">Material: Nickel Ni80  9,14-Meter-Rolle Drahtst\u00e4rke: 26ga = 0.4mm<\/p>\n<p>Dieses Angebot richtet sich ausschlie\u00dflich an Vollj\u00e4hrige. Das Jugendschutzgesetz verbietet das Angebot und die Abgabe dieses Artikels an Kinder und Jugendliche. Ein Kaufvertrag kommt nur nach erfolgreicher Alters\u00fcberpr\u00fcfung zustande. Zus\u00e4tzlich f\u00fchrt der Postbote bei der Aush\u00e4ndigung des Pakets eine \u00dcberpr\u00fcfung durch.<\/p>","protected":false},"excerpt":{"rendered":"<p>GeekVape 10 Meter DIY Ni80 Wire 26GA Wickeldraht<\/p>","protected":false},"featured_media":324898,"comment_status":"closed","ping_status":"closed","template":"","meta":{"_acf_changed":false,"_relevanssi_hide_post":"","_relevanssi_hide_content":"","_relevanssi_pin_for_all":"","_relevanssi_pin_keywords":"","_relevanssi_unpin_keywords":"","_relevanssi_related_keywords":"","_relevanssi_related_include_ids":"","_relevanssi_related_exclude_ids":"","_relevanssi_related_no_append":"","_relevanssi_related_not_related":"","_relevanssi_related_posts":"","_relevanssi_noindex_reason":""},"product_brand":[],"product_cat":[4776,4890,4719,4793],"product_tag":[],"class_list":{"0":"post-324897","1":"product","2":"type-product","3":"status-publish","4":"has-post-thumbnail","6":"product_cat-draht-und-watte","7":"product_cat-draht","8":"product_cat-selbstwickler-dampfer","9":"product_cat-e-zigaretten-liquid-basen-aroma-vape-sale","10":"product_shipping_class-standard","12":"first","13":"instock","14":"taxable","15":"shipping-taxable","16":"purchasable","17":"product-type-simple"},"acf":[],"_links":{"self":[{"href":"https:\/\/my-eliquid.de\/da\/wp-json\/wp\/v2\/product\/324897","targetHints":{"allow":["GET"]}}],"collection":[{"href":"https:\/\/my-eliquid.de\/da\/wp-json\/wp\/v2\/product"}],"about":[{"href":"https:\/\/my-eliquid.de\/da\/wp-json\/wp\/v2\/types\/product"}],"replies":[{"embeddable":true,"href":"https:\/\/my-eliquid.de\/da\/wp-json\/wp\/v2\/comments?post=324897"}],"wp:featuredmedia":[{"embeddable":true,"href":"https:\/\/my-eliquid.de\/da\/wp-json\/wp\/v2\/media\/324898"}],"wp:attachment":[{"href":"https:\/\/my-eliquid.de\/da\/wp-json\/wp\/v2\/media?parent=324897"}],"wp:term":[{"taxonomy":"product_brand","embeddable":true,"href":"https:\/\/my-eliquid.de\/da\/wp-json\/wp\/v2\/product_brand?post=324897"},{"taxonomy":"product_cat","embeddable":true,"href":"https:\/\/my-eliquid.de\/da\/wp-json\/wp\/v2\/product_cat?post=324897"},{"taxonomy":"product_tag","embeddable":true,"href":"https:\/\/my-eliquid.de\/da\/wp-json\/wp\/v2\/product_tag?post=324897"}],"curies":[{"name":"wp","href":"https:\/\/api.w.org\/{rel}","templated":true}]}}