{"id":151643,"date":"2025-03-25T13:13:33","date_gmt":"2025-03-25T12:13:33","guid":{"rendered":"https:\/\/melvx.my-eliquid.de\/?page_id=151643"},"modified":"2025-04-08T00:09:24","modified_gmt":"2025-04-07T22:09:24","slug":"bestellvorgang","status":"publish","type":"page","link":"https:\/\/my-eliquid.de\/en\/bestellvorgang\/","title":{"rendered":"Order process"},"content":{"rendered":"<div class=\"wpb-content-wrapper\"><div data-vc-full-width=\"true\" data-vc-full-width-temp=\"true\" data-vc-full-width-init=\"false\" class=\"vc_row wpb_row vc_row-fluid vc_custom_1744063763610 wd-rs-67f44d0f3b704\"><div class=\"wpb_column vc_column_container vc_col-sm-6 vc_col-sm-offset-3\"><div class=\"vc_column-inner vc_custom_1527239539599\"><div class=\"wpb_wrapper\">\n\t\t<div id=\"wd-67e29de018377\" class=\"title-wrapper wd-wpb wd-set-mb reset-last-child  wd-rs-67e29de018377 wd-title-color-default wd-title-style-default text-center vc_custom_1742904802028 wd-underline-colored\">\n\t\t\t\n\t\t\t<div class=\"liner-continer\">\n\t\t\t\t<h3 class=\"woodmart-title-container title  wd-font-weight- wd-fontsize-l\" >Bestellvorgang, einfach und bequem bestellen<\/h3>\n\t\t\t\t\t\t\t<\/div>\n\t\t\t\n\t\t\t\n\t\t\t\n\t\t<\/div>\n\t\t\n\t\t\n\t<div class=\"wpb_text_column wpb_content_element vc_custom_1742904810432 text-larger\" >\n\t\t<div class=\"wpb_wrapper\">\n\t\t\t<div class=\"main\">\n<div class=\"cols-outer\">\n<div class=\"cols\">\n<div class=\"col-main\">\n<div class=\"std\">\n<h2>Wie kann ich bei my-eLiquid bestellen?<\/h2>\n<h4>1. Warenkorb<\/h4>\n<p>W\u00e4hlen Sie die Produkte aus, die Sie bestellen m\u00d6chten, indem Sie den &#8220;In den Warenkorb&#8221; Button anklicken. Dadurch wird Ihre Auswahl in den Warenkorb gelegt. Sie k\u00d6nnen diese Auswahl bis zum Absenden Ihrer Bestellung jederzeit \u00e4ndern, in dem Sie die Anzahl der Produkte \u00e4ndern, durch Anklicken des K\u00e4stchens &#8220;Entfernen&#8221; die Auswahl l\u00d6schen oder den Bestellvorgang abbrechen. Durch Anklicken des Buttons &#8220;Kasse&#8221; gelangen Sie zum n\u00e4chsten Bestellschritt.<\/p>\n<h4>2. Kasse<\/h4>\n<p>Melden Sie sich bitte mit Ihrer E-Mail Adresse und Ihrem Passwort an, falls Sie bereits ein Kundenkonto besitzen. Sollten Sie das erste Mal bestellen, registrieren Sie sich bitte als neuer Kunde. Ihre Daten werden unter Beachtung der datenschutzrechtlichen Bestimmungen erhoben, verarbeitet und genutzt (<a href=\"https:\/\/my-eliquid.de\/en\/datenschutz\/\">Datenschutzhinweis<\/a>). Eine anderweitige Verwendung oder Weitergabe an Dritte erfolgt nicht. Wenn Sie nun angemeldet sind, k\u00d6nnen Sie nun die Versandart ausw\u00e4hlen. Durch Klicken des Buttons &#8220;Weiter&#8221; gelangen Sie zum n\u00e4chsten Bestellschritt.<\/p>\n<h4>3. Rechnungsadresse pr\u00fcfen\/ Zahlungsweise ausw\u00e4hlen<\/h4>\n<p>\u00fcberpr\u00fcfen Sie nun Ihre Rechnungsadresse und geben Sie Ihre gew\u00fcnschte <a href=\"https:\/\/my-eliquid.de\/en\/zahlungsarten\/\">Zahlungsweise<\/a> an. Durch Klicken des Buttons &#8220;Weiter&#8221; gelangen Sie zum n\u00e4chsten Bestellschritt.<\/p>\n<h4>4. Versandadresse pr\u00fcfen\/ Versandart ausw\u00e4hlen<\/h4>\n<p>\u00fcberpr\u00fcfen Sie nun Ihre Versandadresse und geben Sie Ihre gew\u00fcnschte <a href=\"https:\/\/my-eliquid.de\/en\/bestellvorgang\/\">Versandart<\/a> an. Durch Klicken des Buttons &#8220;Weiter&#8221; gelangen Sie zum n\u00e4chsten Bestellschritt.<\/p>\n<h4>5. Bestellvorgang abschlie\u00dfen\/ AGB und Datenschutz<\/h4>\n<p>Sie erhalten eine \u00fcbersicht Ihrer Bestellung: die ausgew\u00e4hlten Produkte, die Versand- und Rechnungsadresse und Ihre Kontaktdaten. \u00fcberpr\u00fcfen Sie, ob alle Angaben stimmen und lesen sich bitte die <a href=\"https:\/\/my-eliquid.de\/en\/allgemeine-geschaftsbedingungen\/\">Allgemeinen Gesch\u00e4ftsbedingungen<\/a> und die <a href=\"https:\/\/my-eliquid.de\/en\/widerrufsbelehrung\/\">Cancellation policy<\/a> aufmerksam durch. Sie k\u00d6nnen mit der Bestellung nur fortfahren, wenn Sie den AGBs und der Datenschutzerkl\u00e4rung zustimmen (H\u00e4kchen setzen). Mit dem Anklicken des Buttons &#8220;Bestellung absenden&#8221; \u00fcbersenden Sie Ihre Bestellung an uns. Hiermit geben Sie ein rechtsverbindliches Angebot ab.<\/p>\n<\/div>\n<\/div>\n<\/div>\n<\/div>\n<\/div>\n\n\t\t<\/div>\n\t<\/div>\n<\/div><\/div><\/div><\/div><div class=\"vc_row-full-width vc_clearfix\"><\/div>\n<\/div>","protected":false},"excerpt":{"rendered":"Bestellvorgang, einfach und bequem bestellen Wie kann ich bei my-eLiquid bestellen? 1. Warenkorb W\u00e4hlen Sie die Produkte aus, die Sie","protected":false},"author":1,"featured_media":0,"parent":0,"menu_order":0,"comment_status":"closed","ping_status":"closed","template":"","meta":{"_acf_changed":false,"_relevanssi_hide_post":"","_relevanssi_hide_content":"","_relevanssi_pin_for_all":"","_relevanssi_pin_keywords":"","_relevanssi_unpin_keywords":"","_relevanssi_related_keywords":"","_relevanssi_related_include_ids":"","_relevanssi_related_exclude_ids":"","_relevanssi_related_no_append":"","_relevanssi_related_not_related":"","_relevanssi_related_posts":"","_relevanssi_noindex_reason":"","footnotes":""},"class_list":["post-151643","page","type-page","status-publish","hentry"],"acf":[],"_links":{"self":[{"href":"https:\/\/my-eliquid.de\/en\/wp-json\/wp\/v2\/pages\/151643","targetHints":{"allow":["GET"]}}],"collection":[{"href":"https:\/\/my-eliquid.de\/en\/wp-json\/wp\/v2\/pages"}],"about":[{"href":"https:\/\/my-eliquid.de\/en\/wp-json\/wp\/v2\/types\/page"}],"author":[{"embeddable":true,"href":"https:\/\/my-eliquid.de\/en\/wp-json\/wp\/v2\/users\/1"}],"replies":[{"embeddable":true,"href":"https:\/\/my-eliquid.de\/en\/wp-json\/wp\/v2\/comments?post=151643"}],"version-history":[{"count":0,"href":"https:\/\/my-eliquid.de\/en\/wp-json\/wp\/v2\/pages\/151643\/revisions"}],"wp:attachment":[{"href":"https:\/\/my-eliquid.de\/en\/wp-json\/wp\/v2\/media?parent=151643"}],"curies":[{"name":"wp","href":"https:\/\/api.w.org\/{rel}","templated":true}]}}