{"id":157381,"date":"2018-10-08T00:00:00","date_gmt":"2018-10-07T22:00:00","guid":{"rendered":"https:\/\/melvx.my-eliquid.de\/aroma-shop\/aromen\/on-rop-picking-lussy-suck-out-aroma-fill-up\/"},"modified":"2025-11-28T08:52:08","modified_gmt":"2025-11-28T07:52:08","slug":"on-rop-picking-lussy-suck-out-aroma-fill-up","status":"publish","type":"product","link":"https:\/\/my-eliquid.de\/en\/shop\/on-rop-picking-lussy-suck-out-aroma-fill-up\/","title":{"rendered":"On-Rop | Suck Out | Picking Lussy"},"content":{"rendered":"<p>Lass dich nicht von diesem K\u00e4tzchen t\u00e4uschen. Sie wird schnell zum leidenschaftlichen L\u00f6wen!<\/p>\n<p>Ihre sinnlichen Lippen versprechen einen tiefroten Geschmack von verf\u00fchrerisch s\u00fc\u00dfem Strawberry Jam.<\/p>\n<p>Eine leichte K\u00fchle, prickelt durch deinen K\u00f6rper, w\u00e4hrend Lady Marmelade deine Sinne zum Explodieren bringt und du ihr ganz verf\u00e4llst.<\/p>\n<p>Suck Out ist alles, was du jetzt brauchst, ist alles, was du willst!<\/p>\n<p><span style=\"color: #ff0000;\"><strong>Achtung Aroma : nicht pur dampfen! \u00a0<\/strong><\/span><\/p>\n<p><span style=\"color: #ff0000;\"><strong>\u00a0<\/strong><\/span><strong>Wir emphelen einen Auff\u00fcllung mit reinem Glycerin.<\/strong><\/p>\n<p style=\"line-height: 19px;\"><strong>Beim einer Mischung mit 30\/70 erh\u00e4lt man 50\/50 fertiges liquid!<\/strong><\/p>","protected":false},"excerpt":{"rendered":"<p><strong>On-rope suck out picking Lussy<\/strong>\u00a0A slight <strong>coolness<\/strong>, tingles through your body while Lady <strong>jam<\/strong> makes your senses explode and you completely succumb to her.<\/p>","protected":false},"featured_media":319376,"comment_status":"open","ping_status":"closed","template":"","meta":{"_acf_changed":false,"_relevanssi_hide_post":"","_relevanssi_hide_content":"","_relevanssi_pin_for_all":"","_relevanssi_pin_keywords":"","_relevanssi_unpin_keywords":"","_relevanssi_related_keywords":"","_relevanssi_related_include_ids":"","_relevanssi_related_exclude_ids":"","_relevanssi_related_no_append":"","_relevanssi_related_not_related":"","_relevanssi_related_posts":"","_relevanssi_noindex_reason":""},"product_brand":[4564],"product_cat":[4701,4845,4843],"product_tag":[1391,6991,7669,5809,5768,7667,7668,7666,6992],"class_list":{"0":"post-157381","1":"product","2":"type-product","3":"status-publish","4":"has-post-thumbnail","6":"product_brand-my-eliquid","7":"product_cat-aromen","8":"product_cat-fill-up-aroma","9":"product_cat-on-rop","10":"product_tag-bitte","11":"product_tag-fill","12":"product_tag-lussy","13":"product_tag-on-rop","14":"product_tag-onrop","15":"product_tag-out","16":"product_tag-picking","17":"product_tag-suck","18":"product_tag-up","19":"product_shipping_class-standard","20":"pa_ageverification-ja","21":"pa_country_of_manufacture-de","22":"pa_faq-product_aroma_faq","23":"pa_filling_quantity-10ml","24":"pa_flavour_art-frucht","25":"pa_generate_meta-nein","26":"pa_ghs_gefahrenbezeichnung-achtung","27":"pa_ghs_hsatz-ba-h302gesundheitsschadlichbe","28":"pa_ghs_hsatz-34-h319verursachtschwereaugen","29":"pa_ghs_hsatz-h335kanndieatemwegereizen_","30":"pa_ghs_signalwort-achtung","31":"pa_herkunftsland-21-diegesamtefertigungunserer","32":"pa_info1-e7-product_aroma_kurzbeschrei","33":"pa_info2-product_aroma_beschreibung","34":"pa_insi-product_aroma_insi","35":"pa_manufacturer-my_eliquid","36":"pa_mindesthaltbarkeit-24monate","37":"pa_mixture_ratio-keineangabe","38":"pa_nicotin-n_a","39":"pa_product_suggestion-nein","40":"pa_product_type-11_fillup_eigenprodukte","41":"pa_product_weight-4217","42":"pa_weight-0_03","44":"first","45":"instock","46":"taxable","47":"shipping-taxable","48":"purchasable","49":"product-type-simple"},"acf":[],"_links":{"self":[{"href":"https:\/\/my-eliquid.de\/en\/wp-json\/wp\/v2\/product\/157381","targetHints":{"allow":["GET"]}}],"collection":[{"href":"https:\/\/my-eliquid.de\/en\/wp-json\/wp\/v2\/product"}],"about":[{"href":"https:\/\/my-eliquid.de\/en\/wp-json\/wp\/v2\/types\/product"}],"replies":[{"embeddable":true,"href":"https:\/\/my-eliquid.de\/en\/wp-json\/wp\/v2\/comments?post=157381"}],"wp:featuredmedia":[{"embeddable":true,"href":"https:\/\/my-eliquid.de\/en\/wp-json\/wp\/v2\/media\/319376"}],"wp:attachment":[{"href":"https:\/\/my-eliquid.de\/en\/wp-json\/wp\/v2\/media?parent=157381"}],"wp:term":[{"taxonomy":"product_brand","embeddable":true,"href":"https:\/\/my-eliquid.de\/en\/wp-json\/wp\/v2\/product_brand?post=157381"},{"taxonomy":"product_cat","embeddable":true,"href":"https:\/\/my-eliquid.de\/en\/wp-json\/wp\/v2\/product_cat?post=157381"},{"taxonomy":"product_tag","embeddable":true,"href":"https:\/\/my-eliquid.de\/en\/wp-json\/wp\/v2\/product_tag?post=157381"}],"curies":[{"name":"wp","href":"https:\/\/api.w.org\/{rel}","templated":true}]}}