{"id":302512,"date":"2019-03-21T00:00:00","date_gmt":"2019-03-20T23:00:00","guid":{"rendered":"https:\/\/my-eliquid.de\/shop\/mel-aroma-donut\/"},"modified":"2026-04-10T09:10:32","modified_gmt":"2026-04-10T07:10:32","slug":"mel-aroma-donut","status":"publish","type":"product","link":"https:\/\/my-eliquid.de\/en\/shop\/mel-aroma-donut\/","title":{"rendered":"Donut flavor"},"content":{"rendered":"<p>Have you also already <strong>Donut Liquids<\/strong> probiert aber die richtige Mischung war nicht dabei?<\/p>\n<p>Dann haben wir f\u00fcr dich den unendlich guten vollmundigen Geschmacks des <strong>Donut!\u00a0<\/strong><\/p>\n<p>A <strong>Aroma<\/strong> das du probieren musst! Misch es mit <strong>Fruit<\/strong> oder mit S<strong>chokolade!<\/strong><\/p>\n<p>Auch ohne jegliches zutun ist es einfach ein Genuss! <strong>Unsere Donut Aroma!<\/strong><\/p>\n<p>Magst du es noch etwas s\u00fc\u00dfer? Dann misch dir an wie du es am liebsten dampfst, mit unseren <strong>DIY Liquid Aromen!<\/strong><\/p>\n<p>The\u00a0<strong>Donut flavor<\/strong>\u00a0eignet sich zum Aromatisieren und Herstellen von\u00a0<strong>own liquids<\/strong>\u00a0and can be mixed with other flavors.<\/p>\n<p>This allows you to create new, individual liquids time and time again!<\/p>\n<p><strong>Aromen d\u00fcrfen nicht unverd\u00fcnnt verwendet werden und m\u00fcssen immer einer Base zugesetzt werden.<\/strong><\/p>","protected":false},"excerpt":{"rendered":"<p>Have you also already\u00a0<strong>Donut Liquids<\/strong>\u00a0but you couldn't find the right blend? Then we have the infinitely good full-bodied taste for you <strong>of the donut flavor!\u00a0<\/strong><\/p>","protected":false},"featured_media":319349,"comment_status":"open","ping_status":"closed","template":"","meta":{"_acf_changed":false,"_relevanssi_hide_post":"","_relevanssi_hide_content":"","_relevanssi_pin_for_all":"","_relevanssi_pin_keywords":"","_relevanssi_unpin_keywords":"","_relevanssi_related_keywords":"","_relevanssi_related_include_ids":"","_relevanssi_related_exclude_ids":"","_relevanssi_related_no_append":"","_relevanssi_related_not_related":"","_relevanssi_related_posts":"","_relevanssi_noindex_reason":""},"product_brand":[],"product_cat":[4733,4882,4701,4702,4881,4792,4722,4712],"product_tag":[1399,6847,6717,5826,5888,5805],"class_list":{"0":"post-302512","1":"product","2":"type-product","3":"status-publish","4":"has-post-thumbnail","6":"product_cat-alle-aromen","7":"product_cat-aromen-ohne-sucralose","8":"product_cat-aromen","9":"product_cat-drinks-aromen-liquid-e-zigarette","10":"product_cat-my-eliquid-aromen","11":"product_cat-neue-aromen","12":"product_cat-neuheiten","13":"product_cat-special-aromen-liquid-e-zigarette","14":"product_tag-aroma","15":"product_tag-aromen","16":"product_tag-diy","17":"product_tag-donut","18":"product_tag-donuts","19":"product_tag-liquid","20":"product_shipping_class-standard","22":"first","23":"instock","24":"taxable","25":"shipping-taxable","26":"purchasable","27":"product-type-variable"},"acf":[],"_links":{"self":[{"href":"https:\/\/my-eliquid.de\/en\/wp-json\/wp\/v2\/product\/302512","targetHints":{"allow":["GET"]}}],"collection":[{"href":"https:\/\/my-eliquid.de\/en\/wp-json\/wp\/v2\/product"}],"about":[{"href":"https:\/\/my-eliquid.de\/en\/wp-json\/wp\/v2\/types\/product"}],"replies":[{"embeddable":true,"href":"https:\/\/my-eliquid.de\/en\/wp-json\/wp\/v2\/comments?post=302512"}],"wp:featuredmedia":[{"embeddable":true,"href":"https:\/\/my-eliquid.de\/en\/wp-json\/wp\/v2\/media\/319349"}],"wp:attachment":[{"href":"https:\/\/my-eliquid.de\/en\/wp-json\/wp\/v2\/media?parent=302512"}],"wp:term":[{"taxonomy":"product_brand","embeddable":true,"href":"https:\/\/my-eliquid.de\/en\/wp-json\/wp\/v2\/product_brand?post=302512"},{"taxonomy":"product_cat","embeddable":true,"href":"https:\/\/my-eliquid.de\/en\/wp-json\/wp\/v2\/product_cat?post=302512"},{"taxonomy":"product_tag","embeddable":true,"href":"https:\/\/my-eliquid.de\/en\/wp-json\/wp\/v2\/product_tag?post=302512"}],"curies":[{"name":"wp","href":"https:\/\/api.w.org\/{rel}","templated":true}]}}