{"id":302578,"date":"2012-02-21T00:00:00","date_gmt":"2012-02-20T23:00:00","guid":{"rendered":"https:\/\/my-eliquid.de\/shop\/suesskirsche-aroma\/"},"modified":"2026-04-15T08:41:45","modified_gmt":"2026-04-15T06:41:45","slug":"suesskirsche-aroma","status":"publish","type":"product","link":"https:\/\/my-eliquid.de\/en\/shop\/suesskirsche-aroma\/","title":{"rendered":"Sweet cherry flavor"},"content":{"rendered":"<p>Our <strong>Sweet cherry flavor<\/strong> \u00fcberzeugt mit seinem frisch-authentischen, s\u00fc\u00df-fruchtigen <strong>Kirschgeschmack<\/strong> and comes from the line of <strong>Fruit flavors<\/strong>. Der fruchtige Hochgenuss wie frisch vom Kirschbaum! Das <strong>Sweet cherry flavor<\/strong> is suitable for flavoring and <strong>Producing your own liquids<\/strong> and can work with other <strong>Flavors mixed<\/strong> become. In this way, you can create new, individual and unique designs again and again. <strong>Liquids<\/strong>! Flavorings must not be used undiluted and must always be subjected to a <strong>Base<\/strong> can be added.<\/p>","protected":false},"excerpt":{"rendered":"<p>The sweet and delicious cherry delight, as if fresh from the orchard: our <strong>wonderful sweet cherry aroma<\/strong> tastes full-bodied and ripe, fresh and fruity <strong>cherries<\/strong>.<\/p>","protected":false},"featured_media":319613,"comment_status":"open","ping_status":"closed","template":"","meta":{"_acf_changed":false,"_relevanssi_hide_post":"","_relevanssi_hide_content":"","_relevanssi_pin_for_all":"","_relevanssi_pin_keywords":"","_relevanssi_unpin_keywords":"","_relevanssi_related_keywords":"","_relevanssi_related_include_ids":"","_relevanssi_related_exclude_ids":"","_relevanssi_related_no_append":"","_relevanssi_related_not_related":"","_relevanssi_related_posts":"","_relevanssi_noindex_reason":""},"product_brand":[],"product_cat":[4733,4882,4701,4705,4881],"product_tag":[1399,6823,4949,4919,4915,5166,4917,4914,4918,5004,5097,6821,4920,6822],"class_list":{"0":"post-302578","1":"product","2":"type-product","3":"status-publish","4":"has-post-thumbnail","6":"product_cat-alle-aromen","7":"product_cat-aromen-ohne-sucralose","8":"product_cat-aromen","9":"product_cat-frucht-aromen-liquid-e-zigarette","10":"product_cat-my-eliquid-aromen","11":"product_tag-aroma","12":"product_tag-cheery","13":"product_tag-cherry","14":"product_tag-dampfer","15":"product_tag-e-liquid","16":"product_tag-e-zigarette","17":"product_tag-e-zigi","18":"product_tag-eliquid","19":"product_tag-ezigarette","20":"product_tag-nachfuellfluessigkeit","21":"product_tag-suesskirsche","22":"product_tag-sweet","23":"product_tag-verdampfer","24":"product_tag-wild","25":"product_shipping_class-standard","27":"first","28":"instock","29":"taxable","30":"shipping-taxable","31":"purchasable","32":"product-type-variable"},"acf":[],"_links":{"self":[{"href":"https:\/\/my-eliquid.de\/en\/wp-json\/wp\/v2\/product\/302578","targetHints":{"allow":["GET"]}}],"collection":[{"href":"https:\/\/my-eliquid.de\/en\/wp-json\/wp\/v2\/product"}],"about":[{"href":"https:\/\/my-eliquid.de\/en\/wp-json\/wp\/v2\/types\/product"}],"replies":[{"embeddable":true,"href":"https:\/\/my-eliquid.de\/en\/wp-json\/wp\/v2\/comments?post=302578"}],"wp:featuredmedia":[{"embeddable":true,"href":"https:\/\/my-eliquid.de\/en\/wp-json\/wp\/v2\/media\/319613"}],"wp:attachment":[{"href":"https:\/\/my-eliquid.de\/en\/wp-json\/wp\/v2\/media?parent=302578"}],"wp:term":[{"taxonomy":"product_brand","embeddable":true,"href":"https:\/\/my-eliquid.de\/en\/wp-json\/wp\/v2\/product_brand?post=302578"},{"taxonomy":"product_cat","embeddable":true,"href":"https:\/\/my-eliquid.de\/en\/wp-json\/wp\/v2\/product_cat?post=302578"},{"taxonomy":"product_tag","embeddable":true,"href":"https:\/\/my-eliquid.de\/en\/wp-json\/wp\/v2\/product_tag?post=302578"}],"curies":[{"name":"wp","href":"https:\/\/api.w.org\/{rel}","templated":true}]}}