{"id":302590,"date":"2013-10-17T00:00:00","date_gmt":"2013-10-16T22:00:00","guid":{"rendered":"https:\/\/my-eliquid.de\/shop\/himbeere2-aroma\/"},"modified":"2025-11-25T13:53:12","modified_gmt":"2025-11-25T12:53:12","slug":"himbeere2-aroma","status":"publish","type":"product","link":"https:\/\/my-eliquid.de\/en\/shop\/himbeere2-aroma\/","title":{"rendered":"Sweet Raspberry (Raspberry 2) flavor"},"content":{"rendered":"<p>Our <strong>Sweet Raspberry Aroma<\/strong> mit seinem s\u00fc\u00df-fruchtigen und lecker-authentischen Himbeergeschmack, stammt aus der Linie der <strong>Fruit flavors<\/strong>.<\/p>\n<p>Traumhaftes <strong>Raspberry flavor<\/strong> zum Verlieben: s\u00fc\u00df, fruchtig und wunderbar mild.<\/p>\n<p>The <strong>Sweet Raspberry Aroma<\/strong> is suitable for flavoring and <strong>Producing your own liquids<\/strong> and can work with other <strong>Flavors mixed<\/strong> werden.<\/p>\n<p>Auf diese Weise kreieren Sie immer wieder neue, individuelle <strong>Liquids<\/strong>!<\/p>\n<p>Aromen d\u00fcrfen nicht unverd\u00fcnnt verwendet werden und m\u00fcssen immer einer <strong>Base<\/strong> can be added.<\/p>","protected":false},"excerpt":{"rendered":"<p>Sanft-s\u00fc\u00dfer Himbeerduft gef\u00e4llig? Unser <strong>Sweet Raspberry Aroma<\/strong> beschert Ihnen den authentischen, fruchtig-intensiven Geschmack von leckeren, handverlesenen <strong>Raspberries<\/strong>!<\/p>","protected":false},"featured_media":319683,"comment_status":"open","ping_status":"closed","template":"","meta":{"_acf_changed":false,"_relevanssi_hide_post":"","_relevanssi_hide_content":"","_relevanssi_pin_for_all":"","_relevanssi_pin_keywords":"","_relevanssi_unpin_keywords":"","_relevanssi_related_keywords":"","_relevanssi_related_include_ids":"","_relevanssi_related_exclude_ids":"","_relevanssi_related_no_append":"","_relevanssi_related_not_related":"","_relevanssi_related_posts":"","_relevanssi_noindex_reason":""},"product_brand":[],"product_cat":[4733,4882,4701,4705,4881],"product_tag":[4919,4915,5166,4917,4914,4918,5095,5004,5096,4920],"class_list":{"0":"post-302590","1":"product","2":"type-product","3":"status-publish","4":"has-post-thumbnail","6":"product_cat-alle-aromen","7":"product_cat-aromen-ohne-sucralose","8":"product_cat-aromen","9":"product_cat-frucht-aromen-liquid-e-zigarette","10":"product_cat-my-eliquid-aromen","11":"product_tag-dampfer","12":"product_tag-e-liquid","13":"product_tag-e-zigarette","14":"product_tag-e-zigi","15":"product_tag-eliquid","16":"product_tag-ezigarette","17":"product_tag-himbeere","18":"product_tag-nachfuellfluessigkeit","19":"product_tag-raspberry","20":"product_tag-verdampfer","21":"product_shipping_class-standard","23":"first","24":"outofstock","25":"taxable","26":"shipping-taxable","27":"purchasable","28":"product-type-variable"},"acf":[],"_links":{"self":[{"href":"https:\/\/my-eliquid.de\/en\/wp-json\/wp\/v2\/product\/302590","targetHints":{"allow":["GET"]}}],"collection":[{"href":"https:\/\/my-eliquid.de\/en\/wp-json\/wp\/v2\/product"}],"about":[{"href":"https:\/\/my-eliquid.de\/en\/wp-json\/wp\/v2\/types\/product"}],"replies":[{"embeddable":true,"href":"https:\/\/my-eliquid.de\/en\/wp-json\/wp\/v2\/comments?post=302590"}],"wp:featuredmedia":[{"embeddable":true,"href":"https:\/\/my-eliquid.de\/en\/wp-json\/wp\/v2\/media\/319683"}],"wp:attachment":[{"href":"https:\/\/my-eliquid.de\/en\/wp-json\/wp\/v2\/media?parent=302590"}],"wp:term":[{"taxonomy":"product_brand","embeddable":true,"href":"https:\/\/my-eliquid.de\/en\/wp-json\/wp\/v2\/product_brand?post=302590"},{"taxonomy":"product_cat","embeddable":true,"href":"https:\/\/my-eliquid.de\/en\/wp-json\/wp\/v2\/product_cat?post=302590"},{"taxonomy":"product_tag","embeddable":true,"href":"https:\/\/my-eliquid.de\/en\/wp-json\/wp\/v2\/product_tag?post=302590"}],"curies":[{"name":"wp","href":"https:\/\/api.w.org\/{rel}","templated":true}]}}