{"id":302615,"date":"2018-12-07T00:00:00","date_gmt":"2018-12-06T23:00:00","guid":{"rendered":"https:\/\/my-eliquid.de\/shop\/mel-aroma-black-tea\/"},"modified":"2026-04-07T12:26:55","modified_gmt":"2026-04-07T10:26:55","slug":"mel-aroma-black-tea","status":"publish","type":"product","link":"https:\/\/my-eliquid.de\/en\/shop\/mel-aroma-black-tea\/","title":{"rendered":"Black Tea Aroma"},"content":{"rendered":"<p>Our <strong>NON PLUS ULTRA Black Tea Aroma<\/strong> ist nat\u00fcrlich belassen um <strong>deiner eigenen Tee Kreation<\/strong> keine Grenzen zu lassen.<\/p>\n<p>Magst du es noch etwas s\u00fc\u00dfer? Dann machs dir selbst! mit unseren <strong>DIY Liquid Aromen!<\/strong><\/p>\n<p>The\u00a0<strong>Black Tea Aroma<\/strong>\u00a0eignet sich zum Aromatisieren und Herstellen von\u00a0<strong>own liquids<\/strong>\u00a0and can be mixed with other flavors.<\/p>\n<p>This allows you to create new, individual liquids time and time again!<\/p>\n<p><strong>Aromen d\u00fcrfen nicht unverd\u00fcnnt verwendet werden und m\u00fcssen immer einer Base zugesetzt werden.<\/strong><\/p>","protected":false},"excerpt":{"rendered":"<p>Have you been looking for it everywhere?  Then you now have the <strong>Non Plus Ultra<\/strong> found! <strong>Black Tea Aroma<\/strong> left natural to refine yourself.<\/p>","protected":false},"featured_media":319874,"comment_status":"open","ping_status":"closed","template":"","meta":{"_acf_changed":false,"_relevanssi_hide_post":"","_relevanssi_hide_content":"","_relevanssi_pin_for_all":"","_relevanssi_pin_keywords":"","_relevanssi_unpin_keywords":"","_relevanssi_related_keywords":"","_relevanssi_related_include_ids":"","_relevanssi_related_exclude_ids":"","_relevanssi_related_no_append":"","_relevanssi_related_not_related":"","_relevanssi_related_posts":"","_relevanssi_noindex_reason":""},"product_brand":[],"product_cat":[4733,4882,4701,4702,4881,4792,4722,4712],"product_tag":[1399,6847,6892,6717,5805,6893,6612,5162],"class_list":{"0":"post-302615","1":"product","2":"type-product","3":"status-publish","4":"has-post-thumbnail","6":"product_cat-alle-aromen","7":"product_cat-aromen-ohne-sucralose","8":"product_cat-aromen","9":"product_cat-drinks-aromen-liquid-e-zigarette","10":"product_cat-my-eliquid-aromen","11":"product_cat-neue-aromen","12":"product_cat-neuheiten","13":"product_cat-special-aromen-liquid-e-zigarette","14":"product_tag-aroma","15":"product_tag-aromen","16":"product_tag-black","17":"product_tag-diy","18":"product_tag-liquid","19":"product_tag-schwarzer","20":"product_tag-tea","21":"product_tag-tee","22":"product_shipping_class-standard","24":"first","25":"instock","26":"taxable","27":"shipping-taxable","28":"purchasable","29":"product-type-variable"},"acf":[],"_links":{"self":[{"href":"https:\/\/my-eliquid.de\/en\/wp-json\/wp\/v2\/product\/302615","targetHints":{"allow":["GET"]}}],"collection":[{"href":"https:\/\/my-eliquid.de\/en\/wp-json\/wp\/v2\/product"}],"about":[{"href":"https:\/\/my-eliquid.de\/en\/wp-json\/wp\/v2\/types\/product"}],"replies":[{"embeddable":true,"href":"https:\/\/my-eliquid.de\/en\/wp-json\/wp\/v2\/comments?post=302615"}],"wp:featuredmedia":[{"embeddable":true,"href":"https:\/\/my-eliquid.de\/en\/wp-json\/wp\/v2\/media\/319874"}],"wp:attachment":[{"href":"https:\/\/my-eliquid.de\/en\/wp-json\/wp\/v2\/media?parent=302615"}],"wp:term":[{"taxonomy":"product_brand","embeddable":true,"href":"https:\/\/my-eliquid.de\/en\/wp-json\/wp\/v2\/product_brand?post=302615"},{"taxonomy":"product_cat","embeddable":true,"href":"https:\/\/my-eliquid.de\/en\/wp-json\/wp\/v2\/product_cat?post=302615"},{"taxonomy":"product_tag","embeddable":true,"href":"https:\/\/my-eliquid.de\/en\/wp-json\/wp\/v2\/product_tag?post=302615"}],"curies":[{"name":"wp","href":"https:\/\/api.w.org\/{rel}","templated":true}]}}