{"id":303312,"date":"2017-09-05T00:00:00","date_gmt":"2017-09-04T22:00:00","guid":{"rendered":"https:\/\/my-eliquid.de\/shop\/himbeer-hammer-liquid\/"},"modified":"2025-11-25T13:49:55","modified_gmt":"2025-11-25T12:49:55","slug":"himbeer-hammer-liquid","status":"publish","type":"product","link":"https:\/\/my-eliquid.de\/en\/shop\/himbeer-hammer-liquid\/","title":{"rendered":"Raspberry Hammer Liquid"},"content":{"rendered":"<p>Our <strong>Raspberry Hammer Liquid<\/strong> with its full-bodied <strong>Raspberry flavor<\/strong> comes from the line of <strong>Fruit liquids<\/strong>. Die volle Kraft der Himbeere mit Lemon, Vanille und Menthol, entfaltet sich in dieser sehr angenehm s\u00fc\u00dflichen Sorte. All unsere Fl\u00fcssigkeiten werden bei uns vor Ort produziert und entsprechen h\u00f6chsten Sicherheitsstandards. Das <strong>Raspberry Hammer Liquid<\/strong> is nicotine-free and available in different nicotine strengths. For a long-lasting, pleasant taste, we recommend <strong>e-Liquid<\/strong> Store away from light and in a dry place.<\/p>","protected":false},"excerpt":{"rendered":"<p>Weil sich die Sorten mit <strong>Raspberry<\/strong> so gro\u00dfer Beliebtheit erfreuen, haben wir ein hammerm\u00e4\u00dfiges <strong>Himbeer Liquid<\/strong> mit lieblich-frischer Komponente zusammengestellt.<\/p>","protected":false},"featured_media":319282,"comment_status":"open","ping_status":"closed","template":"","meta":{"_acf_changed":false,"_relevanssi_hide_post":"","_relevanssi_hide_content":"","_relevanssi_pin_for_all":"","_relevanssi_pin_keywords":"","_relevanssi_unpin_keywords":"","_relevanssi_related_keywords":"","_relevanssi_related_include_ids":"","_relevanssi_related_exclude_ids":"","_relevanssi_related_no_append":"","_relevanssi_related_not_related":"","_relevanssi_related_posts":"","_relevanssi_noindex_reason":""},"product_brand":[],"product_cat":[4731,4690,4689,4880,4842],"product_tag":[6927,6926,5805],"class_list":{"0":"post-303312","1":"product","2":"type-product","3":"status-publish","4":"has-post-thumbnail","6":"product_cat-alle-liquids-fur-e-zigaretten","7":"product_cat-frucht-liquids-e-zigarette","8":"product_cat-eliquids","9":"product_cat-liquids-ohne-sucralose","10":"product_cat-my-eliquid-liquids","11":"product_tag-hammer","12":"product_tag-himbeer","13":"product_tag-liquid","14":"product_shipping_class-standard","16":"first","17":"outofstock","18":"taxable","19":"shipping-taxable","20":"purchasable","21":"product-type-variable"},"acf":[],"_links":{"self":[{"href":"https:\/\/my-eliquid.de\/en\/wp-json\/wp\/v2\/product\/303312","targetHints":{"allow":["GET"]}}],"collection":[{"href":"https:\/\/my-eliquid.de\/en\/wp-json\/wp\/v2\/product"}],"about":[{"href":"https:\/\/my-eliquid.de\/en\/wp-json\/wp\/v2\/types\/product"}],"replies":[{"embeddable":true,"href":"https:\/\/my-eliquid.de\/en\/wp-json\/wp\/v2\/comments?post=303312"}],"wp:featuredmedia":[{"embeddable":true,"href":"https:\/\/my-eliquid.de\/en\/wp-json\/wp\/v2\/media\/319282"}],"wp:attachment":[{"href":"https:\/\/my-eliquid.de\/en\/wp-json\/wp\/v2\/media?parent=303312"}],"wp:term":[{"taxonomy":"product_brand","embeddable":true,"href":"https:\/\/my-eliquid.de\/en\/wp-json\/wp\/v2\/product_brand?post=303312"},{"taxonomy":"product_cat","embeddable":true,"href":"https:\/\/my-eliquid.de\/en\/wp-json\/wp\/v2\/product_cat?post=303312"},{"taxonomy":"product_tag","embeddable":true,"href":"https:\/\/my-eliquid.de\/en\/wp-json\/wp\/v2\/product_tag?post=303312"}],"curies":[{"name":"wp","href":"https:\/\/api.w.org\/{rel}","templated":true}]}}