{"id":305027,"date":"2023-07-04T00:00:00","date_gmt":"2023-07-03T22:00:00","guid":{"rendered":"https:\/\/my-eliquid.de\/shop\/voopoo-ito-x-pod-tank-verdampfer-ohne-coil\/"},"modified":"2025-11-25T13:54:35","modified_gmt":"2025-11-25T12:54:35","slug":"voopoo-ito-x-pod-tank-verdampfer-ohne-coil","status":"publish","type":"product","link":"https:\/\/my-eliquid.de\/en\/shop\/voopoo-ito-x-pod-tank-verdampfer-ohne-coil\/","title":{"rendered":"Voopoo | ITO-X Pod Tank Vaporizer | Ohn Coil"},"content":{"rendered":"<p>The\u00a0<strong>VooPoo ITO-X Pod\u00a0<\/strong>ist der passende Verdampfer f\u00fcr das\u00a0<span><strong>VooPoo Drag Q Kit<\/strong>\u00a0<\/span>mit einem F\u00fcllvolumen von\u00a0<strong>3,5 ml<\/strong>. Der Verdampfer l\u00e4sst sich bequem per Topfilling bef\u00fcllen ohne den Pod vom Akkutr\u00e4ger entfernen zu m\u00fcssen.<\/p>\n<p><span>Hauptmerkmale:<\/span><\/p>\n<ul>\n<li>Tankvolumen: 3,5 ml<\/li>\n<li>Top Filling<\/li>\n<li>subohm-f\u00e4hig<\/li>\n<\/ul>","protected":false},"excerpt":{"rendered":"<p><span><strong>VooPoo ITO-X Pod 3.5ml vaporizer<\/strong><\/span><\/p>","protected":false},"featured_media":319669,"comment_status":"open","ping_status":"closed","template":"","meta":{"_acf_changed":false,"_relevanssi_hide_post":"","_relevanssi_hide_content":"","_relevanssi_pin_for_all":"","_relevanssi_pin_keywords":"","_relevanssi_unpin_keywords":"","_relevanssi_related_keywords":"","_relevanssi_related_include_ids":"","_relevanssi_related_exclude_ids":"","_relevanssi_related_no_append":"","_relevanssi_related_not_related":"","_relevanssi_related_posts":"","_relevanssi_noindex_reason":""},"product_brand":[],"product_cat":[4788,4713,4771,4780,4774,4898],"product_tag":[6742,1391,5411,6358,6712,6410,6090,5859,7457,6747,5339,6783,6483],"class_list":{"0":"post-305027","1":"product","2":"type-product","3":"status-publish","4":"has-post-thumbnail","6":"product_cat-clearomizer","7":"product_cat-e-zigaretten","8":"product_cat-e-zigaretten-fuer-einsteiger","9":"product_cat-ersatzteile","10":"product_cat-verdampfer","11":"product_cat-voopoo","12":"product_tag-argus","13":"product_tag-bitte","14":"product_tag-e-zigaretten","15":"product_tag-einsteiger","16":"product_tag-fuer","17":"product_tag-kit","18":"product_tag-mod","19":"product_tag-pod","20":"product_tag-q","21":"product_tag-sets","22":"product_tag-tankverdampfer","23":"product_tag-tube","24":"product_tag-voopoo","25":"product_shipping_class-standard","27":"first","28":"instock","29":"taxable","30":"shipping-taxable","31":"purchasable","32":"product-type-variable"},"acf":[],"_links":{"self":[{"href":"https:\/\/my-eliquid.de\/en\/wp-json\/wp\/v2\/product\/305027","targetHints":{"allow":["GET"]}}],"collection":[{"href":"https:\/\/my-eliquid.de\/en\/wp-json\/wp\/v2\/product"}],"about":[{"href":"https:\/\/my-eliquid.de\/en\/wp-json\/wp\/v2\/types\/product"}],"replies":[{"embeddable":true,"href":"https:\/\/my-eliquid.de\/en\/wp-json\/wp\/v2\/comments?post=305027"}],"wp:featuredmedia":[{"embeddable":true,"href":"https:\/\/my-eliquid.de\/en\/wp-json\/wp\/v2\/media\/319669"}],"wp:attachment":[{"href":"https:\/\/my-eliquid.de\/en\/wp-json\/wp\/v2\/media?parent=305027"}],"wp:term":[{"taxonomy":"product_brand","embeddable":true,"href":"https:\/\/my-eliquid.de\/en\/wp-json\/wp\/v2\/product_brand?post=305027"},{"taxonomy":"product_cat","embeddable":true,"href":"https:\/\/my-eliquid.de\/en\/wp-json\/wp\/v2\/product_cat?post=305027"},{"taxonomy":"product_tag","embeddable":true,"href":"https:\/\/my-eliquid.de\/en\/wp-json\/wp\/v2\/product_tag?post=305027"}],"curies":[{"name":"wp","href":"https:\/\/api.w.org\/{rel}","templated":true}]}}