{"id":324692,"date":"2017-06-27T00:00:00","date_gmt":"2017-06-26T22:00:00","guid":{"rendered":"https:\/\/my-eliquid.de\/shop\/aspire-bvc-verdampferkoepfe-0-7ohm-1-6-ohm-1-8-ohm\/"},"modified":"2026-04-14T14:27:57","modified_gmt":"2026-04-14T12:27:57","slug":"aspire-bvc-verdampferkoepfe-0-7ohm-1-6-ohm-1-8-ohm","status":"publish","type":"product","link":"https:\/\/my-eliquid.de\/en\/shop\/aspire-bvc-verdampferkoepfe-0-7ohm-1-6-ohm-1-8-ohm\/","title":{"rendered":"Aspire | BVC Verdampferk\u00f6pfe | 1,6 Ohm | 1,8 Ohm"},"content":{"rendered":"<p>Als Innovation bei den <strong>Clearomizer Heads<\/strong> besitzen die <strong>BVC Verdampferk\u00f6pfe<\/strong> nicht horizontal, sondern vertikal angeordnete Drahtwendeln, die von einem Vlies aus keramischer Watte umgeben werden.<\/p>\n<p>Auf einen Glasfaserdocht wurde verzichtet, weshalb der Liquidtransport kapillar erfolgt. Somit genie\u00dfen Sie klareren und unverf\u00e4lschteren Liquidgeschmack.<\/p>\n<p>Die Verdampferk\u00f6pfe besitzen einen <strong>Widerstand von 1,6 Ohm oder 1,8 Ohm<\/strong> und sind im praktischen F\u00fcnferpack erh\u00e4ltlich.<\/p>\n<p>Bitte lassen Sie den Verdampfer nach jeder Liquidbef\u00fcllung ein paar Minuten aufrecht ruhig stehen, damit sich die Watte mit dem Liquid vollsaugen kann.<\/p>\n<p>Bitte beachten Sie, dass diese Verdampferk\u00f6pfe nicht kompatibel mit dem Nautilus und dem Nautilus Mini sind! Verwenden Sie hierf\u00fcr die Nautilus BVC K\u00f6pfe.<\/p>\n<p>Scope of delivery:<br \/>\n5 x Aspire BVC Coils<\/p>\n<p>Achtung: Dieses Angebot richtet sich ausschlie\u00dflich an Vollj\u00e4hrige. Das Jugendschutzgesetz verbietet das Angebot und die Abgabe dieses Artikels an Kinder und Jugendliche. Ein Kaufvertrag kommt nur nach erfolgreicher Alters\u00fcberpr\u00fcfung zustande. Zus\u00e4tzlich f\u00fchrt der Postbote bei der Aush\u00e4ndigung des Pakets eine \u00dcberpr\u00fcfung durch.<\/p>","protected":false},"excerpt":{"rendered":"<p>Bei den innovativen <strong>BVC Verdampferk\u00f6pfen<\/strong> von Aspire sind die Wicklungen vertikal ausgerichtet, was f\u00fcr ein intensiveres &amp; reineres Geschmackserlebnis sorgt. PASSEN NICHT F\u00dcR ASPIRE NAUTILUS PRODUKTE!<\/p>","protected":false},"featured_media":324695,"comment_status":"closed","ping_status":"closed","template":"","meta":{"_acf_changed":false,"_relevanssi_hide_post":"","_relevanssi_hide_content":"","_relevanssi_pin_for_all":"","_relevanssi_pin_keywords":"","_relevanssi_unpin_keywords":"","_relevanssi_related_keywords":"","_relevanssi_related_include_ids":"","_relevanssi_related_exclude_ids":"","_relevanssi_related_no_append":"","_relevanssi_related_not_related":"","_relevanssi_related_posts":"","_relevanssi_noindex_reason":""},"product_brand":[],"product_cat":[4818,4713,4781,4778],"product_tag":[7076,5423],"class_list":{"0":"post-324692","1":"product","2":"type-product","3":"status-publish","4":"has-post-thumbnail","6":"product_cat-aspire","7":"product_cat-e-zigaretten","8":"product_cat-e-zigaretten-hersteller","9":"product_cat-verdampferkoepfe","10":"product_tag-bvc","11":"product_tag-verdampferkoepfe","12":"product_shipping_class-standard","14":"first","15":"instock","16":"taxable","17":"shipping-taxable","18":"purchasable","19":"product-type-variable"},"acf":[],"_links":{"self":[{"href":"https:\/\/my-eliquid.de\/en\/wp-json\/wp\/v2\/product\/324692","targetHints":{"allow":["GET"]}}],"collection":[{"href":"https:\/\/my-eliquid.de\/en\/wp-json\/wp\/v2\/product"}],"about":[{"href":"https:\/\/my-eliquid.de\/en\/wp-json\/wp\/v2\/types\/product"}],"replies":[{"embeddable":true,"href":"https:\/\/my-eliquid.de\/en\/wp-json\/wp\/v2\/comments?post=324692"}],"wp:featuredmedia":[{"embeddable":true,"href":"https:\/\/my-eliquid.de\/en\/wp-json\/wp\/v2\/media\/324695"}],"wp:attachment":[{"href":"https:\/\/my-eliquid.de\/en\/wp-json\/wp\/v2\/media?parent=324692"}],"wp:term":[{"taxonomy":"product_brand","embeddable":true,"href":"https:\/\/my-eliquid.de\/en\/wp-json\/wp\/v2\/product_brand?post=324692"},{"taxonomy":"product_cat","embeddable":true,"href":"https:\/\/my-eliquid.de\/en\/wp-json\/wp\/v2\/product_cat?post=324692"},{"taxonomy":"product_tag","embeddable":true,"href":"https:\/\/my-eliquid.de\/en\/wp-json\/wp\/v2\/product_tag?post=324692"}],"curies":[{"name":"wp","href":"https:\/\/api.w.org\/{rel}","templated":true}]}}