{"id":324704,"date":"2026-03-26T11:06:44","date_gmt":"2026-03-26T10:06:44","guid":{"rendered":"https:\/\/my-eliquid.de\/shop\/uwell-yearn-ersatzpods-2-2\/"},"modified":"2026-03-26T11:20:14","modified_gmt":"2026-03-26T10:20:14","slug":"uwell-yearn-ersatzpods-2-2","status":"publish","type":"product","link":"https:\/\/my-eliquid.de\/en\/shop\/uwell-yearn-ersatzpods-2-2\/","title":{"rendered":"UWELL Caliburn Explorer Ersatzpods 2er Packung"},"content":{"rendered":"<h2>Uwell Caliburn Explorer Ersatzpods<\/h2>\n<p>The <strong>Uwell Caliburn Explorer Ersatzpods<\/strong> bieten ein innovatives <strong>2-Kammer-System<\/strong>, das maximale Flexibilit\u00e4t beim Dampfen erm\u00f6glicht. Jede Kammer verf\u00fcgt \u00fcber ein eigenes F\u00fcllvolumen, wodurch sich unterschiedliche Liquids parallel nutzen lassen.<\/p>\n<p>Mit einem Gesamtvolumen von <strong>4 ml<\/strong> (je <strong>2 ml pro Kammer<\/strong>) sind die Pods ideal f\u00fcr den t\u00e4glichen Einsatz geeignet.<\/p>\n<p>Die Pods sind kompatibel mit dem <strong>Uwell Caliburn Explorer Pod Mod<\/strong> sowie den <strong>UN2 Verdampferk\u00f6pfen der Caliburn G und G2 Serie<\/strong>.<\/p>\n<h3>Produktdetails<\/h3>\n<ul>\n<li>Innovatives 2-Kammer-System<\/li>\n<li>Gesamtf\u00fcllvolumen: 4 ml<\/li>\n<li>2 ml pro Kammer<\/li>\n<li>Flexible Nutzung verschiedener Liquids<\/li>\n<li>Einfaches Nachf\u00fcllen<\/li>\n<\/ul>\n<h3>Kompatibilit\u00e4t<\/h3>\n<ul>\n<li>Uwell Caliburn Explorer Pod Mod<\/li>\n<li>UN2 Coils der Caliburn G &amp; G2 Serie<\/li>\n<\/ul>\n<h3>Scope of delivery<\/h3>\n<ul>\n<li>2 x Uwell Caliburn Explorer Ersatzpods<\/li>\n<\/ul>\n<h3>Jugendschutz<\/h3>\n<p>Dieses Angebot richtet sich ausschlie\u00dflich an vollj\u00e4hrige Personen. Die Abgabe an Kinder und Jugendliche ist gesetzlich verboten. Ein Kaufvertrag kommt nur nach erfolgreicher Alterspr\u00fcfung zustande. Bei der Zustellung erfolgt zus\u00e4tzlich eine Alterskontrolle.<\/p>","protected":false},"excerpt":{"rendered":"<p>Die UWELL Caliburn Explorer Pods. Gesamtf\u00fcllvolumen: 4 ml<\/p>","protected":false},"featured_media":324713,"comment_status":"closed","ping_status":"closed","template":"","meta":{"_acf_changed":false,"_relevanssi_hide_post":"","_relevanssi_hide_content":"","_relevanssi_pin_for_all":"","_relevanssi_pin_keywords":"","_relevanssi_unpin_keywords":"","_relevanssi_related_keywords":"","_relevanssi_related_include_ids":"","_relevanssi_related_exclude_ids":"","_relevanssi_related_no_append":"","_relevanssi_related_not_related":"","_relevanssi_related_posts":"","_relevanssi_noindex_reason":""},"product_brand":[],"product_cat":[4713,4781,4886,4856,4889,4778],"product_tag":[],"class_list":{"0":"post-324704","1":"product","2":"type-product","3":"status-publish","4":"has-post-thumbnail","6":"product_cat-e-zigaretten","7":"product_cat-e-zigaretten-hersteller","8":"product_cat-lagerverkauf-hardware-sale","9":"product_cat-lager-verkauf","10":"product_cat-uwell","11":"product_cat-verdampferkoepfe","12":"product_shipping_class-standard","14":"first","15":"instock","16":"taxable","17":"shipping-taxable","18":"purchasable","19":"product-type-simple"},"acf":[],"_links":{"self":[{"href":"https:\/\/my-eliquid.de\/en\/wp-json\/wp\/v2\/product\/324704","targetHints":{"allow":["GET"]}}],"collection":[{"href":"https:\/\/my-eliquid.de\/en\/wp-json\/wp\/v2\/product"}],"about":[{"href":"https:\/\/my-eliquid.de\/en\/wp-json\/wp\/v2\/types\/product"}],"replies":[{"embeddable":true,"href":"https:\/\/my-eliquid.de\/en\/wp-json\/wp\/v2\/comments?post=324704"}],"wp:featuredmedia":[{"embeddable":true,"href":"https:\/\/my-eliquid.de\/en\/wp-json\/wp\/v2\/media\/324713"}],"wp:attachment":[{"href":"https:\/\/my-eliquid.de\/en\/wp-json\/wp\/v2\/media?parent=324704"}],"wp:term":[{"taxonomy":"product_brand","embeddable":true,"href":"https:\/\/my-eliquid.de\/en\/wp-json\/wp\/v2\/product_brand?post=324704"},{"taxonomy":"product_cat","embeddable":true,"href":"https:\/\/my-eliquid.de\/en\/wp-json\/wp\/v2\/product_cat?post=324704"},{"taxonomy":"product_tag","embeddable":true,"href":"https:\/\/my-eliquid.de\/en\/wp-json\/wp\/v2\/product_tag?post=324704"}],"curies":[{"name":"wp","href":"https:\/\/api.w.org\/{rel}","templated":true}]}}