{"id":324899,"date":"2026-04-09T13:49:41","date_gmt":"2026-04-09T11:49:41","guid":{"rendered":"https:\/\/my-eliquid.de\/shop\/geekvape-10meter-ka1-wire-26ga-4\/"},"modified":"2026-04-09T13:58:40","modified_gmt":"2026-04-09T11:58:40","slug":"geekvape-10meter-ka1-wire-26ga-4","status":"publish","type":"product","link":"https:\/\/my-eliquid.de\/en\/shop\/geekvape-10meter-ka1-wire-26ga-4\/","title":{"rendered":"GeekVape |  DIY Ni80 Wire ZN03  | 24GA | Wickeldraht"},"content":{"rendered":"<p><strong>GeekVape 10 Meter DIY Ni80 Wire 24GA Wickeldraht<\/strong><\/p>\n<p style=\"line-height: 19px;\">Hier erh\u00e4lst Du Nickel Ni80 Draht auf einer Rolle zum Erstellen eigener Wicklungen. Nickel hat ein schnelles Ansprechverhalten und wird vor allem zum Dampfen im Temperaturmodus verwendet. Aber auch auf Mechanischen Akkutr\u00e4gern macht Nickeldraht eine gute Figur. Bitte w\u00e4hle im Produkt Deine gew\u00fcnschte Drahtst\u00e4rke.<\/p>\n<p style=\"line-height: 19px;\">Produced by GeekVape<\/p>\n<p style=\"line-height: 19px;\">Material: Nickel Ni80  9,14-Meter-Rolle Drahtst\u00e4rke: Ni80 24ga 0.5m x 10m 1.89Ohm<\/p>\n<p>This offer is intended exclusively for adults. The Youth Protection Act prohibits the offer and sale of this item to children and adolescents. A purchase contract is only concluded after successful age verification. In addition, the postman will carry out a check when delivering the package.<\/p>","protected":false},"excerpt":{"rendered":"<p>GeekVape 10 Meter DIY Ni80 Wire 24GA Wickeldraht<\/p>","protected":false},"featured_media":324900,"comment_status":"closed","ping_status":"closed","template":"","meta":{"_acf_changed":false,"_relevanssi_hide_post":"","_relevanssi_hide_content":"","_relevanssi_pin_for_all":"","_relevanssi_pin_keywords":"","_relevanssi_unpin_keywords":"","_relevanssi_related_keywords":"","_relevanssi_related_include_ids":"","_relevanssi_related_exclude_ids":"","_relevanssi_related_no_append":"","_relevanssi_related_not_related":"","_relevanssi_related_posts":"","_relevanssi_noindex_reason":""},"product_brand":[],"product_cat":[4890,4776,4719,4793],"product_tag":[],"class_list":{"0":"post-324899","1":"product","2":"type-product","3":"status-publish","4":"has-post-thumbnail","6":"product_cat-draht","7":"product_cat-draht-und-watte","8":"product_cat-selbstwickler-dampfer","9":"product_cat-e-zigaretten-liquid-basen-aroma-vape-sale","10":"product_shipping_class-standard","12":"first","13":"instock","14":"taxable","15":"shipping-taxable","16":"purchasable","17":"product-type-simple"},"acf":[],"_links":{"self":[{"href":"https:\/\/my-eliquid.de\/en\/wp-json\/wp\/v2\/product\/324899","targetHints":{"allow":["GET"]}}],"collection":[{"href":"https:\/\/my-eliquid.de\/en\/wp-json\/wp\/v2\/product"}],"about":[{"href":"https:\/\/my-eliquid.de\/en\/wp-json\/wp\/v2\/types\/product"}],"replies":[{"embeddable":true,"href":"https:\/\/my-eliquid.de\/en\/wp-json\/wp\/v2\/comments?post=324899"}],"wp:featuredmedia":[{"embeddable":true,"href":"https:\/\/my-eliquid.de\/en\/wp-json\/wp\/v2\/media\/324900"}],"wp:attachment":[{"href":"https:\/\/my-eliquid.de\/en\/wp-json\/wp\/v2\/media?parent=324899"}],"wp:term":[{"taxonomy":"product_brand","embeddable":true,"href":"https:\/\/my-eliquid.de\/en\/wp-json\/wp\/v2\/product_brand?post=324899"},{"taxonomy":"product_cat","embeddable":true,"href":"https:\/\/my-eliquid.de\/en\/wp-json\/wp\/v2\/product_cat?post=324899"},{"taxonomy":"product_tag","embeddable":true,"href":"https:\/\/my-eliquid.de\/en\/wp-json\/wp\/v2\/product_tag?post=324899"}],"curies":[{"name":"wp","href":"https:\/\/api.w.org\/{rel}","templated":true}]}}