{"id":324984,"date":"2026-04-15T13:49:34","date_gmt":"2026-04-15T11:49:34","guid":{"rendered":"https:\/\/my-eliquid.de\/shop\/j-well-bcs-coil-5er-packung\/"},"modified":"2026-04-15T14:03:11","modified_gmt":"2026-04-15T12:03:11","slug":"j-well-bcs-coil-5er-packung","status":"publish","type":"product","link":"https:\/\/my-eliquid.de\/en\/shop\/j-well-bcs-coil-5er-packung\/","title":{"rendered":"J Well BCS Coil 5er Packung"},"content":{"rendered":"<h2>J Well Fiber Freaks Coils \u2013 5er Pack<\/h2>\n<p>The <strong>J Well Fiber Freaks Coils<\/strong> bieten eine starke Leistung und hervorragende Geschmacksentwicklung f\u00fcr anspruchsvolle Dampfer. Dank der hochwertigen Verarbeitung und innovativen Bauweise sorgen sie f\u00fcr ein gleichm\u00e4\u00dfiges und intensives Dampferlebnis.<\/p>\n<p>Die Coils verf\u00fcgen \u00fcber <strong>duale, parallel verlaufende vertikale Wicklungen aus Kanthal<\/strong>, die eine effiziente Verdampfung sowie eine starke Dampfproduktion erm\u00f6glichen.<\/p>\n<p>Gro\u00dfe <strong>Luft\u00f6ffnungen<\/strong> sorgen zus\u00e4tzlich f\u00fcr eine optimale Luftzirkulation und unterst\u00fctzen die Geschmacksentfaltung.<\/p>\n<h3>Produktdetails<\/h3>\n<ul>\n<li>Original J Well Fiber Freaks Coils<\/li>\n<li>Duale vertikale Kanthal-Wicklung<\/li>\n<li>Gro\u00dfe Luft\u00f6ffnungen f\u00fcr optimale Airflow<\/li>\n<li>Intensiver Geschmack und dichte Dampfentwicklung<\/li>\n<li>Zuverl\u00e4ssig und langlebig<\/li>\n<\/ul>\n<h3>Varianten<\/h3>\n<ul>\n<li>\n    <strong>0,2 Ohm:<\/strong><br \/>\n    Leistungsbereich: 35 &#8211; 65 Watt<br \/>\n    Empfohlen: 30 &#8211; 45 Watt\n  <\/li>\n<li>\n    <strong>0,5 Ohm:<\/strong><br \/>\n    Leistungsbereich: 30 &#8211; 50 Watt<br \/>\n    Empfohlen: 30 &#8211; 40 Watt\n  <\/li>\n<\/ul>\n<h3>Technische Daten<\/h3>\n<ul>\n<li>Widerst\u00e4nde: 0,2 Ohm \/ 0,5 Ohm<\/li>\n<li>Material: Kanthal<\/li>\n<li>Coil-Typ: Duale, vertikale Wicklung<\/li>\n<\/ul>\n<h3>Scope of delivery<\/h3>\n<ul>\n<li>1 x 5er Pack J Well Fiber Freaks Coils<\/li>\n<\/ul>\n<h3>Jugendschutz<\/h3>\n<p>Dieses Angebot richtet sich ausschlie\u00dflich an vollj\u00e4hrige Personen. Die Abgabe an Kinder und Jugendliche ist gesetzlich verboten. Ein Kaufvertrag kommt nur nach erfolgreicher Alterspr\u00fcfung zustande. Bei der Zustellung erfolgt zus\u00e4tzlich eine Alterskontrolle.<\/p>","protected":false},"excerpt":{"rendered":"<p>J Well BCS Coils <\/p>","protected":false},"featured_media":324989,"comment_status":"closed","ping_status":"closed","template":"","meta":{"_acf_changed":false,"_relevanssi_hide_post":"","_relevanssi_hide_content":"","_relevanssi_pin_for_all":"","_relevanssi_pin_keywords":"","_relevanssi_unpin_keywords":"","_relevanssi_related_keywords":"","_relevanssi_related_include_ids":"","_relevanssi_related_exclude_ids":"","_relevanssi_related_no_append":"","_relevanssi_related_not_related":"","_relevanssi_related_posts":"","_relevanssi_noindex_reason":""},"product_brand":[],"product_cat":[4793,4778],"product_tag":[],"class_list":{"0":"post-324984","1":"product","2":"type-product","3":"status-publish","4":"has-post-thumbnail","6":"product_cat-e-zigaretten-liquid-basen-aroma-vape-sale","7":"product_cat-verdampferkoepfe","8":"product_shipping_class-standard","10":"first","11":"instock","12":"taxable","13":"shipping-taxable","14":"purchasable","15":"product-type-variable"},"acf":[],"_links":{"self":[{"href":"https:\/\/my-eliquid.de\/en\/wp-json\/wp\/v2\/product\/324984","targetHints":{"allow":["GET"]}}],"collection":[{"href":"https:\/\/my-eliquid.de\/en\/wp-json\/wp\/v2\/product"}],"about":[{"href":"https:\/\/my-eliquid.de\/en\/wp-json\/wp\/v2\/types\/product"}],"replies":[{"embeddable":true,"href":"https:\/\/my-eliquid.de\/en\/wp-json\/wp\/v2\/comments?post=324984"}],"wp:featuredmedia":[{"embeddable":true,"href":"https:\/\/my-eliquid.de\/en\/wp-json\/wp\/v2\/media\/324989"}],"wp:attachment":[{"href":"https:\/\/my-eliquid.de\/en\/wp-json\/wp\/v2\/media?parent=324984"}],"wp:term":[{"taxonomy":"product_brand","embeddable":true,"href":"https:\/\/my-eliquid.de\/en\/wp-json\/wp\/v2\/product_brand?post=324984"},{"taxonomy":"product_cat","embeddable":true,"href":"https:\/\/my-eliquid.de\/en\/wp-json\/wp\/v2\/product_cat?post=324984"},{"taxonomy":"product_tag","embeddable":true,"href":"https:\/\/my-eliquid.de\/en\/wp-json\/wp\/v2\/product_tag?post=324984"}],"curies":[{"name":"wp","href":"https:\/\/api.w.org\/{rel}","templated":true}]}}