{"id":155309,"date":"2015-06-25T00:00:00","date_gmt":"2015-06-24T22:00:00","guid":{"rendered":"https:\/\/melvx.my-eliquid.de\/shop\/my-eliquid-sortiment\/ezigaretten-zubehoer\/flaschen-aufbewahrung\/kanister-200ml-liquid-tropfler\/"},"modified":"2025-11-29T12:32:29","modified_gmt":"2025-11-29T11:32:29","slug":"kanister-200ml-liquid-tropfler","status":"publish","type":"product","link":"https:\/\/my-eliquid.de\/en_gb\/shop\/kanister-200ml-liquid-tropfler\/","title":{"rendered":"200 ml liquid canister"},"content":{"rendered":"<p>Endlich gibt es den Liquid Kanister f\u00fcr den heimischen Tisch.<br \/>\nMit einer Kapazit\u00e4t von 200 ml ist er f\u00fcr ein Allday Liquid oder f\u00fcr einen Dampfer Stammtisch genau richtig dimensioniert.<br \/>\nDurch den Pumpdosierer ist er f\u00fcr Tr\u00f6pfelverdampfer besonders geeignet.<br \/>\nJe Hub werden ca 0,3 ml Liquid abgegeben.<br \/>\nWird der Kopf nach unten gedr\u00fcckt kann er verriegelt werden und unterbindet ein versehentliches Auslaufen.<\/p>","protected":false},"excerpt":{"rendered":"<p>200 ml canister for any party or all-day liquid. Includes pump dispenser.<\/p>","protected":false},"featured_media":319655,"comment_status":"open","ping_status":"closed","template":"","meta":{"_acf_changed":false,"_relevanssi_hide_post":"","_relevanssi_hide_content":"","_relevanssi_pin_for_all":"","_relevanssi_pin_keywords":"","_relevanssi_unpin_keywords":"","_relevanssi_related_keywords":"","_relevanssi_related_include_ids":"","_relevanssi_related_exclude_ids":"","_relevanssi_related_no_append":"","_relevanssi_related_not_related":"","_relevanssi_related_posts":"","_relevanssi_noindex_reason":""},"product_brand":[],"product_cat":[4717],"product_tag":[7326,5315,4983,7327,5805,6732],"class_list":{"0":"post-155309","1":"product","2":"type-product","3":"status-publish","4":"has-post-thumbnail","6":"product_cat-flaschen-aufbewahrung","7":"product_tag-7326","8":"product_tag-behaelter","9":"product_tag-flaschen","10":"product_tag-kanister","11":"product_tag-liquid","12":"product_tag-ml","13":"product_shipping_class-standard","14":"pa_ageverification-nein","15":"pa_color-goldcarbon","16":"pa_filling_quantity-10ml","17":"pa_generate_meta-nein","18":"pa_mixture_ratio-pg50_vg50","19":"pa_nicotin-n_a","20":"pa_product_suggestion-nein","21":"pa_product_type-8_zubehor","22":"pa_product_weight-4218","23":"pa_weight-0_05","25":"first","26":"instock","27":"taxable","28":"shipping-taxable","29":"purchasable","30":"product-type-simple"},"acf":[],"_links":{"self":[{"href":"https:\/\/my-eliquid.de\/en_gb\/wp-json\/wp\/v2\/product\/155309","targetHints":{"allow":["GET"]}}],"collection":[{"href":"https:\/\/my-eliquid.de\/en_gb\/wp-json\/wp\/v2\/product"}],"about":[{"href":"https:\/\/my-eliquid.de\/en_gb\/wp-json\/wp\/v2\/types\/product"}],"replies":[{"embeddable":true,"href":"https:\/\/my-eliquid.de\/en_gb\/wp-json\/wp\/v2\/comments?post=155309"}],"wp:featuredmedia":[{"embeddable":true,"href":"https:\/\/my-eliquid.de\/en_gb\/wp-json\/wp\/v2\/media\/319655"}],"wp:attachment":[{"href":"https:\/\/my-eliquid.de\/en_gb\/wp-json\/wp\/v2\/media?parent=155309"}],"wp:term":[{"taxonomy":"product_brand","embeddable":true,"href":"https:\/\/my-eliquid.de\/en_gb\/wp-json\/wp\/v2\/product_brand?post=155309"},{"taxonomy":"product_cat","embeddable":true,"href":"https:\/\/my-eliquid.de\/en_gb\/wp-json\/wp\/v2\/product_cat?post=155309"},{"taxonomy":"product_tag","embeddable":true,"href":"https:\/\/my-eliquid.de\/en_gb\/wp-json\/wp\/v2\/product_tag?post=155309"}],"curies":[{"name":"wp","href":"https:\/\/api.w.org\/{rel}","templated":true}]}}