{"id":156702,"date":"2018-04-13T00:00:00","date_gmt":"2018-04-12T22:00:00","guid":{"rendered":"https:\/\/melvx.my-eliquid.de\/shop\/my-eliquid-sortiment\/ezigaretten-zubehoer\/flaschen-aufbewahrung\/dickes-einhorn-liquid-flasche-120ml-selbst-mischen\/"},"modified":"2025-11-25T13:48:12","modified_gmt":"2025-11-25T12:48:12","slug":"dickes-einhorn-liquid-flasche-120ml-selbst-mischen","status":"publish","type":"product","link":"https:\/\/my-eliquid.de\/en_gb\/shop\/dickes-einhorn-liquid-flasche-120ml-selbst-mischen\/","title":{"rendered":"Thick Unicorn | Liquid bottle 120ml"},"content":{"rendered":"<p>Dickes-Einhorn-120ml-Flasche<\/p>\n<p>Ziel des Dickes-Einhorn ist eine handliche, leicht dr\u00fcckbare und in ihrer Bauform niedrige Form.<\/p>\n<p>Eigenschaften:<\/p>\n<p><span>&#8211; Siegelerschluss (Tamper Ring)<br \/><\/span>&#8211; Eingebauter Kindersicherungsverschluss<br \/>\n&#8211; PET Flasche (Lebensmittelecht)<br \/>\n&#8211; Schmale\/Lange Bef\u00fcllspitze f\u00fcr die g\u00e4ngigsten Depots<br \/>\n&#8211; Bruchsicher der Platzhirsch im Flaschenbereich nun endlich auch in Deutschland erh\u00e4ltlich!<\/p>","protected":false},"excerpt":{"rendered":"<p><strong>Liquid bottle 120ml.<\/strong> The fat unicorn <strong>Dropper bottle 120 ml<\/strong> with drip dispenser and cap. Ideal for filling mixed <strong>Liquids made from base &amp; flavour<\/strong>.<\/p>","protected":false},"featured_media":319294,"comment_status":"open","ping_status":"closed","template":"","meta":{"_acf_changed":false,"_relevanssi_hide_post":"","_relevanssi_hide_content":"","_relevanssi_pin_for_all":"","_relevanssi_pin_keywords":"","_relevanssi_unpin_keywords":"","_relevanssi_related_keywords":"","_relevanssi_related_include_ids":"","_relevanssi_related_exclude_ids":"","_relevanssi_related_no_append":"","_relevanssi_related_not_related":"","_relevanssi_related_posts":"","_relevanssi_noindex_reason":""},"product_brand":[4564],"product_cat":[4717,4699],"product_tag":[6724,6726,4983,6725,4982],"class_list":{"0":"post-156702","1":"product","2":"type-product","3":"status-publish","4":"has-post-thumbnail","6":"product_brand-my-eliquid","7":"product_cat-flaschen-aufbewahrung","8":"product_cat-ezigaretten-zubehoer","9":"product_tag-dickes-einhorn-120ml-flasche","10":"product_tag-flasche","11":"product_tag-flaschen","12":"product_tag-squeezy","13":"product_tag-zubehoer","14":"product_shipping_class-standard","15":"pa_ageverification-nein","16":"pa_country_of_manufacture-de","17":"pa_filling_quantity-120ml","18":"pa_generate_meta-nein","19":"pa_manufacturer-my_eliquid","20":"pa_product_suggestion-nein","21":"pa_product_type-8_zubehor","22":"pa_product_weight-4218","23":"pa_weight-0_02","25":"first","26":"outofstock","27":"taxable","28":"shipping-taxable","29":"purchasable","30":"product-type-simple"},"acf":[],"_links":{"self":[{"href":"https:\/\/my-eliquid.de\/en_gb\/wp-json\/wp\/v2\/product\/156702","targetHints":{"allow":["GET"]}}],"collection":[{"href":"https:\/\/my-eliquid.de\/en_gb\/wp-json\/wp\/v2\/product"}],"about":[{"href":"https:\/\/my-eliquid.de\/en_gb\/wp-json\/wp\/v2\/types\/product"}],"replies":[{"embeddable":true,"href":"https:\/\/my-eliquid.de\/en_gb\/wp-json\/wp\/v2\/comments?post=156702"}],"wp:featuredmedia":[{"embeddable":true,"href":"https:\/\/my-eliquid.de\/en_gb\/wp-json\/wp\/v2\/media\/319294"}],"wp:attachment":[{"href":"https:\/\/my-eliquid.de\/en_gb\/wp-json\/wp\/v2\/media?parent=156702"}],"wp:term":[{"taxonomy":"product_brand","embeddable":true,"href":"https:\/\/my-eliquid.de\/en_gb\/wp-json\/wp\/v2\/product_brand?post=156702"},{"taxonomy":"product_cat","embeddable":true,"href":"https:\/\/my-eliquid.de\/en_gb\/wp-json\/wp\/v2\/product_cat?post=156702"},{"taxonomy":"product_tag","embeddable":true,"href":"https:\/\/my-eliquid.de\/en_gb\/wp-json\/wp\/v2\/product_tag?post=156702"}],"curies":[{"name":"wp","href":"https:\/\/api.w.org\/{rel}","templated":true}]}}